{"id":3022,"date":"2017-09-05T11:20:06","date_gmt":"2017-09-05T11:20:06","guid":{"rendered":"https:\/\/original-militaria.com\/?post_type=product&#038;p=3022"},"modified":"2022-01-31T19:02:48","modified_gmt":"2022-01-31T18:02:48","slug":"distintivo-de-herido-en-negro","status":"publish","type":"product","link":"https:\/\/original-militaria.com\/en\/producto\/distintivo-de-herido-en-negro\/","title":{"rendered":"Wehrmacht\/ Black Wound Badge 1939&#8211;WH\/ Distintivo de Herido en Negro 1939"},"content":{"rendered":"<p align=\"justify\"><span style=\"font-size: 12pt\"><strong><span style=\"font-family: Verdana\">ANTECEDENTES:<\/span><\/strong><span style=\"font-family: Verdana\"> El distintivo de herido\u00a0fue establecido originalmente el 3 de marzo de 1918 por rey Wilhelm II para reconocer el sacrificio de\u00a0sus heridos durante WWI. El distintivo fue instituido en tres clases:\u00a0negro, plata y\u00a0oro, reflejando cada clase concedida\u00a0el n\u00famero o la severidad de las heridas recibidas. Con el brote de WWII, el 1 de septiembre de 1939, Hitler reinstituy\u00f3 una versi\u00f3n levemente modificada de este distintivo. El distintivo fue concedido al personal no militar y uniformado y m\u00e1s adelante al personal civil que recibi\u00f3 heridas como resultado de acciones enemigas. El distintivo de herido en negro era la m\u00e1s baja de las tres clases y fue concedida para uno o dos heridas.\u00a0\u00a0\u00a0\u00a0<\/span>\u00a0<\/span><\/p>\n<p align=\"justify\"><span style=\"font-size: 12pt\"><strong><span style=\"font-family: Verdana\">DESCRIPCI\u00d3N:<\/span><\/strong><span style=\"font-family: Verdana\"> Modelo de 1939, de construcci\u00f3n magn\u00e9tica estampada. El distintivo es de forma ovalada y est\u00e1 realzado\u00a0por una guirnalda que abarca un casco M35 realzado y biselado con esv\u00e1stica. Las espadas cruzadas por debajo del casco. El ba\u00f1o negro intacto se conserva completamente. El reverso es una imagen como en un espejo, lleva su correspondiente alfiler, sin marcajes.\u00a0<\/span><\/span><\/p>\n","protected":false},"excerpt":{"rendered":"<p align=\"justify\"><strong><span style=\"font-family: Verdana;font-size: 10pt\">ANTECEDENTES:<\/span><\/strong><span style=\"font-family: Verdana;font-size: 10pt\"> El distintivo de herido\u00a0fue establecido originalmente el 3 de marzo de 1918 por rey Wilhelm II para reconocer el sacrificio de\u00a0sus heridos durante WWI. El distintivo fue instituido en tres clases:\u00a0negro, plata y\u00a0oro, reflejando cada clase concedida\u00a0el n\u00famero o la severidad de las heridas recibidas. Con el brote de WWII, el 1 de septiembre de 1939, Hitler reinstituy\u00f3 una versi\u00f3n levemente modificada de este distintivo. El distintivo fue concedido al personal no militar y uniformado y m\u00e1s adelante al personal civil que recibi\u00f3 heridas como resultado de acciones enemigas. El distintivo de herido en negro era la m\u00e1s baja de las tres clases y fue concedida para uno o dos heridas.\u00a0\u00a0\u00a0\u00a0<\/span><\/p>\n<p align=\"justify\"><strong><span style=\"font-family: Verdana;font-size: 10pt\">DESCRIPCI\u00d3N:<\/span><\/strong><span style=\"font-family: Verdana;font-size: 10pt\"> Modelo de 1939, de construcci\u00f3n magn\u00e9tica estampada. El distintivo es de forma ovalada y est\u00e1 realzado\u00a0por una guirnalda que abarca un casco M35 realzado y biselado con esv\u00e1stica. Las espadas cruzadas por debajo del casco. El ba\u00f1o negro intacto se conserva completamente. El reverso es una imagen como en un espejo, lleva su correspondiente alfiler, sin marcajes.\u00a0<\/span><\/p>\n","protected":false},"featured_media":3023,"template":"","meta":[],"product_brand":[],"product_cat":[224],"product_tag":[],"class_list":{"0":"post-3022","1":"product","2":"type-product","3":"status-publish","4":"has-post-thumbnail","6":"product_cat-archivo-vendidos","7":"sales-flash-overlay","8":"woocommerce-text-align-center","9":"woocommerce-image-align-center","10":"do-quantity-buttons","12":"first","13":"outofstock","14":"purchasable","15":"product-type-simple"},"_links":{"self":[{"href":"https:\/\/original-militaria.com\/en\/wp-json\/wp\/v2\/product\/3022","targetHints":{"allow":["GET"]}}],"collection":[{"href":"https:\/\/original-militaria.com\/en\/wp-json\/wp\/v2\/product"}],"about":[{"href":"https:\/\/original-militaria.com\/en\/wp-json\/wp\/v2\/types\/product"}],"wp:featuredmedia":[{"embeddable":true,"href":"https:\/\/original-militaria.com\/en\/wp-json\/wp\/v2\/media\/3023"}],"wp:attachment":[{"href":"https:\/\/original-militaria.com\/en\/wp-json\/wp\/v2\/media?parent=3022"}],"wp:term":[{"taxonomy":"product_brand","embeddable":true,"href":"https:\/\/original-militaria.com\/en\/wp-json\/wp\/v2\/product_brand?post=3022"},{"taxonomy":"product_cat","embeddable":true,"href":"https:\/\/original-militaria.com\/en\/wp-json\/wp\/v2\/product_cat?post=3022"},{"taxonomy":"product_tag","embeddable":true,"href":"https:\/\/original-militaria.com\/en\/wp-json\/wp\/v2\/product_tag?post=3022"}],"curies":[{"name":"wp","href":"https:\/\/api.w.org\/{rel}","templated":true}]}}