{"id":3020,"date":"2017-09-05T11:20:06","date_gmt":"2017-09-05T11:20:06","guid":{"rendered":"https:\/\/original-militaria.com\/?post_type=product&#038;p=3020"},"modified":"2022-01-31T19:02:47","modified_gmt":"2022-01-31T18:02:47","slug":"gorra-de-plato-de-suboficial-de-artiller-a","status":"publish","type":"product","link":"https:\/\/original-militaria.com\/en\/producto\/gorra-de-plato-de-suboficial-de-artiller-a\/","title":{"rendered":"Wehrmacht\/Herr, Artillery EM\/NCO&#8217;S Visor Cap &#8212; WH\/Gorra de Plato de Suboficial de Artiller\u00eda."},"content":{"rendered":"<p align=\"justify\"><span style=\"font-size: 12pt\"><strong><span style=\"font-family: Verdana\">ANTECEDENTES:<\/span><\/strong><span style=\"font-family: Verdana\"> Las gorras de plato\u00a0eran un art\u00edculo est\u00e1ndar para todos los militares en\u00a0Tercer Reich y las regulaciones dictaron como\u00a0deb\u00edan\u00a0ser usadas. Los oficiales y y suboficiales\u00a0eran responsables de comprar sus propias gorras y consecuentemente ten\u00edan un sistema de compra (Kleiderkasse del ej\u00e9rcito). Los oficiales pod\u00edan elegir comprarlas, bien en los\u00a0dep\u00f3sitos o comprarlas de confecci\u00f3n privada, estas\u00a0eran de m\u00e1s alta calidad.\u00a0Las insignias usadas en las gorras de plato\u00a0consistieron\u00a0originalmente en la guirnalda con hojas de roble del modelo\u00a0de Weimar Reichswehr y\u00a0la cucarda y el barboquejo.\u00a0En febrero de 1927 las nuevas l\u00edneas para\u00a0oficial fueron introducidas con barboquejos en hilo de plata para oficiales. El 14 de marzo de 1933 el negro del Reichswehr, el rojo y la cucarda\u00a0oval, fueron sustituidas\u00a0por una cucarda redonda con colores negro,\u00a0blanco, y\u00a0rojo (colores nacionales), y el 17 de febrero de 1934 el \u00e1guila nacional del tercer Reich para el ej\u00e9rcito fue introducida oficialmente para las gorras de plato. En marzo de 1935,\u00a0una guirnalda m\u00e1s detallada, cucarda y una segunda \u00e1guila nacional m\u00e1s grande.\u00a0A las diversas ramas de servicio dentro del ej\u00e9rcito le fueron asignados un sut\u00e1s de color (waffenfarbe) que identificaba a cada cuerpo, en este caso el vivo rojo de artiller\u00eda.\u00a0\u00a0<\/span><\/span><\/p>\n<p align=\"justify\"><span style=\"font-size: 12pt\"><strong><span style=\"font-family: Verdana\">DESCRIPCION:<\/span><\/strong><span style=\"font-family: Verdana\"> Gorra de plato (Schirmm\u00fctze) de combate para un suboficial de artiller\u00eda. \u00c1guila nacional y cocarda reglamentarias met\u00e1licas. Interior con forro negro y marcaje del fabricante.\u00a0<\/span><\/span><\/p>\n","protected":false},"excerpt":{"rendered":"<p align=\"justify\"><strong><span style=\"font-family: Verdana;font-size: 9pt\">ANTECEDENTES:<\/span><\/strong><span style=\"font-family: Verdana;font-size: 9pt\"> Las gorras de plato\u00a0eran un art\u00edculo est\u00e1ndar para todos los militares en\u00a0Tercer Reich y las regulaciones dictaron como\u00a0deb\u00edan\u00a0ser usadas. Los oficiales y y suboficiales\u00a0eran responsables de comprar sus propias gorras y consecuentemente ten\u00edan un sistema de compra (Kleiderkasse del ej\u00e9rcito). Los oficiales pod\u00edan elegir comprarlas, bien en los\u00a0dep\u00f3sitos o comprarlas de confecci\u00f3n privada, estas\u00a0eran de m\u00e1s alta calidad.\u00a0Las insignias usadas en las gorras de plato\u00a0consistieron\u00a0originalmente en la guirnalda con hojas de roble del modelo\u00a0de Weimar Reichswehr y\u00a0la cucarda y el barboquejo.\u00a0En febrero de 1927 las nuevas l\u00edneas para\u00a0oficial fueron introducidas con barboquejos en hilo de plata para oficiales. El 14 de marzo de 1933 el negro del Reichswehr, el rojo y la cucarda\u00a0oval, fueron sustituidas\u00a0por una cucarda redonda con colores negro,\u00a0blanco, y\u00a0rojo (colores nacionales), y el 17 de febrero de 1934 el \u00e1guila nacional del tercer Reich para el ej\u00e9rcito fue introducida oficialmente para las gorras de plato. En marzo de 1935,\u00a0una guirnalda m\u00e1s detallada, cucarda y una segunda \u00e1guila nacional m\u00e1s grande.\u00a0A las diversas ramas de servicio dentro del ej\u00e9rcito le fueron asignados un sut\u00e1s de color (waffenfarbe) que identificaba a cada cuerpo, en este caso el vivo rojo de artiller\u00eda.\u00a0\u00a0<\/span><\/p>\n<p align=\"justify\"><strong><span style=\"font-family: Verdana;font-size: 9pt\">DESCRIPCION:<\/span><\/strong><span style=\"font-family: Verdana;font-size: 9pt\">\u00a0Gorra de plato (Schirmm\u00fctze) de combate para un suboficial de artiller\u00eda.\u00a0\u00c1guila nacional y cucarda reglamentarias met\u00e1licas. Interior con forro negro y marcaje del fabricante.\u00a0<\/span><\/p>\n","protected":false},"featured_media":3021,"template":"","meta":[],"product_brand":[],"product_cat":[224],"product_tag":[],"class_list":{"0":"post-3020","1":"product","2":"type-product","3":"status-publish","4":"has-post-thumbnail","6":"product_cat-archivo-vendidos","7":"sales-flash-overlay","8":"woocommerce-text-align-center","9":"woocommerce-image-align-center","10":"do-quantity-buttons","12":"first","13":"outofstock","14":"purchasable","15":"product-type-simple"},"_links":{"self":[{"href":"https:\/\/original-militaria.com\/en\/wp-json\/wp\/v2\/product\/3020","targetHints":{"allow":["GET"]}}],"collection":[{"href":"https:\/\/original-militaria.com\/en\/wp-json\/wp\/v2\/product"}],"about":[{"href":"https:\/\/original-militaria.com\/en\/wp-json\/wp\/v2\/types\/product"}],"wp:featuredmedia":[{"embeddable":true,"href":"https:\/\/original-militaria.com\/en\/wp-json\/wp\/v2\/media\/3021"}],"wp:attachment":[{"href":"https:\/\/original-militaria.com\/en\/wp-json\/wp\/v2\/media?parent=3020"}],"wp:term":[{"taxonomy":"product_brand","embeddable":true,"href":"https:\/\/original-militaria.com\/en\/wp-json\/wp\/v2\/product_brand?post=3020"},{"taxonomy":"product_cat","embeddable":true,"href":"https:\/\/original-militaria.com\/en\/wp-json\/wp\/v2\/product_cat?post=3020"},{"taxonomy":"product_tag","embeddable":true,"href":"https:\/\/original-militaria.com\/en\/wp-json\/wp\/v2\/product_tag?post=3020"}],"curies":[{"name":"wp","href":"https:\/\/api.w.org\/{rel}","templated":true}]}}