{"id":23773,"date":"2021-04-01T12:16:29","date_gmt":"2021-04-01T12:16:29","guid":{"rendered":"https:\/\/original-militaria.com\/?post_type=product&#038;p=23773"},"modified":"2022-02-08T12:03:46","modified_gmt":"2022-02-08T11:03:46","slug":"luftwaffe-dak-flight-em-tropical-shoulder-strap-for-tunics-or-shirt-luftwaffe-dak-hombreras-tropicales-para-uniforme-o-camisas-de-tropa-de-unidades-de-vuelo","status":"publish","type":"product","link":"https:\/\/original-militaria.com\/en\/producto\/luftwaffe-dak-flight-em-tropical-shoulder-strap-for-tunics-or-shirt-luftwaffe-dak-hombreras-tropicales-para-uniforme-o-camisas-de-tropa-de-unidades-de-vuelo\/","title":{"rendered":"Luftwaffe\/DAK, Flight EM Tropical Shoulder Strap for Tunics, Private Purchase &#8212; Luftwaffe\/DAK, Hombreras Tropicales para Uniforme de Tropa de Unidades de Vuelo"},"content":{"rendered":"<p style=\"text-align: justify;\" align=\"justify\"><span style=\"font-family: verdana, geneva, sans-serif; font-size: 12pt;\"><strong>ANTECEDENTES:<\/strong>\u00a0El 26 de noviembre de 1938 el primer modelo sin\u00a0waffenfarben, (Subdivisi\u00f3n de Servicios de Color), utilizados por la tropa y suboficiales se sustituye por una hombrera con punta redondeada que incluye la rama del servicio (waffenfarben). Originalmente, estas\u00a0hombreras del segundo modelo se fabrican de tela hasta que la reglamentaci\u00f3n en mayo de 1940 modifica\u00a0su construcci\u00f3n sobre fondo gris de lana. Este segundo modelo fue gastado durante toda la\u00a0guerra, aunque un tercer y \u00faltimo modelo fue presentado en septiembre de 1944. El tercer modelo se mantuvo b\u00e1sicamente igual que el segundo modelo, pero eran generalmente m\u00e1s pobres en la confecci\u00f3n mediante la reciente introducci\u00f3n de color gris\/marr\u00f3n de tela que fue designado, el\u00a0gris 44 y el waffenfarben fue visible en la parte inferior. Las distintas ramas de servicio en el ej\u00e9rcito alem\u00e1n se asignaron una determinada identificaci\u00f3n de waffenfarbe o color de identificaci\u00f3n del arma en la que serv\u00edan,\u00a0de color amarillo dorado fue elegido para el personal de la Flieger, (Unidades de Vuelo).<\/span><\/p>\n<p style=\"text-align: justify;\" align=\"justify\"><span style=\"font-family: verdana, geneva, sans-serif; font-size: 12pt;\"><strong>DESCRIPCION:\u00a0<\/strong>Excelentes hombreras desmontables (Schulterklappen f\u00fcr Mannschaften fliegende Truppe) de adquisici\u00f3n privada para uniforme de tropa (aunque tambi\u00e9n sirven para camisa) del personal de vuelo (Flieger) con waffenfarbe color amarillo dorado para esta rama, de algod\u00f3n acanalado con mezcla de algod\u00f3n. Excelente estado, casi sin uso.<\/span><\/p>\n<p><span style=\"font-family: verdana, geneva, sans-serif; font-size: 12pt;\">Nota.- Aunque son para uniforme, tambi\u00e9n se usaban en las camisas, dif\u00edciles de encontrar para uniforme.<\/span><\/p>\n","protected":false},"excerpt":{"rendered":"<p>ANTECEDENTES:\u00a0El 26 de noviembre de 1938 el primer modelo sin\u00a0waffenfarben, (Subdivisi\u00f3n de Servicios de Color), utilizados por la tropa y suboficiales se sustituye por una hombrera con punta redondeada que incluye la rama del servicio (waffenfarben). Originalmente, estas\u00a0hombreras del segundo modelo se fabrican de tela hasta que la reglamentaci\u00f3n en mayo de 1940 modifica\u00a0su construcci\u00f3n &#8230; <a title=\"Luftwaffe\/DAK, Flight EM Tropical Shoulder Strap for Tunics, Private Purchase &#8212; Luftwaffe\/DAK, Hombreras Tropicales para Uniforme de Tropa de Unidades de Vuelo\" class=\"read-more\" href=\"https:\/\/original-militaria.com\/en\/producto\/luftwaffe-dak-flight-em-tropical-shoulder-strap-for-tunics-or-shirt-luftwaffe-dak-hombreras-tropicales-para-uniforme-o-camisas-de-tropa-de-unidades-de-vuelo\/\" aria-label=\"Read more about Luftwaffe\/DAK, Flight EM Tropical Shoulder Strap for Tunics, Private Purchase &#8212; Luftwaffe\/DAK, Hombreras Tropicales para Uniforme de Tropa de Unidades de Vuelo\">Leer m\u00e1s<\/a><\/p>\n","protected":false},"featured_media":23774,"template":"","meta":[],"product_brand":[],"product_cat":[172,224],"product_tag":[],"class_list":{"0":"post-23773","1":"product","2":"type-product","3":"status-publish","4":"has-post-thumbnail","6":"product_cat-militaria-alemana-ww2","7":"product_cat-archivo-vendidos","8":"sales-flash-overlay","9":"woocommerce-text-align-center","10":"woocommerce-image-align-center","11":"do-quantity-buttons","13":"first","14":"outofstock","15":"shipping-taxable","16":"product-type-simple"},"_links":{"self":[{"href":"https:\/\/original-militaria.com\/en\/wp-json\/wp\/v2\/product\/23773","targetHints":{"allow":["GET"]}}],"collection":[{"href":"https:\/\/original-militaria.com\/en\/wp-json\/wp\/v2\/product"}],"about":[{"href":"https:\/\/original-militaria.com\/en\/wp-json\/wp\/v2\/types\/product"}],"wp:featuredmedia":[{"embeddable":true,"href":"https:\/\/original-militaria.com\/en\/wp-json\/wp\/v2\/media\/23774"}],"wp:attachment":[{"href":"https:\/\/original-militaria.com\/en\/wp-json\/wp\/v2\/media?parent=23773"}],"wp:term":[{"taxonomy":"product_brand","embeddable":true,"href":"https:\/\/original-militaria.com\/en\/wp-json\/wp\/v2\/product_brand?post=23773"},{"taxonomy":"product_cat","embeddable":true,"href":"https:\/\/original-militaria.com\/en\/wp-json\/wp\/v2\/product_cat?post=23773"},{"taxonomy":"product_tag","embeddable":true,"href":"https:\/\/original-militaria.com\/en\/wp-json\/wp\/v2\/product_tag?post=23773"}],"curies":[{"name":"wp","href":"https:\/\/api.w.org\/{rel}","templated":true}]}}