{"id":23499,"date":"2020-12-18T23:15:58","date_gmt":"2020-12-18T23:15:58","guid":{"rendered":"https:\/\/original-militaria.com\/?post_type=product&#038;p=23499"},"modified":"2022-02-08T13:07:51","modified_gmt":"2022-02-08T12:07:51","slug":"condor-legion-1st-pattern-wound-badge-in-gold1936-1939-legion-condor-distintivo-de-herido-en-oro-1er-modelo-1936-1939","status":"publish","type":"product","link":"https:\/\/original-militaria.com\/en\/producto\/condor-legion-1st-pattern-wound-badge-in-gold1936-1939-legion-condor-distintivo-de-herido-en-oro-1er-modelo-1936-1939\/","title":{"rendered":"Condor Legion\/ 1St Pattern Wound Badge in Gold,1936-1939 \u2014 Legi\u00f3n C\u00f3ndor\/ Distintivo de Herido en Oro 1Er modelo 1936-1939"},"content":{"rendered":"<p style=\"text-align: justify;\"><span style=\"font-family: verdana, geneva, sans-serif; font-size: 12pt;\"><strong>ANTECEDENTES:<\/strong> El distintivo de herido fue establecido originalmente el 3 de marzo de 1918 por rey Wilhelm II para reconocer el sacrificio de sus heridos durante WWI. El distintivo fue instituido en tres clases: negro, plata y oro, reflejando cada clase concedida el n\u00famero o la severidad de las heridas recibidas. Con el brote de WWII, el 1 de septiembre de 1939, Hitler reinstituy\u00f3 una versi\u00f3n levemente modificada de este distintivo. El distintivo para los &#8220;Voluntarios Alemanes en la guerra Civil Espa\u00f1ola&#8221; se instituy\u00f3 el 22 de mayo de 1939.<\/span><\/p>\n<p style=\"text-align: justify;\"><span style=\"font-family: verdana, geneva, sans-serif; font-size: 12pt;\"><strong>DESCRIPCI\u00d3N:<\/strong> El distintivo (Verwundetenabzeichen Legion Condor in God) es de forma ovalada, de lat\u00f3n (tombak), est\u00e1 realzado por una guirnalda que abarca un casco M16 m\u00e1s realzado y un poco m\u00e1s grande con esv\u00e1stica. Las espadas cruzadas por debajo del casco. El ba\u00f1o demuestra un severo desgaste, como si se hubiera quemado, pero est\u00e1 en buen estado. Modelo hueco.<\/span><\/p>\n","protected":false},"excerpt":{"rendered":"<p>ANTECEDENTES: El distintivo de herido fue establecido originalmente el 3 de marzo de 1918 por rey Wilhelm II para reconocer el sacrificio de sus heridos durante WWI. El distintivo fue instituido en tres clases: negro, plata y oro, reflejando cada clase concedida el n\u00famero o la severidad de las heridas recibidas. Con el brote de &#8230; <a title=\"Condor Legion\/ 1St Pattern Wound Badge in Gold,1936-1939 \u2014 Legi\u00f3n C\u00f3ndor\/ Distintivo de Herido en Oro 1Er modelo 1936-1939\" class=\"read-more\" href=\"https:\/\/original-militaria.com\/en\/producto\/condor-legion-1st-pattern-wound-badge-in-gold1936-1939-legion-condor-distintivo-de-herido-en-oro-1er-modelo-1936-1939\/\" aria-label=\"Read more about Condor Legion\/ 1St Pattern Wound Badge in Gold,1936-1939 \u2014 Legi\u00f3n C\u00f3ndor\/ Distintivo de Herido en Oro 1Er modelo 1936-1939\">Leer m\u00e1s<\/a><\/p>\n","protected":false},"featured_media":23500,"template":"","meta":[],"product_brand":[],"product_cat":[172,224],"product_tag":[],"class_list":{"0":"post-23499","1":"product","2":"type-product","3":"status-publish","4":"has-post-thumbnail","6":"product_cat-militaria-alemana-ww2","7":"product_cat-archivo-vendidos","8":"sales-flash-overlay","9":"woocommerce-text-align-center","10":"woocommerce-image-align-center","11":"do-quantity-buttons","13":"first","14":"outofstock","15":"shipping-taxable","16":"product-type-simple"},"_links":{"self":[{"href":"https:\/\/original-militaria.com\/en\/wp-json\/wp\/v2\/product\/23499","targetHints":{"allow":["GET"]}}],"collection":[{"href":"https:\/\/original-militaria.com\/en\/wp-json\/wp\/v2\/product"}],"about":[{"href":"https:\/\/original-militaria.com\/en\/wp-json\/wp\/v2\/types\/product"}],"wp:featuredmedia":[{"embeddable":true,"href":"https:\/\/original-militaria.com\/en\/wp-json\/wp\/v2\/media\/23500"}],"wp:attachment":[{"href":"https:\/\/original-militaria.com\/en\/wp-json\/wp\/v2\/media?parent=23499"}],"wp:term":[{"taxonomy":"product_brand","embeddable":true,"href":"https:\/\/original-militaria.com\/en\/wp-json\/wp\/v2\/product_brand?post=23499"},{"taxonomy":"product_cat","embeddable":true,"href":"https:\/\/original-militaria.com\/en\/wp-json\/wp\/v2\/product_cat?post=23499"},{"taxonomy":"product_tag","embeddable":true,"href":"https:\/\/original-militaria.com\/en\/wp-json\/wp\/v2\/product_tag?post=23499"}],"curies":[{"name":"wp","href":"https:\/\/api.w.org\/{rel}","templated":true}]}}