{"id":23449,"date":"2020-12-18T23:10:24","date_gmt":"2020-12-18T23:10:24","guid":{"rendered":"https:\/\/original-militaria.com\/?post_type=product&#038;p=23449"},"modified":"2022-01-31T19:09:11","modified_gmt":"2022-01-31T18:09:11","slug":"wehrmacht-m31-canteen-cup-dmn-1938-wh-cantimplora-y-vaso-m31-dmn-1938","status":"publish","type":"product","link":"https:\/\/original-militaria.com\/en\/producto\/wehrmacht-m31-canteen-cup-dmn-1938-wh-cantimplora-y-vaso-m31-dmn-1938\/","title":{"rendered":"Wehrmacht\/ M31 Canteen &amp; Cup &#8220;DMN, 1938&#8221;&#8212;WH\/ Cantimplora y vaso M31 &#8220;DMN, 1938&#8221;"},"content":{"rendered":"<p style=\"text-align: justify\"><span style=\"font-family: verdana, geneva, sans-serif;font-size: 12pt\"><strong>ANTECEDENTES:<\/strong> Introducida en 1931, la cantimplora M31 se bas\u00f3 en la M1893 y M1907 de Primera Guerra Mundial con ligeras modificaciones como el cambio del vaso. Originalmente la M31 fue fabricada en aluminio, pero m\u00e1s tarde como el aluminio se requiere para otros productos de primera necesidad m\u00e1s importantes su dise\u00f1o se simplifica, comenzaron a ser fabricadas en hierro esmaltado, con correas de menor calidad, etc. A los m\u00e9dicos y a las tropas de monta\u00f1a se les dio una con m\u00e1s capacidad.<\/span><\/p>\n<p style=\"text-align: justify\"><span style=\"font-family: verdana, geneva, sans-serif;font-size: 12pt\"><strong>DESCRIPCION:<\/strong> Cantimplora M31 de 1938 (Feldflasche M31) con capacidad de 0,80 litros. Fabricada en aluminio con vaso del mismo metal pintado en el exterior y con remaches, la funda de fieltro con correas (arregladas en \u00e9poca, se ve perfectamente) cuenta con refuerzos en los bordes y cierre mediante autom\u00e1ticos marcados. Marcada con la manufactura del fabricante <strong>\u00abDMN\u00bb<\/strong> y con el a\u00f1o de producci\u00f3n <strong>\u00ab1938\u00bb<\/strong>, aunque el tap\u00f3n viene marcado con distinto fabricante <strong>&#8220;HRE&#8221;<\/strong> y el a\u00f1o <strong>&#8220;1935&#8221;<\/strong>. Le falta el mosquet\u00f3n. Pese a todo est\u00e1 bien.<\/span><\/p>\n","protected":false},"excerpt":{"rendered":"<p>ANTECEDENTES: Introducida en 1931, la cantimplora M31 se bas\u00f3 en la M1893 y M1907 de Primera Guerra Mundial con ligeras modificaciones como el cambio del vaso. Originalmente la M31 fue fabricada en aluminio, pero m\u00e1s tarde como el aluminio se requiere para otros productos de primera necesidad m\u00e1s importantes su dise\u00f1o se simplifica, comenzaron a &#8230; <a title=\"Wehrmacht\/ M31 Canteen &amp; Cup &#8220;DMN, 1938&#8221;&#8212;WH\/ Cantimplora y vaso M31 &#8220;DMN, 1938&#8221;\" class=\"read-more\" href=\"https:\/\/original-militaria.com\/en\/producto\/wehrmacht-m31-canteen-cup-dmn-1938-wh-cantimplora-y-vaso-m31-dmn-1938\/\" aria-label=\"Read more about Wehrmacht\/ M31 Canteen &amp; Cup &#8220;DMN, 1938&#8221;&#8212;WH\/ Cantimplora y vaso M31 &#8220;DMN, 1938&#8221;\">Leer m\u00e1s<\/a><\/p>\n","protected":false},"featured_media":23489,"template":"","meta":[],"product_brand":[],"product_cat":[172,224],"product_tag":[],"class_list":{"0":"post-23449","1":"product","2":"type-product","3":"status-publish","4":"has-post-thumbnail","6":"product_cat-militaria-alemana-ww2","7":"product_cat-archivo-vendidos","8":"sales-flash-overlay","9":"woocommerce-text-align-center","10":"woocommerce-image-align-center","11":"do-quantity-buttons","13":"first","14":"outofstock","15":"shipping-taxable","16":"product-type-simple"},"_links":{"self":[{"href":"https:\/\/original-militaria.com\/en\/wp-json\/wp\/v2\/product\/23449","targetHints":{"allow":["GET"]}}],"collection":[{"href":"https:\/\/original-militaria.com\/en\/wp-json\/wp\/v2\/product"}],"about":[{"href":"https:\/\/original-militaria.com\/en\/wp-json\/wp\/v2\/types\/product"}],"wp:featuredmedia":[{"embeddable":true,"href":"https:\/\/original-militaria.com\/en\/wp-json\/wp\/v2\/media\/23489"}],"wp:attachment":[{"href":"https:\/\/original-militaria.com\/en\/wp-json\/wp\/v2\/media?parent=23449"}],"wp:term":[{"taxonomy":"product_brand","embeddable":true,"href":"https:\/\/original-militaria.com\/en\/wp-json\/wp\/v2\/product_brand?post=23449"},{"taxonomy":"product_cat","embeddable":true,"href":"https:\/\/original-militaria.com\/en\/wp-json\/wp\/v2\/product_cat?post=23449"},{"taxonomy":"product_tag","embeddable":true,"href":"https:\/\/original-militaria.com\/en\/wp-json\/wp\/v2\/product_tag?post=23449"}],"curies":[{"name":"wp","href":"https:\/\/api.w.org\/{rel}","templated":true}]}}