{"id":23356,"date":"2020-11-26T18:55:33","date_gmt":"2020-11-26T18:55:33","guid":{"rendered":"https:\/\/original-militaria.com\/?post_type=product&#038;p=23356"},"modified":"2022-01-31T19:09:10","modified_gmt":"2022-01-31T18:09:10","slug":"luftwaffe-paratrooper-badge-by-assmann-l-64-a-and-code-1-mint-lw-insignia-de-paracaidista-del-fabricante-asmannl-64-a-marcada-1","status":"publish","type":"product","link":"https:\/\/original-militaria.com\/en\/producto\/luftwaffe-paratrooper-badge-by-assmann-l-64-a-and-code-1-mint-lw-insignia-de-paracaidista-del-fabricante-asmannl-64-a-marcada-1\/","title":{"rendered":"Luftwaffe\/Paratrooper, Badge by Assmann, &#8220;L\/64, A&#8221; and Code &#8220;1&#8221; Mint&#8211; LW\/ Insignia de Paracaidista del Fabricante Asmann,&#8221;L\/64, A&#8221;, marcada &#8220;1&#8221;"},"content":{"rendered":"<p style=\"text-align: justify\"><span style=\"font-family: verdana, geneva, sans-serif\">Excelente Insignia tard\u00eda de paracaidista de la Luftwaffe (Fallschirmsch\u00fctzenabzeichen) para el fabricante <strong>&#8220;FA Assmann &amp; S\u00f6hne, L\u00fcdenscheid&#8221;<\/strong>. La insignia con unos excelentes detalles y acabados, est\u00e1 fabricada en dos piezas, tiene la corona en zinc al igual que el \u00e1guila que &#8220;bucea&#8221; sosteniendo una esv\u00e1stica entre sus garras que est\u00e1 remachada a la corona ovalada que presenta hojas de laurel y de roble, manteniendo intactos en su lugar sus dos peque\u00f1os remaches con cabeza de c\u00fapula.\u00a0 Fabricante marcado con el logo de Assmann <strong>&#8220;A&#8221;<\/strong> y el c\u00f3digo LDO <strong>&#8220;L\/64&#8221;<\/strong> en el reverso del \u00e1guila. En la corona encontramos el c\u00f3digo del molde, en este caso el <strong>&#8220;1&#8221; <\/strong>sobre el remache. La insignia est\u00e1 sin limpiar, manteniendo su hermoso dorado casi intacto y la corona su color gris original. Ambos han adquirido una p\u00e1tina atractiva. El alfiler intacto. Sin reparaciones, sin da\u00f1os.<\/span><\/p>\n<p style=\"text-align: justify\"><span style=\"font-family: verdana, geneva, sans-serif\">Buena pieza, poco com\u00fan con el c\u00f3digo <strong>LDO &#8220;L\/64&#8221;<\/strong>.<\/span><\/p>\n","protected":false},"excerpt":{"rendered":"<p>Excelente Insignia tard\u00eda de paracaidista de la Luftwaffe (Fallschirmsch\u00fctzenabzeichen) para el fabricante &#8220;FA Assmann &amp; S\u00f6hne, L\u00fcdenscheid&#8221;. La insignia con unos excelentes detalles y acabados, est\u00e1 fabricada en dos piezas, tiene la corona en zinc al igual que el \u00e1guila que &#8220;bucea&#8221; sosteniendo una esv\u00e1stica entre sus garras que est\u00e1 remachada a la corona ovalada &#8230; <a title=\"Luftwaffe\/Paratrooper, Badge by Assmann, &#8220;L\/64, A&#8221; and Code &#8220;1&#8221; Mint&#8211; LW\/ Insignia de Paracaidista del Fabricante Asmann,&#8221;L\/64, A&#8221;, marcada &#8220;1&#8221;\" class=\"read-more\" href=\"https:\/\/original-militaria.com\/en\/producto\/luftwaffe-paratrooper-badge-by-assmann-l-64-a-and-code-1-mint-lw-insignia-de-paracaidista-del-fabricante-asmannl-64-a-marcada-1\/\" aria-label=\"Read more about Luftwaffe\/Paratrooper, Badge by Assmann, &#8220;L\/64, A&#8221; and Code &#8220;1&#8221; Mint&#8211; LW\/ Insignia de Paracaidista del Fabricante Asmann,&#8221;L\/64, A&#8221;, marcada &#8220;1&#8221;\">Leer m\u00e1s<\/a><\/p>\n","protected":false},"featured_media":23357,"template":"","meta":[],"product_brand":[],"product_cat":[172,224],"product_tag":[],"class_list":{"0":"post-23356","1":"product","2":"type-product","3":"status-publish","4":"has-post-thumbnail","6":"product_cat-militaria-alemana-ww2","7":"product_cat-archivo-vendidos","8":"sales-flash-overlay","9":"woocommerce-text-align-center","10":"woocommerce-image-align-center","11":"do-quantity-buttons","13":"first","14":"outofstock","15":"shipping-taxable","16":"product-type-simple"},"_links":{"self":[{"href":"https:\/\/original-militaria.com\/en\/wp-json\/wp\/v2\/product\/23356","targetHints":{"allow":["GET"]}}],"collection":[{"href":"https:\/\/original-militaria.com\/en\/wp-json\/wp\/v2\/product"}],"about":[{"href":"https:\/\/original-militaria.com\/en\/wp-json\/wp\/v2\/types\/product"}],"wp:featuredmedia":[{"embeddable":true,"href":"https:\/\/original-militaria.com\/en\/wp-json\/wp\/v2\/media\/23357"}],"wp:attachment":[{"href":"https:\/\/original-militaria.com\/en\/wp-json\/wp\/v2\/media?parent=23356"}],"wp:term":[{"taxonomy":"product_brand","embeddable":true,"href":"https:\/\/original-militaria.com\/en\/wp-json\/wp\/v2\/product_brand?post=23356"},{"taxonomy":"product_cat","embeddable":true,"href":"https:\/\/original-militaria.com\/en\/wp-json\/wp\/v2\/product_cat?post=23356"},{"taxonomy":"product_tag","embeddable":true,"href":"https:\/\/original-militaria.com\/en\/wp-json\/wp\/v2\/product_tag?post=23356"}],"curies":[{"name":"wp","href":"https:\/\/api.w.org\/{rel}","templated":true}]}}