{"id":23299,"date":"2020-11-19T17:30:02","date_gmt":"2020-11-19T17:30:02","guid":{"rendered":"https:\/\/original-militaria.com\/?post_type=product&#038;p=23299"},"modified":"2022-04-15T23:54:09","modified_gmt":"2022-04-15T21:54:09","slug":"wehrmacht-tan-water-pattern-camouflage-white-reversible-winter-mittens-rare-wh-manoplas-reversibles-de-invierno-con-camuflaje-sumpfmuster-44-y-doble-dedo-raro","status":"publish","type":"product","link":"https:\/\/original-militaria.com\/en\/producto\/wehrmacht-tan-water-pattern-camouflage-white-reversible-winter-mittens-rare-wh-manoplas-reversibles-de-invierno-con-camuflaje-sumpfmuster-44-y-doble-dedo-raro\/","title":{"rendered":"Wehrmacht\/ Sumpftarn Camouflage Winter Sniper Gloves. Rare &#8212; WH\/ Manoplas Reversibles de Invierno con Camuflaje &#8220;Sumpfmuster 44&#8221; para Francotiradores. Raro"},"content":{"rendered":"<p style=\"text-align: justify;\"><span style=\"font-size: 12pt; font-family: verdana, geneva, sans-serif;\">Manoplas acolchadas de invierno, reversibles (Tarnungs Handschuhe), modelo para francotirador, a prueba de agua, construcci\u00f3n de algod\u00f3n y ray\u00f3n, tienen el camuflaje de final de guerra <strong>&#8220;Sumpfmuster 44&#8221;<\/strong> de colores bronceados marr\u00f3n y verde por un lado y blanco al otro. Las manoplas tienen la adici\u00f3n de un dedo no acolchado para facilitar el poder apretar el gatillo. Se notan los signos de la edad y una peque\u00f1a reparaci\u00f3n. Curiosamente, donde m\u00e1s se nota el desgaste es en el derecho tanto en la base por el roce con la carabina, como en los dos dedos. En general muy buen estado manteniendo los colores vivos. Raros de encontrar con doble dedo y en este camuflaje.<\/span><\/p>\n","protected":false},"excerpt":{"rendered":"<p>Manoplas acolchadas de invierno, reversibles (Tarnungs Handschuhe), modelo para francotirador, a prueba de agua, construcci\u00f3n de algod\u00f3n y ray\u00f3n, tienen el camuflaje de final de guerra &#8220;Sumpfmuster 44&#8221; de colores bronceados marr\u00f3n y verde por un lado y blanco al otro. Las manoplas tienen la adici\u00f3n de un dedo no acolchado para facilitar el poder &#8230; <a title=\"Wehrmacht\/ Sumpftarn Camouflage Winter Sniper Gloves. Rare &#8212; WH\/ Manoplas Reversibles de Invierno con Camuflaje &#8220;Sumpfmuster 44&#8221; para Francotiradores. Raro\" class=\"read-more\" href=\"https:\/\/original-militaria.com\/en\/producto\/wehrmacht-tan-water-pattern-camouflage-white-reversible-winter-mittens-rare-wh-manoplas-reversibles-de-invierno-con-camuflaje-sumpfmuster-44-y-doble-dedo-raro\/\" aria-label=\"Read more about Wehrmacht\/ Sumpftarn Camouflage Winter Sniper Gloves. Rare &#8212; WH\/ Manoplas Reversibles de Invierno con Camuflaje &#8220;Sumpfmuster 44&#8221; para Francotiradores. Raro\">Leer m\u00e1s<\/a><\/p>\n","protected":false},"featured_media":23300,"template":"","meta":[],"product_brand":[],"product_cat":[172,224],"product_tag":[],"class_list":{"0":"post-23299","1":"product","2":"type-product","3":"status-publish","4":"has-post-thumbnail","6":"product_cat-militaria-alemana-ww2","7":"product_cat-archivo-vendidos","8":"sales-flash-overlay","9":"woocommerce-text-align-center","10":"woocommerce-image-align-center","11":"do-quantity-buttons","13":"first","14":"outofstock","15":"shipping-taxable","16":"product-type-simple"},"_links":{"self":[{"href":"https:\/\/original-militaria.com\/en\/wp-json\/wp\/v2\/product\/23299","targetHints":{"allow":["GET"]}}],"collection":[{"href":"https:\/\/original-militaria.com\/en\/wp-json\/wp\/v2\/product"}],"about":[{"href":"https:\/\/original-militaria.com\/en\/wp-json\/wp\/v2\/types\/product"}],"wp:featuredmedia":[{"embeddable":true,"href":"https:\/\/original-militaria.com\/en\/wp-json\/wp\/v2\/media\/23300"}],"wp:attachment":[{"href":"https:\/\/original-militaria.com\/en\/wp-json\/wp\/v2\/media?parent=23299"}],"wp:term":[{"taxonomy":"product_brand","embeddable":true,"href":"https:\/\/original-militaria.com\/en\/wp-json\/wp\/v2\/product_brand?post=23299"},{"taxonomy":"product_cat","embeddable":true,"href":"https:\/\/original-militaria.com\/en\/wp-json\/wp\/v2\/product_cat?post=23299"},{"taxonomy":"product_tag","embeddable":true,"href":"https:\/\/original-militaria.com\/en\/wp-json\/wp\/v2\/product_tag?post=23299"}],"curies":[{"name":"wp","href":"https:\/\/api.w.org\/{rel}","templated":true}]}}