{"id":23272,"date":"2020-11-19T16:55:45","date_gmt":"2020-11-19T16:55:45","guid":{"rendered":"https:\/\/original-militaria.com\/?post_type=product&#038;p=23272"},"modified":"2022-01-31T19:09:10","modified_gmt":"2022-01-31T18:09:10","slug":"wehrmacht-early-m31-breadbag-wh-bolsa-del-pan-m31-temprana","status":"publish","type":"product","link":"https:\/\/original-militaria.com\/en\/producto\/wehrmacht-early-m31-breadbag-wh-bolsa-del-pan-m31-temprana\/","title":{"rendered":"Wehrmacht\/ Early M31 Breadbag&#8211;WH\/ Bolsa del Pan M31 Temprana"},"content":{"rendered":"<p style=\"text-align: justify\"><span style=\"font-size: 12pt;font-family: verdana, geneva, sans-serif\">Panera de dotaci\u00f3n est\u00e1ndar M31 (Brotbeutel 31), repelente al agua, tiene las trabillas con refuerzo de cuero (lo que indica que es de principios de guerra) aunque tambi\u00e9n se puede observar el 1938, tiene sus dos anillas en forma de &#8220;D&#8221; para fijar la correa de transporte, dos botones cambiados en \u00e9poca. En el interior tiene un \u00fanico bolsillo grande, aparece el nombre del propietario en tinta azul y restos del a\u00f1o 1938. Tiene varias reparaciones, pero es de las que se puede decir que estuvo en el frente.<\/span><\/p>\n","protected":false},"excerpt":{"rendered":"<p>Panera de dotaci\u00f3n est\u00e1ndar M31 (Brotbeutel 31), repelente al agua, tiene las trabillas con refuerzo de cuero (lo que indica que es de principios de guerra) aunque tambi\u00e9n se puede observar el 1938, tiene sus dos anillas en forma de &#8220;D&#8221; para fijar la correa de transporte, dos botones cambiados en \u00e9poca. En el interior &#8230; <a title=\"Wehrmacht\/ Early M31 Breadbag&#8211;WH\/ Bolsa del Pan M31 Temprana\" class=\"read-more\" href=\"https:\/\/original-militaria.com\/en\/producto\/wehrmacht-early-m31-breadbag-wh-bolsa-del-pan-m31-temprana\/\" aria-label=\"Read more about Wehrmacht\/ Early M31 Breadbag&#8211;WH\/ Bolsa del Pan M31 Temprana\">Leer m\u00e1s<\/a><\/p>\n","protected":false},"featured_media":23273,"template":"","meta":[],"product_brand":[],"product_cat":[172,224],"product_tag":[],"class_list":{"0":"post-23272","1":"product","2":"type-product","3":"status-publish","4":"has-post-thumbnail","6":"product_cat-militaria-alemana-ww2","7":"product_cat-archivo-vendidos","8":"sales-flash-overlay","9":"woocommerce-text-align-center","10":"woocommerce-image-align-center","11":"do-quantity-buttons","13":"first","14":"outofstock","15":"shipping-taxable","16":"product-type-simple"},"_links":{"self":[{"href":"https:\/\/original-militaria.com\/en\/wp-json\/wp\/v2\/product\/23272","targetHints":{"allow":["GET"]}}],"collection":[{"href":"https:\/\/original-militaria.com\/en\/wp-json\/wp\/v2\/product"}],"about":[{"href":"https:\/\/original-militaria.com\/en\/wp-json\/wp\/v2\/types\/product"}],"wp:featuredmedia":[{"embeddable":true,"href":"https:\/\/original-militaria.com\/en\/wp-json\/wp\/v2\/media\/23273"}],"wp:attachment":[{"href":"https:\/\/original-militaria.com\/en\/wp-json\/wp\/v2\/media?parent=23272"}],"wp:term":[{"taxonomy":"product_brand","embeddable":true,"href":"https:\/\/original-militaria.com\/en\/wp-json\/wp\/v2\/product_brand?post=23272"},{"taxonomy":"product_cat","embeddable":true,"href":"https:\/\/original-militaria.com\/en\/wp-json\/wp\/v2\/product_cat?post=23272"},{"taxonomy":"product_tag","embeddable":true,"href":"https:\/\/original-militaria.com\/en\/wp-json\/wp\/v2\/product_tag?post=23272"}],"curies":[{"name":"wp","href":"https:\/\/api.w.org\/{rel}","templated":true}]}}