{"id":23191,"date":"2020-11-18T16:02:29","date_gmt":"2020-11-18T16:02:29","guid":{"rendered":"https:\/\/original-militaria.com\/?post_type=product&#038;p=23191"},"modified":"2022-01-31T19:09:08","modified_gmt":"2022-01-31T18:09:08","slug":"wehrmacht-cavalry-riding-boots-soft-leather-wehrmacht-botas-de-caballeria","status":"publish","type":"product","link":"https:\/\/original-militaria.com\/en\/producto\/wehrmacht-cavalry-riding-boots-soft-leather-wehrmacht-botas-de-caballeria\/","title":{"rendered":"Wehrmacht\/ Cavalry Riding Boots, Soft leather&#8211; Wehrmacht\/ Botas de Caballer\u00eda"},"content":{"rendered":"<p style=\"text-align: justify;\"><span style=\"font-family: verdana, geneva, sans-serif; font-size: 12pt;\">Par de botas de caballer\u00eda para la Wehrmacht, no exactas (algo muy corriente en la \u00e9poca), el cuero est\u00e1 en unas excelentes condiciones de flexibilidad, las suelas cambiadas en \u00e9poca todav\u00eda denotan que tuvieron los clavos, se les podr\u00eda poner quitando la suela de goma.<\/span><\/p>\n","protected":false},"excerpt":{"rendered":"<p>Par de botas de caballer\u00eda para la Wehrmacht, no exactas (algo muy corriente en la \u00e9poca), el cuero est\u00e1 en unas excelentes condiciones de flexibilidad, las suelas cambiadas en \u00e9poca todav\u00eda denotan que tuvieron los clavos, se les podr\u00eda poner quitando la suela de goma.<\/p>\n","protected":false},"featured_media":23248,"template":"","meta":[],"product_brand":[],"product_cat":[172,224],"product_tag":[],"class_list":{"0":"post-23191","1":"product","2":"type-product","3":"status-publish","4":"has-post-thumbnail","6":"product_cat-militaria-alemana-ww2","7":"product_cat-archivo-vendidos","8":"sales-flash-overlay","9":"woocommerce-text-align-center","10":"woocommerce-image-align-center","11":"do-quantity-buttons","13":"first","14":"outofstock","15":"shipping-taxable","16":"product-type-simple"},"_links":{"self":[{"href":"https:\/\/original-militaria.com\/en\/wp-json\/wp\/v2\/product\/23191","targetHints":{"allow":["GET"]}}],"collection":[{"href":"https:\/\/original-militaria.com\/en\/wp-json\/wp\/v2\/product"}],"about":[{"href":"https:\/\/original-militaria.com\/en\/wp-json\/wp\/v2\/types\/product"}],"wp:featuredmedia":[{"embeddable":true,"href":"https:\/\/original-militaria.com\/en\/wp-json\/wp\/v2\/media\/23248"}],"wp:attachment":[{"href":"https:\/\/original-militaria.com\/en\/wp-json\/wp\/v2\/media?parent=23191"}],"wp:term":[{"taxonomy":"product_brand","embeddable":true,"href":"https:\/\/original-militaria.com\/en\/wp-json\/wp\/v2\/product_brand?post=23191"},{"taxonomy":"product_cat","embeddable":true,"href":"https:\/\/original-militaria.com\/en\/wp-json\/wp\/v2\/product_cat?post=23191"},{"taxonomy":"product_tag","embeddable":true,"href":"https:\/\/original-militaria.com\/en\/wp-json\/wp\/v2\/product_tag?post=23191"}],"curies":[{"name":"wp","href":"https:\/\/api.w.org\/{rel}","templated":true}]}}