{"id":23183,"date":"2020-11-26T18:59:12","date_gmt":"2020-11-26T18:59:12","guid":{"rendered":"https:\/\/original-militaria.com\/?post_type=product&#038;p=23183"},"modified":"2022-01-31T19:09:08","modified_gmt":"2022-01-31T18:09:08","slug":"wehrmacht-m31-quartier-shelter-poncho-wh-poncho-de-camuflaje-m31","status":"publish","type":"product","link":"https:\/\/original-militaria.com\/en\/producto\/wehrmacht-m31-quartier-shelter-poncho-wh-poncho-de-camuflaje-m31\/","title":{"rendered":"Wehrmacht\/ M31 Quartier Shelter\/Poncho&#8212;WH\/ Poncho de Camuflaje M31"},"content":{"rendered":"<p style=\"text-align: justify\"><span style=\"font-family: verdana, geneva, sans-serif;font-size: 12pt\">Poncho de camuflaje M31, modelo est\u00e1ndar (Zeltbahn M31), de dotaci\u00f3n para todos los soldados. Tambi\u00e9n conocido como &#8220;Splitnter Muster 31&#8221;, desarrollado en 1931 en tela de algod\u00f3n artificial impermeable, denominada &#8220;Makostolf&#8221;, estampado por ambas caras con diferentes motivos de camuflaje del ej\u00e9rcito, de 2 colores diferentes en cada lado llamados &#8220;Hellerer Buntfarbenaufdruck&#8221; y &#8220;Dunklerer Buntfarbenaufdruck&#8221;. De forma triangular, mide 250 X 200 X 200 cm, mantiene todos sus botones de aluminio en dos hileras intactos. En el centro, hay una ranura tambi\u00e9n con 1 bot\u00f3n para introducir la cabeza del usuario cuando se utiliza como un poncho (aqu\u00ed un peque\u00f1o remiendo). Excelentes estado con lo colores muy vivos, sin manufactura visible, con muy poco uso. Con el tiempo cada vez es m\u00e1s dif\u00edcil encontrar ponchos intactos.<\/span><\/p>\n","protected":false},"excerpt":{"rendered":"<p>Poncho de camuflaje M31, modelo est\u00e1ndar (Zeltbahn M31), de dotaci\u00f3n para todos los soldados. Tambi\u00e9n conocido como &#8220;Splitnter Muster 31&#8221;, desarrollado en 1931 en tela de algod\u00f3n artificial impermeable, denominada &#8220;Makostolf&#8221;, estampado por ambas caras con diferentes motivos de camuflaje del ej\u00e9rcito, de 2 colores diferentes en cada lado llamados &#8220;Hellerer Buntfarbenaufdruck&#8221; y &#8220;Dunklerer Buntfarbenaufdruck&#8221;. &#8230; <a title=\"Wehrmacht\/ M31 Quartier Shelter\/Poncho&#8212;WH\/ Poncho de Camuflaje M31\" class=\"read-more\" href=\"https:\/\/original-militaria.com\/en\/producto\/wehrmacht-m31-quartier-shelter-poncho-wh-poncho-de-camuflaje-m31\/\" aria-label=\"Read more about Wehrmacht\/ M31 Quartier Shelter\/Poncho&#8212;WH\/ Poncho de Camuflaje M31\">Leer m\u00e1s<\/a><\/p>\n","protected":false},"featured_media":23346,"template":"","meta":[],"product_brand":[],"product_cat":[224],"product_tag":[],"class_list":{"0":"post-23183","1":"product","2":"type-product","3":"status-publish","4":"has-post-thumbnail","6":"product_cat-archivo-vendidos","7":"sales-flash-overlay","8":"woocommerce-text-align-center","9":"woocommerce-image-align-center","10":"do-quantity-buttons","12":"first","13":"outofstock","14":"shipping-taxable","15":"product-type-simple"},"_links":{"self":[{"href":"https:\/\/original-militaria.com\/en\/wp-json\/wp\/v2\/product\/23183","targetHints":{"allow":["GET"]}}],"collection":[{"href":"https:\/\/original-militaria.com\/en\/wp-json\/wp\/v2\/product"}],"about":[{"href":"https:\/\/original-militaria.com\/en\/wp-json\/wp\/v2\/types\/product"}],"wp:featuredmedia":[{"embeddable":true,"href":"https:\/\/original-militaria.com\/en\/wp-json\/wp\/v2\/media\/23346"}],"wp:attachment":[{"href":"https:\/\/original-militaria.com\/en\/wp-json\/wp\/v2\/media?parent=23183"}],"wp:term":[{"taxonomy":"product_brand","embeddable":true,"href":"https:\/\/original-militaria.com\/en\/wp-json\/wp\/v2\/product_brand?post=23183"},{"taxonomy":"product_cat","embeddable":true,"href":"https:\/\/original-militaria.com\/en\/wp-json\/wp\/v2\/product_cat?post=23183"},{"taxonomy":"product_tag","embeddable":true,"href":"https:\/\/original-militaria.com\/en\/wp-json\/wp\/v2\/product_tag?post=23183"}],"curies":[{"name":"wp","href":"https:\/\/api.w.org\/{rel}","templated":true}]}}