{"id":23168,"date":"2020-11-26T19:05:27","date_gmt":"2020-11-26T19:05:27","guid":{"rendered":"https:\/\/original-militaria.com\/?post_type=product&#038;p=23168"},"modified":"2022-01-31T19:09:08","modified_gmt":"2022-01-31T18:09:08","slug":"wehrmacht-winter-fur-cap-by-karl-lutz-1943-wh-heer-gorro-de-piel-de-invierno-m43-manufactura-de-karl-lutz-1943","status":"publish","type":"product","link":"https:\/\/original-militaria.com\/en\/producto\/wehrmacht-winter-fur-cap-by-karl-lutz-1943-wh-heer-gorro-de-piel-de-invierno-m43-manufactura-de-karl-lutz-1943\/","title":{"rendered":"Wehrmacht\/ Winter Fur Cap by &#8220;Karl Lutz&#8221;, 1943\u2014- WH\/Heer, Gorro de Piel de Invierno M43, Manufactura de &#8220;Karl Lutz&#8221;, 1943"},"content":{"rendered":"<p style=\"text-align: justify\" align=\"justify\"><span style=\"font-family: verdana, geneva, sans-serif;font-size: 12pt\"><strong>ANTECEDENTES:<\/strong> En el frente ruso en el invierno de 1941\/42 el fr\u00edo encontr\u00f3 a los alemanes totalmente desprovistos de buena ropa\u00a0de invierno, sino tambi\u00e9n de prendas de camuflaje\u00a0para la\u00a0nieve. Esto dio lugar a una gran variedad de\u00a0prendas de vestir y de cabeza de todo tipo, incluyendo prendas civiles, pasando desde ropa de invierno a s\u00e1banas blancas. Despu\u00e9s del invierno de 1941\/42\u00a0el Oberkommando des Wehrmacht (Alto Mando de las Fuerzas Armadas), reconoci\u00f3 la necesidad de dotar a sus tropas de ropa\u00a0m\u00e1s pesada, ropa de invierno y se comenz\u00f3 en la primavera de\u00a01942\u00a0a\u00a0elaborar prendas de vestir adecuadas. En abril de 1942 Hitler aprob\u00f3 el dise\u00f1o elegido, y los primeros modelos\u00a0salieron en\u00a0oto\u00f1o de ese a\u00f1o, se incluy\u00f3 una variedad de gorros de pieles de invierno. Se distribuyeron a toda la tropa y oficiales para el invierno, (15 de septiembre al 15 de abril), junto con otras prendas de vestir. Aunque no hay modelo est\u00e1ndar oficial, los m\u00e1s\u00a0com\u00fanmente encontrados son el modelo b\u00e1sico de\u00a0monta\u00f1a y M43 con paneles\u00a0la espalda y paneles laterales dise\u00f1ados para proteger las orejas y el cuello.<\/span><\/p>\n<p style=\"text-align: justify\"><span style=\"font-family: verdana, geneva, sans-serif;font-size: 12pt\"><strong>DESCRIPCION:\u00a0<\/strong>Gorro de invierno M43 (Wehrmacht Heer Winterfellm\u00fctze) fabricado para el frente de este en lana feldgrau con piel de conejo, tiene paneles laterales que se sujetan mediante dos cintas y uno frontal. El interior est\u00e1 acolchado al igual que los paneles laterales. En el interior, en la base acolchada tiene bien definida la manufactura <strong>&#8220;Karl Lutz&#8221;<\/strong>, el a\u00f1o <strong>1943<\/strong> y\u00a0 la talla <strong>&#8220;57&#8221;<\/strong>. Usado, pero en muy buen estado. Sin agujeros de polilla, intacto.<\/span><\/p>\n","protected":false},"excerpt":{"rendered":"<p>ANTECEDENTES: En el frente ruso en el invierno de 1941\/42 el fr\u00edo encontr\u00f3 a los alemanes totalmente desprovistos de buena ropa\u00a0de invierno, sino tambi\u00e9n de prendas de camuflaje\u00a0para la\u00a0nieve. Esto dio lugar a una gran variedad de\u00a0prendas de vestir y de cabeza de todo tipo, incluyendo prendas civiles, pasando desde ropa de invierno a s\u00e1banas &#8230; <a title=\"Wehrmacht\/ Winter Fur Cap by &#8220;Karl Lutz&#8221;, 1943\u2014- WH\/Heer, Gorro de Piel de Invierno M43, Manufactura de &#8220;Karl Lutz&#8221;, 1943\" class=\"read-more\" href=\"https:\/\/original-militaria.com\/en\/producto\/wehrmacht-winter-fur-cap-by-karl-lutz-1943-wh-heer-gorro-de-piel-de-invierno-m43-manufactura-de-karl-lutz-1943\/\" aria-label=\"Read more about Wehrmacht\/ Winter Fur Cap by &#8220;Karl Lutz&#8221;, 1943\u2014- WH\/Heer, Gorro de Piel de Invierno M43, Manufactura de &#8220;Karl Lutz&#8221;, 1943\">Leer m\u00e1s<\/a><\/p>\n","protected":false},"featured_media":23283,"template":"","meta":[],"product_brand":[],"product_cat":[224],"product_tag":[],"class_list":{"0":"post-23168","1":"product","2":"type-product","3":"status-publish","4":"has-post-thumbnail","6":"product_cat-archivo-vendidos","7":"sales-flash-overlay","8":"woocommerce-text-align-center","9":"woocommerce-image-align-center","10":"do-quantity-buttons","12":"first","13":"outofstock","14":"shipping-taxable","15":"product-type-simple"},"_links":{"self":[{"href":"https:\/\/original-militaria.com\/en\/wp-json\/wp\/v2\/product\/23168","targetHints":{"allow":["GET"]}}],"collection":[{"href":"https:\/\/original-militaria.com\/en\/wp-json\/wp\/v2\/product"}],"about":[{"href":"https:\/\/original-militaria.com\/en\/wp-json\/wp\/v2\/types\/product"}],"wp:featuredmedia":[{"embeddable":true,"href":"https:\/\/original-militaria.com\/en\/wp-json\/wp\/v2\/media\/23283"}],"wp:attachment":[{"href":"https:\/\/original-militaria.com\/en\/wp-json\/wp\/v2\/media?parent=23168"}],"wp:term":[{"taxonomy":"product_brand","embeddable":true,"href":"https:\/\/original-militaria.com\/en\/wp-json\/wp\/v2\/product_brand?post=23168"},{"taxonomy":"product_cat","embeddable":true,"href":"https:\/\/original-militaria.com\/en\/wp-json\/wp\/v2\/product_cat?post=23168"},{"taxonomy":"product_tag","embeddable":true,"href":"https:\/\/original-militaria.com\/en\/wp-json\/wp\/v2\/product_tag?post=23168"}],"curies":[{"name":"wp","href":"https:\/\/api.w.org\/{rel}","templated":true}]}}