{"id":23081,"date":"2020-10-16T19:43:18","date_gmt":"2020-10-16T19:43:18","guid":{"rendered":"https:\/\/original-militaria.com\/?post_type=product&#038;p=23081"},"modified":"2022-01-31T19:09:08","modified_gmt":"2022-01-31T18:09:08","slug":"wehrmacht-cased-iron-cross-1st-class-1939-code-4-wh-estuche-con-cruz-de-hierro-1939-de-1a-clase-codigo-4","status":"publish","type":"product","link":"https:\/\/original-militaria.com\/en\/producto\/wehrmacht-cased-iron-cross-1st-class-1939-code-4-wh-estuche-con-cruz-de-hierro-1939-de-1a-clase-codigo-4\/","title":{"rendered":"Wehrmacht\/ 1939 Iron Cross 1st Class in Case, Code \u00ab4\u00bb \u2014 WH\/ Estuche con Cruz de Hierro 1939 de 1\u00aa Clase, C\u00f3digo \u00ab4\u00bb"},"content":{"rendered":"<p style=\"text-align: justify\"><span style=\"font-family: verdana, geneva, sans-serif;font-size: 12pt\">Estuche con Cruz de Hierro de 1\u00aa clase 1939 (Eisernes Kreuz I Klasse mit Etui) c\u00f3digo <strong>&#8220;4&#8221;<\/strong>, raro. Tanto la Cruz como el estuche est\u00e1n en perfecto estado, la Cruz tiene base de hierro con excelente patina negra, fabricada en 3 piezas con centro magn\u00e9tico. El estcuhe con fondo negro bien marcado en el interior. Tiene en el reverso su alfiler con el c\u00f3digo de manufactura bien definida \u00ab4\u00bb correspondiente al fabricante &#8220;<strong>Steinhauer &amp; L\u00fcck L\u00fcdenscheid&#8221;<\/strong>.<\/span><\/p>\n","protected":false},"excerpt":{"rendered":"<p>Estuche con Cruz de Hierro de 1\u00aa clase 1939 (Eisernes Kreuz I Klasse mit Etui) c\u00f3digo &#8220;4&#8221;, raro. Tanto la Cruz como el estuche est\u00e1n en perfecto estado, la Cruz tiene base de hierro con excelente patina negra, fabricada en 3 piezas con centro magn\u00e9tico. El estcuhe con fondo negro bien marcado en el interior. &#8230; <a title=\"Wehrmacht\/ 1939 Iron Cross 1st Class in Case, Code \u00ab4\u00bb \u2014 WH\/ Estuche con Cruz de Hierro 1939 de 1\u00aa Clase, C\u00f3digo \u00ab4\u00bb\" class=\"read-more\" href=\"https:\/\/original-militaria.com\/en\/producto\/wehrmacht-cased-iron-cross-1st-class-1939-code-4-wh-estuche-con-cruz-de-hierro-1939-de-1a-clase-codigo-4\/\" aria-label=\"Read more about Wehrmacht\/ 1939 Iron Cross 1st Class in Case, Code \u00ab4\u00bb \u2014 WH\/ Estuche con Cruz de Hierro 1939 de 1\u00aa Clase, C\u00f3digo \u00ab4\u00bb\">Leer m\u00e1s<\/a><\/p>\n","protected":false},"featured_media":23082,"template":"","meta":[],"product_brand":[],"product_cat":[172,224],"product_tag":[],"class_list":{"0":"post-23081","1":"product","2":"type-product","3":"status-publish","4":"has-post-thumbnail","6":"product_cat-militaria-alemana-ww2","7":"product_cat-archivo-vendidos","8":"sales-flash-overlay","9":"woocommerce-text-align-center","10":"woocommerce-image-align-center","11":"do-quantity-buttons","13":"first","14":"outofstock","15":"shipping-taxable","16":"product-type-simple"},"_links":{"self":[{"href":"https:\/\/original-militaria.com\/en\/wp-json\/wp\/v2\/product\/23081","targetHints":{"allow":["GET"]}}],"collection":[{"href":"https:\/\/original-militaria.com\/en\/wp-json\/wp\/v2\/product"}],"about":[{"href":"https:\/\/original-militaria.com\/en\/wp-json\/wp\/v2\/types\/product"}],"wp:featuredmedia":[{"embeddable":true,"href":"https:\/\/original-militaria.com\/en\/wp-json\/wp\/v2\/media\/23082"}],"wp:attachment":[{"href":"https:\/\/original-militaria.com\/en\/wp-json\/wp\/v2\/media?parent=23081"}],"wp:term":[{"taxonomy":"product_brand","embeddable":true,"href":"https:\/\/original-militaria.com\/en\/wp-json\/wp\/v2\/product_brand?post=23081"},{"taxonomy":"product_cat","embeddable":true,"href":"https:\/\/original-militaria.com\/en\/wp-json\/wp\/v2\/product_cat?post=23081"},{"taxonomy":"product_tag","embeddable":true,"href":"https:\/\/original-militaria.com\/en\/wp-json\/wp\/v2\/product_tag?post=23081"}],"curies":[{"name":"wp","href":"https:\/\/api.w.org\/{rel}","templated":true}]}}