{"id":22891,"date":"2020-10-16T19:17:03","date_gmt":"2020-10-16T19:17:03","guid":{"rendered":"https:\/\/original-militaria.com\/?post_type=product&#038;p=22891"},"modified":"2022-01-31T19:09:08","modified_gmt":"2022-01-31T18:09:08","slug":"wehrmacht-ek1-1914l-11-in-ldo-case-mint-condition-rare-wh-ek-1-1914-l-11-en-caja-ldo-estilo-ww2-rara","status":"publish","type":"product","link":"https:\/\/original-militaria.com\/en\/producto\/wehrmacht-ek1-1914l-11-in-ldo-case-mint-condition-rare-wh-ek-1-1914-l-11-en-caja-ldo-estilo-ww2-rara\/","title":{"rendered":"Wehrmacht\/ EK1 1914 &#8220;L\/11&#8221; Style WW2 in &#8220;LDO&#8221; Case. Mint Condition. Rare &#8212; WH\/ Cruz de Hierro de 1\u00aa Clase 1914, C\u00f3digo &#8220;L\/11&#8221; en Caja &#8220;LDO&#8221;, Estilo WW2, Rara."},"content":{"rendered":"<p style=\"text-align: justify\"><span style=\"font-family: verdana, geneva, sans-serif;font-size: 12pt\">Excelente ejemplo de Cruz de Hierro ligeramente curvada de primera clase 1914 fabricada por Wilhelm Deumer, L\u00fcdenscheid en su estuche negro <strong>&#8220;LDO&#8221;<\/strong> de presentaci\u00f3n. Versi\u00f3n 1939 en tres partes con n\u00facleo de hierro que mantiene su color negro original intacto, tiene el marcaje LDO de Deumer <strong>&#8220;L \/11<\/strong>&#8221; debajo del gancho de la aguja. Producido en los a\u00f1os 30 para veteranos de la Primera Guerra Mundial. La condici\u00f3n es excelente con negrura completa en el n\u00facleo y marcos escarchados. Art\u00edculo de reemplazo raro de 1914 con dise\u00f1o de 1939 y manufactura de !Deumer!. En un absoluto estado 1 la EK1. <\/span><\/p>\n<p style=\"text-align: justify\"><span style=\"font-family: verdana, geneva, sans-serif;font-size: 12pt\"><strong>Nota.-<\/strong> Se sabe que se produjeron muy pocas de estas cruces de Deumer a mediados-finales de los 30.<\/span><\/p>\n","protected":false},"excerpt":{"rendered":"<p>Excelente ejemplo de Cruz de Hierro ligeramente curvada de primera clase 1914 fabricada por Wilhelm Deumer, L\u00fcdenscheid en su estuche negro &#8220;LDO&#8221; de presentaci\u00f3n. Versi\u00f3n 1939 en tres partes con n\u00facleo de hierro que mantiene su color negro original intacto, tiene el marcaje LDO de Deumer &#8220;L \/11&#8221; debajo del gancho de la aguja. Producido &#8230; <a title=\"Wehrmacht\/ EK1 1914 &#8220;L\/11&#8221; Style WW2 in &#8220;LDO&#8221; Case. Mint Condition. Rare &#8212; WH\/ Cruz de Hierro de 1\u00aa Clase 1914, C\u00f3digo &#8220;L\/11&#8221; en Caja &#8220;LDO&#8221;, Estilo WW2, Rara.\" class=\"read-more\" href=\"https:\/\/original-militaria.com\/en\/producto\/wehrmacht-ek1-1914l-11-in-ldo-case-mint-condition-rare-wh-ek-1-1914-l-11-en-caja-ldo-estilo-ww2-rara\/\" aria-label=\"Read more about Wehrmacht\/ EK1 1914 &#8220;L\/11&#8221; Style WW2 in &#8220;LDO&#8221; Case. Mint Condition. Rare &#8212; WH\/ Cruz de Hierro de 1\u00aa Clase 1914, C\u00f3digo &#8220;L\/11&#8221; en Caja &#8220;LDO&#8221;, Estilo WW2, Rara.\">Leer m\u00e1s<\/a><\/p>\n","protected":false},"featured_media":23055,"template":"","meta":[],"product_brand":[],"product_cat":[172,224],"product_tag":[],"class_list":{"0":"post-22891","1":"product","2":"type-product","3":"status-publish","4":"has-post-thumbnail","6":"product_cat-militaria-alemana-ww2","7":"product_cat-archivo-vendidos","8":"sales-flash-overlay","9":"woocommerce-text-align-center","10":"woocommerce-image-align-center","11":"do-quantity-buttons","13":"first","14":"outofstock","15":"shipping-taxable","16":"product-type-simple"},"_links":{"self":[{"href":"https:\/\/original-militaria.com\/en\/wp-json\/wp\/v2\/product\/22891","targetHints":{"allow":["GET"]}}],"collection":[{"href":"https:\/\/original-militaria.com\/en\/wp-json\/wp\/v2\/product"}],"about":[{"href":"https:\/\/original-militaria.com\/en\/wp-json\/wp\/v2\/types\/product"}],"wp:featuredmedia":[{"embeddable":true,"href":"https:\/\/original-militaria.com\/en\/wp-json\/wp\/v2\/media\/23055"}],"wp:attachment":[{"href":"https:\/\/original-militaria.com\/en\/wp-json\/wp\/v2\/media?parent=22891"}],"wp:term":[{"taxonomy":"product_brand","embeddable":true,"href":"https:\/\/original-militaria.com\/en\/wp-json\/wp\/v2\/product_brand?post=22891"},{"taxonomy":"product_cat","embeddable":true,"href":"https:\/\/original-militaria.com\/en\/wp-json\/wp\/v2\/product_cat?post=22891"},{"taxonomy":"product_tag","embeddable":true,"href":"https:\/\/original-militaria.com\/en\/wp-json\/wp\/v2\/product_tag?post=22891"}],"curies":[{"name":"wp","href":"https:\/\/api.w.org\/{rel}","templated":true}]}}