{"id":22761,"date":"2020-07-19T12:36:31","date_gmt":"2020-07-19T12:36:31","guid":{"rendered":"https:\/\/original-militaria.com\/?post_type=product&#038;p=22761"},"modified":"2022-01-31T19:09:07","modified_gmt":"2022-01-31T18:09:07","slug":"cased-iron-cross-1st-class-1939-code-100-near-mint-estuche-con-cruz-de-hierro-1939-de-primera-clase-codigo-100","status":"publish","type":"product","link":"https:\/\/original-militaria.com\/en\/producto\/cased-iron-cross-1st-class-1939-code-100-near-mint-estuche-con-cruz-de-hierro-1939-de-primera-clase-codigo-100\/","title":{"rendered":"Cased Iron Cross 1St Class, 1939, Code \u00ab100\u00bb Near Mint \u2014Estuche con Cruz de Hierro 1939 de Primera Clase, C\u00f3digo \u00ab100\u00bb"},"content":{"rendered":"<p style=\"text-align: justify\"><span style=\"font-family: verdana, geneva, sans-serif\">EK1 1939 en su estuche de entrega. La Cruz de Hierro mantiene su n\u00facleo negro mate intacto, magn\u00e9tica, 3 piezas, en el reverso, en la aguja, en la parte interna viene el c\u00f3digo de este fabricante <strong>&#8220;100&#8221;<\/strong> como era habitual dentro de un rect\u00e1ngulo, lo que indica manufactura de <strong>&#8220;Rudolf Waechtler &amp; Lange, Mittweida&#8221;<\/strong>, el estuche forrado en la tapa con sat\u00e9n blanco y fieltro beis viene marcado debajo de la tapa en donde se ancla la EK1. El estuche en estado 2 protegi\u00f3 la Cruz en el tiempo que est\u00e1 en estado 1, dif\u00edcil de superar, sin uso aparente.\u00a0<\/span><\/p>\n","protected":false},"excerpt":{"rendered":"<p>EK1 1939 en su estuche de entrega. La Cruz de Hierro mantiene su n\u00facleo negro mate intacto, magn\u00e9tica, 3 piezas, en el reverso, en la aguja, en la parte interna viene el c\u00f3digo de este fabricante &#8220;100&#8221; como era habitual dentro de un rect\u00e1ngulo, lo que indica manufactura de &#8220;Rudolf Waechtler &amp; Lange, Mittweida&#8221;, el &#8230; <a title=\"Cased Iron Cross 1St Class, 1939, Code \u00ab100\u00bb Near Mint \u2014Estuche con Cruz de Hierro 1939 de Primera Clase, C\u00f3digo \u00ab100\u00bb\" class=\"read-more\" href=\"https:\/\/original-militaria.com\/en\/producto\/cased-iron-cross-1st-class-1939-code-100-near-mint-estuche-con-cruz-de-hierro-1939-de-primera-clase-codigo-100\/\" aria-label=\"Read more about Cased Iron Cross 1St Class, 1939, Code \u00ab100\u00bb Near Mint \u2014Estuche con Cruz de Hierro 1939 de Primera Clase, C\u00f3digo \u00ab100\u00bb\">Leer m\u00e1s<\/a><\/p>\n","protected":false},"featured_media":22762,"template":"","meta":[],"product_brand":[],"product_cat":[224],"product_tag":[],"class_list":{"0":"post-22761","1":"product","2":"type-product","3":"status-publish","4":"has-post-thumbnail","6":"product_cat-archivo-vendidos","7":"sales-flash-overlay","8":"woocommerce-text-align-center","9":"woocommerce-image-align-center","10":"do-quantity-buttons","12":"first","13":"outofstock","14":"shipping-taxable","15":"product-type-simple"},"_links":{"self":[{"href":"https:\/\/original-militaria.com\/en\/wp-json\/wp\/v2\/product\/22761","targetHints":{"allow":["GET"]}}],"collection":[{"href":"https:\/\/original-militaria.com\/en\/wp-json\/wp\/v2\/product"}],"about":[{"href":"https:\/\/original-militaria.com\/en\/wp-json\/wp\/v2\/types\/product"}],"wp:featuredmedia":[{"embeddable":true,"href":"https:\/\/original-militaria.com\/en\/wp-json\/wp\/v2\/media\/22762"}],"wp:attachment":[{"href":"https:\/\/original-militaria.com\/en\/wp-json\/wp\/v2\/media?parent=22761"}],"wp:term":[{"taxonomy":"product_brand","embeddable":true,"href":"https:\/\/original-militaria.com\/en\/wp-json\/wp\/v2\/product_brand?post=22761"},{"taxonomy":"product_cat","embeddable":true,"href":"https:\/\/original-militaria.com\/en\/wp-json\/wp\/v2\/product_cat?post=22761"},{"taxonomy":"product_tag","embeddable":true,"href":"https:\/\/original-militaria.com\/en\/wp-json\/wp\/v2\/product_tag?post=22761"}],"curies":[{"name":"wp","href":"https:\/\/api.w.org\/{rel}","templated":true}]}}