{"id":22448,"date":"2020-03-27T21:02:10","date_gmt":"2020-03-27T21:02:10","guid":{"rendered":"https:\/\/original-militaria.com\/?post_type=product&#038;p=22448"},"modified":"2022-01-31T19:09:07","modified_gmt":"2022-01-31T18:09:07","slug":"luftwaffe-rare-paratroopers-1st-model-gravity-knife-smf-luftwaffe-cuchillo-de-gravedad-1er-modelo-para-paracaidistas-smf","status":"publish","type":"product","link":"https:\/\/original-militaria.com\/en\/producto\/luftwaffe-rare-paratroopers-1st-model-gravity-knife-smf-luftwaffe-cuchillo-de-gravedad-1er-modelo-para-paracaidistas-smf\/","title":{"rendered":"Luftwaffe\/ Rare Variant Paratrooper\u00b4s 1st Model Gravity knife &#8220;SMF&#8221;&#8211;Luftwaffe\/ Rara Variante del Cuchillo de gravedad 1er Modelo para Paracaidistas &#8220;SMF&#8221;"},"content":{"rendered":"<p style=\"text-align: justify\"><span style=\"font-family: verdana, geneva, sans-serif;font-size: 12pt\">Excepcional y muy rara <strong>variante<\/strong> del fabricante <strong>&#8220;SMF&#8221;<\/strong> del <strong>1er modelo<\/strong> de cuchillo\/navaja gravitatorio para paracaidistas (Flieger-Kappmesser) de la Luftwaffe alemana durante la WW2, totalmente original y funcional. Esta variante del 1er modelo de dise\u00f1o fijo, no desmontable, fue <strong>fabricada \u00fanicamente entre 1937 y 1938<\/strong>, lo que la hace m\u00e1s rara todav\u00eda. Tiene una hoja roma de acero inoxidable con vaciado plano deslizante dentro de su bastidor met\u00e1lico en perfecto estado, dise\u00f1ada para abrirse con el uso de la gravedad, lo que permit\u00eda abrirla con una mano al ponerla hac\u00eda abajo mientras se levantaba la palanca de operaci\u00f3n. Tiene en el anverso de una de sus caras en un excelente relieve, el logotipo del fabricante, <strong>&#8220;El Rey sentado sosteniendo una espada desenvainada sobre las letras &#8220;SMF&#8221;<\/strong> (abreviatura de Solingen Metallwaren-Fabrik Stocker &amp; Co.), logo perteneciente a <strong>&#8220;SMF&#8221;<\/strong> como se puede apreciar, llevando adem\u00e1s escrito en la parte inferior <strong>&#8220;Solingen, Rostfrei&#8221;<\/strong>. La empu\u00f1adura, con cachas de madera lisa de nogal, est\u00e1n como nuevas, firmemente remachadas al bastidor, con el anillo met\u00e1lico para el cord\u00f3n en su lugar bien fuerte. Las dos piezas que forman el mecanismo de apertura de la hoja (palanca y pasador) est\u00e1n grabadas con el n\u00famero <strong>&#8220;89&#8221;<\/strong>, lo que demuestra que se trata de un cuchillo nunca desmontado o reemplazado.\u00a0Al final de la empu\u00f1adura tenemos el Marlinspike o punz\u00f3n de desatado de nudo plegable tiene un receso para facilitar su extracci\u00f3n y mantiene intacta su punta original. La base de dicho punz\u00f3n est\u00e1 marcada con un<strong> &#8220;\u00c1guila estilizada&#8221;<\/strong> con el n\u00famero <strong>&#8220;5&#8221;<\/strong> (solo para SMF), <strong>variante<\/strong> del <strong>&#8220;Luftamt 5&#8221;<\/strong>, es decir, el &#8220;Waffenamt&#8221; de la Luftwaffe ( marca oficial de la Luftwaffe). Los tres remaches que sujetan el mecanismo bloqueado son visibles en un lado de la hoja, correspondiendo exactamente a su posici\u00f3n original. Seguro que es imposible encontrar uno como este en mejores condiciones. Como de costumbre, garantizo la originalidad indefinidamente.<\/span><\/p>\n","protected":false},"excerpt":{"rendered":"<p>Excepcional y muy rara variante del fabricante &#8220;SMF&#8221; del 1er modelo de cuchillo\/navaja gravitatorio para paracaidistas (Flieger-Kappmesser) de la Luftwaffe alemana durante la WW2, totalmente original y funcional. Esta variante del 1er modelo de dise\u00f1o fijo, no desmontable, fue fabricada \u00fanicamente entre 1937 y 1938, lo que la hace m\u00e1s rara todav\u00eda. Tiene una hoja &#8230; <a title=\"Luftwaffe\/ Rare Variant Paratrooper\u00b4s 1st Model Gravity knife &#8220;SMF&#8221;&#8211;Luftwaffe\/ Rara Variante del Cuchillo de gravedad 1er Modelo para Paracaidistas &#8220;SMF&#8221;\" class=\"read-more\" href=\"https:\/\/original-militaria.com\/en\/producto\/luftwaffe-rare-paratroopers-1st-model-gravity-knife-smf-luftwaffe-cuchillo-de-gravedad-1er-modelo-para-paracaidistas-smf\/\" aria-label=\"Read more about Luftwaffe\/ Rare Variant Paratrooper\u00b4s 1st Model Gravity knife &#8220;SMF&#8221;&#8211;Luftwaffe\/ Rara Variante del Cuchillo de gravedad 1er Modelo para Paracaidistas &#8220;SMF&#8221;\">Leer m\u00e1s<\/a><\/p>\n","protected":false},"featured_media":22517,"template":"","meta":[],"product_brand":[],"product_cat":[224],"product_tag":[],"class_list":{"0":"post-22448","1":"product","2":"type-product","3":"status-publish","4":"has-post-thumbnail","6":"product_cat-archivo-vendidos","7":"sales-flash-overlay","8":"woocommerce-text-align-center","9":"woocommerce-image-align-center","10":"do-quantity-buttons","12":"first","13":"outofstock","14":"shipping-taxable","15":"product-type-simple"},"_links":{"self":[{"href":"https:\/\/original-militaria.com\/en\/wp-json\/wp\/v2\/product\/22448","targetHints":{"allow":["GET"]}}],"collection":[{"href":"https:\/\/original-militaria.com\/en\/wp-json\/wp\/v2\/product"}],"about":[{"href":"https:\/\/original-militaria.com\/en\/wp-json\/wp\/v2\/types\/product"}],"wp:featuredmedia":[{"embeddable":true,"href":"https:\/\/original-militaria.com\/en\/wp-json\/wp\/v2\/media\/22517"}],"wp:attachment":[{"href":"https:\/\/original-militaria.com\/en\/wp-json\/wp\/v2\/media?parent=22448"}],"wp:term":[{"taxonomy":"product_brand","embeddable":true,"href":"https:\/\/original-militaria.com\/en\/wp-json\/wp\/v2\/product_brand?post=22448"},{"taxonomy":"product_cat","embeddable":true,"href":"https:\/\/original-militaria.com\/en\/wp-json\/wp\/v2\/product_cat?post=22448"},{"taxonomy":"product_tag","embeddable":true,"href":"https:\/\/original-militaria.com\/en\/wp-json\/wp\/v2\/product_tag?post=22448"}],"curies":[{"name":"wp","href":"https:\/\/api.w.org\/{rel}","templated":true}]}}