{"id":22428,"date":"2020-03-27T20:42:51","date_gmt":"2020-03-27T20:42:51","guid":{"rendered":"https:\/\/original-militaria.com\/?post_type=product&#038;p=22428"},"modified":"2022-01-31T19:09:07","modified_gmt":"2022-01-31T18:09:07","slug":"early-panzer-troop-em-ncos-m38-overseas-cap-modelo-temprano-de-gorra-de-campo-m38-para-suboficiales-y-tropas-panzer","status":"publish","type":"product","link":"https:\/\/original-militaria.com\/en\/producto\/early-panzer-troop-em-ncos-m38-overseas-cap-modelo-temprano-de-gorra-de-campo-m38-para-suboficiales-y-tropas-panzer\/","title":{"rendered":"End of War Panzer Troop M38 Overseas Cap of the1st Panzer Regiment, Very hard to find!\u2014 Gorra de Campo M38 de Final de Guerra del 1er Regimiento Panzer"},"content":{"rendered":"<p style=\"text-align: justify\"><span style=\"font-family: verdana, geneva, sans-serif;font-size: 12pt\">Gorra de campo M38 (Feldm\u00fctze M38) de final de guerra del <strong>Suboficial del 1er Regimiento Panzer<\/strong>. Fabricada en lana negra, tiene paneles laterales a modo de orejeras, en uno de ellos lleva cosida a mano una <strong>&#8220;hoja de roble de aluminio&#8221;<\/strong> para miembros de la <strong>1\u00aa Divisi\u00f3n Panzer<\/strong>. Insignias tejidas en BeVo cosidas a m\u00e1quina. En el interior tenemos el forro de algod\u00f3n verde grisaceo con restos del sello con <strong>manufactura del fabricante<\/strong> (ilegible) y la talla <strong>&#8220;58&#8221;<\/strong>. Tiene en el interior dos orificios para la ventilaci\u00f3n. Perfecto estado.\u00a0<\/span><\/p>\n<p style=\"text-align: justify\"><span style=\"font-family: verdana, geneva, sans-serif;font-size: 12pt\"><strong>Nota:<\/strong> Las nuevas directrices del 10 de julio de 1942 suprim\u00edan el uso del cord\u00f3n trenzado o soutache indicativo del arma al que pertenec\u00edan ordenando que se eliminaran, aunque no se cumpli\u00f3 estrictamente.<\/span><\/p>\n<p><span style=\"font-family: verdana, geneva, sans-serif;font-size: 12pt\"><strong>Nota 1:<\/strong> Tenemos a la venta los pantalones de este suboficial.<\/span><\/p>\n","protected":false},"excerpt":{"rendered":"<p>Gorra de campo M38 (Feldm\u00fctze M38) de final de guerra del Suboficial del 1er Regimiento Panzer. Fabricada en lana negra, tiene paneles laterales a modo de orejeras, en uno de ellos lleva cosida a mano una &#8220;hoja de roble de aluminio&#8221; para miembros de la 1\u00aa Divisi\u00f3n Panzer. Insignias tejidas en BeVo cosidas a m\u00e1quina. &#8230; <a title=\"End of War Panzer Troop M38 Overseas Cap of the1st Panzer Regiment, Very hard to find!\u2014 Gorra de Campo M38 de Final de Guerra del 1er Regimiento Panzer\" class=\"read-more\" href=\"https:\/\/original-militaria.com\/en\/producto\/early-panzer-troop-em-ncos-m38-overseas-cap-modelo-temprano-de-gorra-de-campo-m38-para-suboficiales-y-tropas-panzer\/\" aria-label=\"Read more about End of War Panzer Troop M38 Overseas Cap of the1st Panzer Regiment, Very hard to find!\u2014 Gorra de Campo M38 de Final de Guerra del 1er Regimiento Panzer\">Leer m\u00e1s<\/a><\/p>\n","protected":false},"featured_media":22450,"template":"","meta":[],"product_brand":[],"product_cat":[224],"product_tag":[],"class_list":{"0":"post-22428","1":"product","2":"type-product","3":"status-publish","4":"has-post-thumbnail","6":"product_cat-archivo-vendidos","7":"sales-flash-overlay","8":"woocommerce-text-align-center","9":"woocommerce-image-align-center","10":"do-quantity-buttons","12":"first","13":"outofstock","14":"shipping-taxable","15":"product-type-simple"},"_links":{"self":[{"href":"https:\/\/original-militaria.com\/en\/wp-json\/wp\/v2\/product\/22428","targetHints":{"allow":["GET"]}}],"collection":[{"href":"https:\/\/original-militaria.com\/en\/wp-json\/wp\/v2\/product"}],"about":[{"href":"https:\/\/original-militaria.com\/en\/wp-json\/wp\/v2\/types\/product"}],"wp:featuredmedia":[{"embeddable":true,"href":"https:\/\/original-militaria.com\/en\/wp-json\/wp\/v2\/media\/22450"}],"wp:attachment":[{"href":"https:\/\/original-militaria.com\/en\/wp-json\/wp\/v2\/media?parent=22428"}],"wp:term":[{"taxonomy":"product_brand","embeddable":true,"href":"https:\/\/original-militaria.com\/en\/wp-json\/wp\/v2\/product_brand?post=22428"},{"taxonomy":"product_cat","embeddable":true,"href":"https:\/\/original-militaria.com\/en\/wp-json\/wp\/v2\/product_cat?post=22428"},{"taxonomy":"product_tag","embeddable":true,"href":"https:\/\/original-militaria.com\/en\/wp-json\/wp\/v2\/product_tag?post=22428"}],"curies":[{"name":"wp","href":"https:\/\/api.w.org\/{rel}","templated":true}]}}