{"id":21090,"date":"2020-01-12T16:05:47","date_gmt":"2020-01-12T16:05:47","guid":{"rendered":"https:\/\/original-militaria.com\/?post_type=product&#038;p=21090"},"modified":"2022-01-31T19:09:07","modified_gmt":"2022-01-31T18:09:07","slug":"panzer-troop-officers-overseas-cap-gorra-de-guarnicion-de-oficial-de-tropas-panzer","status":"publish","type":"product","link":"https:\/\/original-militaria.com\/en\/producto\/panzer-troop-officers-overseas-cap-gorra-de-guarnicion-de-oficial-de-tropas-panzer\/","title":{"rendered":"Panzer Troop Officer&#8217;s Overseas Cap &#8212; Gorra de Guarnici\u00f3n de Oficial de Tropas Panzer"},"content":{"rendered":"<p style=\"text-align: justify\"><span style=\"font-family: verdana, geneva, sans-serif;font-size: 12pt\">Gorra de guarnici\u00f3n (Feldm\u00fctze) para un Oficial de tropas Panzer. Fabricada en fina lana con mezcla re ray\u00f3n, tiene\u00a0 en el borde de la corona y en los paneles laterales el cordoncillo entubado, trenzado en hilos de aluminio, indicativo de que es de Oficial. La escarapela est\u00e1 flanqueada por un soutache con el color rosa del arma (waffenfarbe) en forma de <strong>&#8220;V&#8221;<\/strong> invertida, indicativa del arma. El \u00e1guila tejida de plata y la escarapela del Reich cosidas a mano. En el interior tenemos el forro de seda sint\u00e9tica con dos orificios para la ventilaci\u00f3n y estampada en el forro, la manufactura del fabricante, el a\u00f1o <strong>1940<\/strong> y la talla, una <strong>59<\/strong>.\u00a0<\/span><\/p>\n<p style=\"text-align: justify\"><span style=\"font-family: verdana, geneva, sans-serif;font-size: 12pt\"><strong>Nota:<\/strong> Las nuevas directrices del 10 de julio de 1942 suprim\u00edan el uso del cord\u00f3n trenzado o soutache indicativo del arma al que pertenec\u00edan\u00a0 ordenando que se eliminaran, aunque no se cumpli\u00f3 estrictamente. <\/span><\/p>\n","protected":false},"excerpt":{"rendered":"<p>Gorra de guarnici\u00f3n (Feldm\u00fctze) para un Oficial de tropas Panzer. Fabricada en fina lana con mezcla re ray\u00f3n, tiene\u00a0 en el borde de la corona y en los paneles laterales el cordoncillo entubado, trenzado en hilos de aluminio, indicativo de que es de Oficial. La escarapela est\u00e1 flanqueada por un soutache con el color rosa &#8230; <a title=\"Panzer Troop Officer&#8217;s Overseas Cap &#8212; Gorra de Guarnici\u00f3n de Oficial de Tropas Panzer\" class=\"read-more\" href=\"https:\/\/original-militaria.com\/en\/producto\/panzer-troop-officers-overseas-cap-gorra-de-guarnicion-de-oficial-de-tropas-panzer\/\" aria-label=\"Read more about Panzer Troop Officer&#8217;s Overseas Cap &#8212; Gorra de Guarnici\u00f3n de Oficial de Tropas Panzer\">Leer m\u00e1s<\/a><\/p>\n","protected":false},"featured_media":21091,"template":"","meta":[],"product_brand":[],"product_cat":[224],"product_tag":[],"class_list":{"0":"post-21090","1":"product","2":"type-product","3":"status-publish","4":"has-post-thumbnail","6":"product_cat-archivo-vendidos","7":"sales-flash-overlay","8":"woocommerce-text-align-center","9":"woocommerce-image-align-center","10":"do-quantity-buttons","12":"first","13":"outofstock","14":"shipping-taxable","15":"product-type-simple"},"_links":{"self":[{"href":"https:\/\/original-militaria.com\/en\/wp-json\/wp\/v2\/product\/21090","targetHints":{"allow":["GET"]}}],"collection":[{"href":"https:\/\/original-militaria.com\/en\/wp-json\/wp\/v2\/product"}],"about":[{"href":"https:\/\/original-militaria.com\/en\/wp-json\/wp\/v2\/types\/product"}],"wp:featuredmedia":[{"embeddable":true,"href":"https:\/\/original-militaria.com\/en\/wp-json\/wp\/v2\/media\/21091"}],"wp:attachment":[{"href":"https:\/\/original-militaria.com\/en\/wp-json\/wp\/v2\/media?parent=21090"}],"wp:term":[{"taxonomy":"product_brand","embeddable":true,"href":"https:\/\/original-militaria.com\/en\/wp-json\/wp\/v2\/product_brand?post=21090"},{"taxonomy":"product_cat","embeddable":true,"href":"https:\/\/original-militaria.com\/en\/wp-json\/wp\/v2\/product_cat?post=21090"},{"taxonomy":"product_tag","embeddable":true,"href":"https:\/\/original-militaria.com\/en\/wp-json\/wp\/v2\/product_tag?post=21090"}],"curies":[{"name":"wp","href":"https:\/\/api.w.org\/{rel}","templated":true}]}}