{"id":20876,"date":"2020-01-05T00:10:06","date_gmt":"2020-01-05T00:10:06","guid":{"rendered":"https:\/\/original-militaria.com\/?post_type=product&#038;p=20876"},"modified":"2020-11-21T20:33:45","modified_gmt":"2020-11-21T20:33:45","slug":"anti-air-passive-defense-armband-no-71-with-seal-republican-zone-brazalete-de-defensa-pasiva-antiaerea-no-71-con-sello-zona-republicana","status":"publish","type":"product","link":"https:\/\/original-militaria.com\/en\/producto\/anti-air-passive-defense-armband-no-71-with-seal-republican-zone-brazalete-de-defensa-pasiva-antiaerea-no-71-con-sello-zona-republicana\/","title":{"rendered":"Anti-Air Passive Defense Armband No. 71 with seal, Republican zone &#8212;  Brazalete de Defensa Pasiva Antia\u00e9rea N\u00ba 71 con sello, zona Republicana."},"content":{"rendered":"<p style=\"text-align: justify\"><span style=\"font-family: verdana, geneva, sans-serif;font-size: 12pt\">Rar\u00edsimo brazalete para un miembro del comit\u00e9 de Defensa Pasiva Antia\u00e9rea n\u00ba 71, zona Republicana, proviene de Andaluc\u00eda.<\/span><\/p>\n<p style=\"text-align: justify\"><span style=\"font-family: verdana, geneva, sans-serif;font-size: 12pt\">La defensa pasiva (lo que hoy llamar\u00edamos Protecci\u00f3n Civil), tiene su origen en un decreto firmado por Alcal\u00e1 Zamora en 1935, en el que se ordena la creaci\u00f3n del Comit\u00e9 Nacional para la Defensa Pasiva de la poblaci\u00f3n civil del que depender\u00e1n las Juntas Locales de Defensa Pasiva, modificado, a partir de 1937, por Manuel Aza\u00f1a, que aprueba una nueva orden con la que \u201cla organizaci\u00f3n de defensa pasiva contra los ataques a\u00e9reos es obligatoria en todo el territorio nacional\u201d. La misma orden obligaba a la creaci\u00f3n de los Comit\u00e9s Provinciales y Locales.<\/span><\/p>\n","protected":false},"excerpt":{"rendered":"<p>Rar\u00edsimo brazalete para un miembro del comit\u00e9 de Defensa Pasiva Antia\u00e9rea n\u00ba 71, zona Republicana, proviene de Andaluc\u00eda. La defensa pasiva (lo que hoy llamar\u00edamos Protecci\u00f3n Civil), tiene su origen en un decreto firmado por Alcal\u00e1 Zamora en 1935, en el que se ordena la creaci\u00f3n del Comit\u00e9 Nacional para la Defensa Pasiva de la &#8230; <a title=\"Anti-Air Passive Defense Armband No. 71 with seal, Republican zone &#8212;  Brazalete de Defensa Pasiva Antia\u00e9rea N\u00ba 71 con sello, zona Republicana.\" class=\"read-more\" href=\"https:\/\/original-militaria.com\/en\/producto\/anti-air-passive-defense-armband-no-71-with-seal-republican-zone-brazalete-de-defensa-pasiva-antiaerea-no-71-con-sello-zona-republicana\/\" aria-label=\"Read more about Anti-Air Passive Defense Armband No. 71 with seal, Republican zone &#8212;  Brazalete de Defensa Pasiva Antia\u00e9rea N\u00ba 71 con sello, zona Republicana.\">Leer m\u00e1s<\/a><\/p>\n","protected":false},"featured_media":20884,"template":"","meta":[],"product_brand":[],"product_cat":[194],"product_tag":[],"class_list":{"0":"post-20876","1":"product","2":"type-product","3":"status-publish","4":"has-post-thumbnail","6":"product_cat-guerra-civil","7":"sales-flash-overlay","8":"woocommerce-text-align-center","9":"woocommerce-image-align-center","10":"do-quantity-buttons","12":"first","13":"instock","14":"shipping-taxable","15":"purchasable","16":"product-type-simple"},"_links":{"self":[{"href":"https:\/\/original-militaria.com\/en\/wp-json\/wp\/v2\/product\/20876","targetHints":{"allow":["GET"]}}],"collection":[{"href":"https:\/\/original-militaria.com\/en\/wp-json\/wp\/v2\/product"}],"about":[{"href":"https:\/\/original-militaria.com\/en\/wp-json\/wp\/v2\/types\/product"}],"wp:featuredmedia":[{"embeddable":true,"href":"https:\/\/original-militaria.com\/en\/wp-json\/wp\/v2\/media\/20884"}],"wp:attachment":[{"href":"https:\/\/original-militaria.com\/en\/wp-json\/wp\/v2\/media?parent=20876"}],"wp:term":[{"taxonomy":"product_brand","embeddable":true,"href":"https:\/\/original-militaria.com\/en\/wp-json\/wp\/v2\/product_brand?post=20876"},{"taxonomy":"product_cat","embeddable":true,"href":"https:\/\/original-militaria.com\/en\/wp-json\/wp\/v2\/product_cat?post=20876"},{"taxonomy":"product_tag","embeddable":true,"href":"https:\/\/original-militaria.com\/en\/wp-json\/wp\/v2\/product_tag?post=20876"}],"curies":[{"name":"wp","href":"https:\/\/api.w.org\/{rel}","templated":true}]}}