{"id":19559,"date":"2019-11-10T11:14:25","date_gmt":"2019-11-10T11:14:25","guid":{"rendered":"https:\/\/original-militaria.com\/?post_type=product&#038;p=19559"},"modified":"2025-12-27T18:00:06","modified_gmt":"2025-12-27T17:00:06","slug":"sculpture-jewel-francisco-franco-in-fine-silver-escultura-joya-francisco-franco-en-plata-fina","status":"publish","type":"product","link":"https:\/\/original-militaria.com\/en\/producto\/sculpture-jewel-francisco-franco-in-fine-silver-escultura-joya-francisco-franco-en-plata-fina\/","title":{"rendered":"Sculpture-Jewel \u00abFrancisco Franco\u00bb in Fine Silver &#8212; Escultura-Joya \u00abFrancisco Franco\u00bb en Plata Fina"},"content":{"rendered":"<p style=\"text-align: justify;\"><span style=\"font-family: verdana, geneva, sans-serif; font-size: 12pt;\">Escultura-joya <strong>\u00abFrancisco Franco 1892-1975\u00bb<\/strong> en <strong>Plata fina<\/strong> fabricada en edici\u00f3n limitada de 500 piezas numeradas por <strong>\u00abDistribuidora Internacional Acu\u00f1aciones S.A\u00bb<\/strong> en los a\u00f1os <strong>70<\/strong>, esta en concreto, tiene una numeraci\u00f3n muy baja, la n\u00famero <strong>\u00ab0252\u00bb<\/strong>. Viene con su caja de embalaje original y su tarjeta de garant\u00eda. El busto en peana de m\u00e1rmol mide 20,50 cm, 13,50 cm el busto y 7 cm la peana. Casi imposible de encontrar.<\/span><\/p>\n<p><span style=\"font-family: verdana, geneva, sans-serif; font-size: 12pt;\"><strong>Nota.-<\/strong> Esta escultura fue vendida por nosotros en 2016, es un art\u00edculo en dep\u00f3sito por el mismo precio que se vendi\u00f3.<\/span><\/p>\n","protected":false},"excerpt":{"rendered":"<p>Escultura-joya \u00abFrancisco Franco 1892-1975\u00bb en Plata fina fabricada en edici\u00f3n limitada de 500 piezas numeradas por \u00abDistribuidora Internacional Acu\u00f1aciones S.A\u00bb en los a\u00f1os 70, esta en concreto, tiene una numeraci\u00f3n muy baja, la n\u00famero \u00ab0252\u00bb. Viene con su caja de embalaje original y su tarjeta de garant\u00eda. El busto en peana de m\u00e1rmol mide 20,50 &#8230; <a title=\"Sculpture-Jewel \u00abFrancisco Franco\u00bb in Fine Silver &#8212; Escultura-Joya \u00abFrancisco Franco\u00bb en Plata Fina\" class=\"read-more\" href=\"https:\/\/original-militaria.com\/en\/producto\/sculpture-jewel-francisco-franco-in-fine-silver-escultura-joya-francisco-franco-en-plata-fina\/\" aria-label=\"Read more about Sculpture-Jewel \u00abFrancisco Franco\u00bb in Fine Silver &#8212; Escultura-Joya \u00abFrancisco Franco\u00bb en Plata Fina\">Leer m\u00e1s<\/a><\/p>\n","protected":false},"featured_media":19560,"template":"","meta":[],"product_brand":[],"product_cat":[173,195,217],"product_tag":[],"class_list":{"0":"post-19559","1":"product","2":"type-product","3":"status-publish","4":"has-post-thumbnail","6":"product_cat-militaria-espanola","7":"product_cat-epoca-de-franco","8":"product_cat-miscelanea-en-general","9":"sales-flash-overlay","10":"woocommerce-text-align-center","11":"woocommerce-image-align-center","12":"do-quantity-buttons","14":"first","15":"instock","16":"shipping-taxable","17":"purchasable","18":"product-type-simple"},"_links":{"self":[{"href":"https:\/\/original-militaria.com\/en\/wp-json\/wp\/v2\/product\/19559","targetHints":{"allow":["GET"]}}],"collection":[{"href":"https:\/\/original-militaria.com\/en\/wp-json\/wp\/v2\/product"}],"about":[{"href":"https:\/\/original-militaria.com\/en\/wp-json\/wp\/v2\/types\/product"}],"wp:featuredmedia":[{"embeddable":true,"href":"https:\/\/original-militaria.com\/en\/wp-json\/wp\/v2\/media\/19560"}],"wp:attachment":[{"href":"https:\/\/original-militaria.com\/en\/wp-json\/wp\/v2\/media?parent=19559"}],"wp:term":[{"taxonomy":"product_brand","embeddable":true,"href":"https:\/\/original-militaria.com\/en\/wp-json\/wp\/v2\/product_brand?post=19559"},{"taxonomy":"product_cat","embeddable":true,"href":"https:\/\/original-militaria.com\/en\/wp-json\/wp\/v2\/product_cat?post=19559"},{"taxonomy":"product_tag","embeddable":true,"href":"https:\/\/original-militaria.com\/en\/wp-json\/wp\/v2\/product_tag?post=19559"}],"curies":[{"name":"wp","href":"https:\/\/api.w.org\/{rel}","templated":true}]}}