{"id":19241,"date":"2019-10-29T19:55:36","date_gmt":"2019-10-29T19:55:36","guid":{"rendered":"https:\/\/original-militaria.com\/?post_type=product&#038;p=19241"},"modified":"2022-03-20T17:31:18","modified_gmt":"2022-03-20T16:31:18","slug":"hj-insignia-de-honor-del-alto-mando-para-extranjeros-distinguidos-en-su-sobre-hj-high-command-decoration-for-distinguished-foreigners-in-his-envelope","status":"publish","type":"product","link":"https:\/\/original-militaria.com\/en\/producto\/hj-insignia-de-honor-del-alto-mando-para-extranjeros-distinguidos-en-su-sobre-hj-high-command-decoration-for-distinguished-foreigners-in-his-envelope\/","title":{"rendered":"Hitler Youth\/ High Command Decoration for Distinguished Foreigners in his Envelope&#8211;HJ\/ Insignia de Honor del Alto Mando para Extranjeros Distinguidos en su Sobre"},"content":{"rendered":"<p><span style=\"font-family: verdana, geneva, sans-serif; font-size: 12pt;\">Una de las m\u00e1s raras, escasas y dif\u00edciles insignias de encontrar de las Hitlerjugend a un excelente precio, muy por debajo del suyo en otras militarias sin estar en este estado y sin su papel de embalaje y su\u00a0 sobre original del fabricante, como se entregaban.\u00a0<\/span><\/p>\n<p style=\"text-align: justify;\"><span style=\"font-family: verdana, geneva, sans-serif; font-size: 12pt;\">Hemos tenido la suerte de contactar personalmente con el hijo del que fue desde 1944 hasta 1945, \u00faltimo Jefe de las Juventudes Hitlerianas en Espa\u00f1a, el <strong>Landesjugendf\u00fcrer Bernhad Feuerriegel<\/strong>, el cual despu\u00e9s del final de la WW2 quedo afincado en el norte de Espa\u00f1a.<\/span><\/p>\n<p style=\"text-align: justify;\"><span style=\"font-family: verdana, geneva, sans-serif; font-size: 12pt;\">Hemos podido adquirir varias unidades sin estrenar de esta magn\u00edfica, rara y escasa Insignia de Honor de la &#8220;HJ&#8221; concedida \u00fanicamente a Extranjeros Distinguidos (HJ Ehrenzeichen f\u00fcr verdiente Ausl\u00e4nder).<\/span><\/p>\n<p style=\"text-align: justify;\"><span style=\"font-family: verdana, geneva, sans-serif; font-size: 12pt;\">Todas sin estrenar, no las hemos limpiado, est\u00e1n tal cual, tal como la hemos sacado de su envoltorio, guardadas desde el final de la WW2 por la familia en Espa\u00f1a, en perfecto estado, envuelta en su papel de embalaje y su sobre de concesi\u00f3n original.<\/span><\/p>\n<p style=\"text-align: justify;\"><span style=\"font-family: verdana, geneva, sans-serif; font-size: 12pt;\"><strong>Al comprador, con permiso expreso del hijo, se le har\u00e1 llegar fotos sacadas por nosotros de: <\/strong><\/span><\/p>\n<p style=\"text-align: justify;\"><span style=\"font-family: verdana, geneva, sans-serif; font-size: 12pt;\"><strong>1\/ Del original Wehrpas y Reisepass completos del Landesjugendf\u00fcrer Bernhad Feuerriegel<\/strong><\/span><\/p>\n<p style=\"text-align: justify;\"><span style=\"font-family: verdana, geneva, sans-serif; font-size: 12pt;\"><strong>2\/ De diversos documentos originales acreditativos de su mando e instancia en Espa\u00f1a<\/strong><\/span><\/p>\n<p style=\"text-align: justify;\"><span style=\"font-family: verdana, geneva, sans-serif; font-size: 12pt;\"><strong>3\/ De diversas fotos originales<\/strong><\/span><\/p>\n<p style=\"text-align: justify;\"><span style=\"font-family: verdana, geneva, sans-serif; font-size: 12pt;\"><strong>4\/ De recortes de peri\u00f3dicos de la \u00e9poca en alem\u00e1n y en Espa\u00f1ol acreditativos de forma incontestable de su originalidad<\/strong><\/span><\/p>\n<p style=\"text-align: justify;\"><span style=\"font-family: verdana, geneva, sans-serif; font-size: 12pt;\"><strong>Entregaremos gratuitamente nuestro foto-certificado de autenticidad de por vida y a todos los efectos.<\/strong><\/span><\/p>\n<p style=\"text-align: justify;\"><span style=\"font-family: verdana, geneva, sans-serif; font-size: 12pt;\">Se trata de una placa ovalada no ferrosa que mide 34 mm por 28 mm y est\u00e1 ligeramente convexa. Tiene una fina l\u00ednea de borde elevado y una l\u00ednea similar con una sangr\u00eda de 2 mm. En la l\u00ednea de esmalte opaco color chocolate est\u00e1 la inscripci\u00f3n &#8216;HITLER JUGEND&#8217;. El campo central se rellena con esmalte opaco blanquecino. Las partes met\u00e1licas elevadas de la insignia se doran y sobre el cuerpo de la insignia se coloca un \u00e1guila pol\u00edtica de alas anchas, las alas se superponen al borde de la insignia. El diamante HJ se superpone sobre un par de hojas de roble que sobresalen verticalmente a trav\u00e9s de la placa. El \u00e1guila mide 28 mm desde la punta del diamante HJ hasta la parte superior de la cabeza y la envergadura es de 32 mm. El diamante HJ mide 18 mm por 12 mm. Todas las partes met\u00e1licas del \u00e1guila y la insignia HJ est\u00e1n acabadas en plata mate. El reverso es liso con tres agujeros con remaches. En el reverso de la placa oblonga, tiene un engarzado en medio a trav\u00e9s del cual pasa el clip del pasador de seguridad. La placa oblonga mide 14 mm por 5,5 mm. Todo el reverso est\u00e1 dorado con la parte de los remaches que sobresale de plata.<\/span><\/p>\n<p style=\"text-align: justify;\"><span style=\"font-family: verdana, geneva, sans-serif; font-size: 12pt;\">Instituida en 1941 por el Alto Comando de las HitlerJugend, para recompensar el servicio por parte de ciudadanos extranjeros. Solo podr\u00eda conferirse a los no alemanes. Este premio probablemente no fue otorgado m\u00e1s de 350 veces, por lo que es un premio muy raro. Entre otros, este premio en Espa\u00f1a fue entregado a D. Jos\u00e9 Antonio Elola-Olaso y D\u00f1. Pilar Primo de Rivera.<\/span><\/p>\n<p style=\"text-align: justify;\"><span style=\"font-family: verdana, geneva, sans-serif; font-size: 12pt;\">Muy rara vez se encuentra original y en perfecto estado, con documentaci\u00f3n abundante del Jefe de las HJ en Espa\u00f1a (aunque sean fotos de los originales sacadas por nosotros) pero que demuestran de forma fehaciente su procedencia.<\/span><\/p>\n","protected":false},"excerpt":{"rendered":"<p>Una de las m\u00e1s raras, escasas y dif\u00edciles insignias de encontrar de las Hitlerjugend a un excelente precio, muy por debajo del suyo en otras militarias sin estar en este estado y sin su papel de embalaje y su\u00a0 sobre original del fabricante, como se entregaban.\u00a0 Hemos tenido la suerte de contactar personalmente con el &#8230; <a title=\"Hitler Youth\/ High Command Decoration for Distinguished Foreigners in his Envelope&#8211;HJ\/ Insignia de Honor del Alto Mando para Extranjeros Distinguidos en su Sobre\" class=\"read-more\" href=\"https:\/\/original-militaria.com\/en\/producto\/hj-insignia-de-honor-del-alto-mando-para-extranjeros-distinguidos-en-su-sobre-hj-high-command-decoration-for-distinguished-foreigners-in-his-envelope\/\" aria-label=\"Read more about Hitler Youth\/ High Command Decoration for Distinguished Foreigners in his Envelope&#8211;HJ\/ Insignia de Honor del Alto Mando para Extranjeros Distinguidos en su Sobre\">Leer m\u00e1s<\/a><\/p>\n","protected":false},"featured_media":19245,"template":"","meta":[],"product_brand":[],"product_cat":[224],"product_tag":[],"class_list":{"0":"post-19241","1":"product","2":"type-product","3":"status-publish","4":"has-post-thumbnail","6":"product_cat-archivo-vendidos","7":"sales-flash-overlay","8":"woocommerce-text-align-center","9":"woocommerce-image-align-center","10":"do-quantity-buttons","12":"first","13":"outofstock","14":"shipping-taxable","15":"product-type-simple"},"_links":{"self":[{"href":"https:\/\/original-militaria.com\/en\/wp-json\/wp\/v2\/product\/19241","targetHints":{"allow":["GET"]}}],"collection":[{"href":"https:\/\/original-militaria.com\/en\/wp-json\/wp\/v2\/product"}],"about":[{"href":"https:\/\/original-militaria.com\/en\/wp-json\/wp\/v2\/types\/product"}],"wp:featuredmedia":[{"embeddable":true,"href":"https:\/\/original-militaria.com\/en\/wp-json\/wp\/v2\/media\/19245"}],"wp:attachment":[{"href":"https:\/\/original-militaria.com\/en\/wp-json\/wp\/v2\/media?parent=19241"}],"wp:term":[{"taxonomy":"product_brand","embeddable":true,"href":"https:\/\/original-militaria.com\/en\/wp-json\/wp\/v2\/product_brand?post=19241"},{"taxonomy":"product_cat","embeddable":true,"href":"https:\/\/original-militaria.com\/en\/wp-json\/wp\/v2\/product_cat?post=19241"},{"taxonomy":"product_tag","embeddable":true,"href":"https:\/\/original-militaria.com\/en\/wp-json\/wp\/v2\/product_tag?post=19241"}],"curies":[{"name":"wp","href":"https:\/\/api.w.org\/{rel}","templated":true}]}}