{"id":18223,"date":"2019-09-17T12:38:21","date_gmt":"2019-09-17T12:38:21","guid":{"rendered":"https:\/\/original-militaria.com\/?post_type=product&#038;p=18223"},"modified":"2022-01-31T19:09:06","modified_gmt":"2022-01-31T18:09:06","slug":"wehrmacht-bayoneta-de-paseo-transformada-en-cuchillo-de-combate","status":"publish","type":"product","link":"https:\/\/original-militaria.com\/en\/producto\/wehrmacht-bayoneta-de-paseo-transformada-en-cuchillo-de-combate\/","title":{"rendered":"Wehrmacht\/ Bayonet transformed into a combat knife &#8211;WH\/  Bayoneta de Paseo Transformada en cuchillo de Combate"},"content":{"rendered":"<p style=\"text-align: justify\"><span style=\"font-family: verdana, geneva, sans-serif;font-size: 12pt\">T\u00edpica bayoneta de paseo a la cual se le ha rebajado y afilado la hoja de acero para hacerla servir como cuchillo de combate, tiene su pomo estilizado con cabeza de \u00e1guila donde la ranura y el bot\u00f3n del perno est\u00e1n intactos. Las guarniciones son de n\u00edquel\/plata. Tiene la empu\u00f1aduras de baquelita marr\u00f3n moldeada con ranuras de diamante que est\u00e1n aseguradas a la empu\u00f1adura por dos peque\u00f1os remaches de acero con cabeza de c\u00fapula. La vaina es la t\u00edpica de un cuchillo de trinchera o combate, incluso podr\u00eda ser de HJ. Se encuentran pocos.<\/span><\/p>\n","protected":false},"excerpt":{"rendered":"<p>T\u00edpica bayoneta de paseo a la cual se le ha rebajado y afilado la hoja de acero para hacerla servir como cuchillo de combate, tiene su pomo estilizado con cabeza de \u00e1guila donde la ranura y el bot\u00f3n del perno est\u00e1n intactos. Las guarniciones son de n\u00edquel\/plata. Tiene la empu\u00f1aduras de baquelita marr\u00f3n moldeada con &#8230; <a title=\"Wehrmacht\/ Bayonet transformed into a combat knife &#8211;WH\/  Bayoneta de Paseo Transformada en cuchillo de Combate\" class=\"read-more\" href=\"https:\/\/original-militaria.com\/en\/producto\/wehrmacht-bayoneta-de-paseo-transformada-en-cuchillo-de-combate\/\" aria-label=\"Read more about Wehrmacht\/ Bayonet transformed into a combat knife &#8211;WH\/  Bayoneta de Paseo Transformada en cuchillo de Combate\">Leer m\u00e1s<\/a><\/p>\n","protected":false},"featured_media":18224,"template":"","meta":[],"product_brand":[],"product_cat":[224],"product_tag":[],"class_list":{"0":"post-18223","1":"product","2":"type-product","3":"status-publish","4":"has-post-thumbnail","6":"product_cat-archivo-vendidos","7":"sales-flash-overlay","8":"woocommerce-text-align-center","9":"woocommerce-image-align-center","10":"do-quantity-buttons","12":"first","13":"outofstock","14":"shipping-taxable","15":"product-type-simple"},"_links":{"self":[{"href":"https:\/\/original-militaria.com\/en\/wp-json\/wp\/v2\/product\/18223","targetHints":{"allow":["GET"]}}],"collection":[{"href":"https:\/\/original-militaria.com\/en\/wp-json\/wp\/v2\/product"}],"about":[{"href":"https:\/\/original-militaria.com\/en\/wp-json\/wp\/v2\/types\/product"}],"wp:featuredmedia":[{"embeddable":true,"href":"https:\/\/original-militaria.com\/en\/wp-json\/wp\/v2\/media\/18224"}],"wp:attachment":[{"href":"https:\/\/original-militaria.com\/en\/wp-json\/wp\/v2\/media?parent=18223"}],"wp:term":[{"taxonomy":"product_brand","embeddable":true,"href":"https:\/\/original-militaria.com\/en\/wp-json\/wp\/v2\/product_brand?post=18223"},{"taxonomy":"product_cat","embeddable":true,"href":"https:\/\/original-militaria.com\/en\/wp-json\/wp\/v2\/product_cat?post=18223"},{"taxonomy":"product_tag","embeddable":true,"href":"https:\/\/original-militaria.com\/en\/wp-json\/wp\/v2\/product_tag?post=18223"}],"curies":[{"name":"wp","href":"https:\/\/api.w.org\/{rel}","templated":true}]}}