{"id":18050,"date":"2019-09-17T11:43:08","date_gmt":"2019-09-17T11:43:08","guid":{"rendered":"https:\/\/original-militaria.com\/?post_type=product&#038;p=18050"},"modified":"2022-01-31T19:09:06","modified_gmt":"2022-01-31T18:09:06","slug":"miniature-mothers-cross-in-bronze-l-21-miniatura-de-la-cruz-de-la-madre-en-bronce-marcadal-21","status":"publish","type":"product","link":"https:\/\/original-militaria.com\/en\/producto\/miniature-mothers-cross-in-bronze-l-21-miniatura-de-la-cruz-de-la-madre-en-bronce-marcadal-21\/","title":{"rendered":"Miniature Mother\u00b4s Cross in Bronze &#8220;L\/21&#8243;&#8212;Miniatura de la Cruz de la Madre en Bronce Marcada&#8221;L\/21&#8221;"},"content":{"rendered":"<p style=\"text-align: justify\"><span style=\"font-size: 12pt;font-family: verdana, geneva, sans-serif\"><strong>ANTECEDENTES:<\/strong> Introducida por Hitler el 16 de diciembre de 1938 como parte de una gran campa\u00f1a de propaganda destinada a aumentar la tasa de natalidad. El premio fue designado oficialmente Cruz de Honor de la Madre Alemana, y se estableci\u00f3 en tres grados para premiar a las futuras madres, bronce para premiar de cuatro o cinco hijos, plata para seis o siete hijos y oro teniendo ocho o m\u00e1s hijos. Los criterios de adjudicaci\u00f3n inclu\u00edan el que los padres fueran de sangre alemana pura, y que la madre fuera digna de tal honor. En su introducci\u00f3n, la cruz hab\u00eda llevaba la inscripci\u00f3n &#8220;Das kind adelt die Mutter&#8221;, (El ni\u00f1o ennoblece a la madre), pero esto fue cambiado en 1939. El otorgamiento de la cruz fue acompa\u00f1ado por un certificado de concesi\u00f3n, un incentivo en efectivo por cada hijo nacido y una cruz en miniatura para llevar a diario. Los miembros de todas las organizaciones juveniles estaban obligados a saludar a las portadoras de la Cruz de la Madre.<\/span><\/p>\n<p style=\"text-align: justify\"><span style=\"font-size: 12pt;font-family: verdana, geneva, sans-serif\"><strong>DESCRIPCION:<\/strong> Miniatura 2\u00ba modelo de la Cruz de la Madre en bronce (Ehrenkreuz der Deutschen Mutter), con esmaltes al fuego en azul, blanco y negro perfectos. Tiene forma de Cruz Cristiana con los brazos hacia afuera estriadas en esmalte azul semi-transparente con un borde de esmalte blanco con rayos de sol que emanan entre sus brazos. Tiene un campo central circular sobre base de esmalte blanco con una esv\u00e1stica negra rodeada con la leyenda &#8220;Der Deutschen Mutter&#8221; (La Madre alemana). En el reverso la leyenda &#8220;16 Dezember 1938&#8221;, facs\u00edmile de la firma de Hitler y la manufactura del fabricante <strong>&#8220;L\/21&#8221;<\/strong>, correspondiente al fabricante <strong>&#8220;Foerster &amp; Barth -Pforzheim&#8221;<\/strong>. Viene completa con la cinta de ray\u00f3n original bicolor (azul y blanco) y su alfiler. Buen estado y rara.<\/span><\/p>\n","protected":false},"excerpt":{"rendered":"<p>ANTECEDENTES: Introducida por Hitler el 16 de diciembre de 1938 como parte de una gran campa\u00f1a de propaganda destinada a aumentar la tasa de natalidad. El premio fue designado oficialmente Cruz de Honor de la Madre Alemana, y se estableci\u00f3 en tres grados para premiar a las futuras madres, bronce para premiar de cuatro o &#8230; <a title=\"Miniature Mother\u00b4s Cross in Bronze &#8220;L\/21&#8243;&#8212;Miniatura de la Cruz de la Madre en Bronce Marcada&#8221;L\/21&#8221;\" class=\"read-more\" href=\"https:\/\/original-militaria.com\/en\/producto\/miniature-mothers-cross-in-bronze-l-21-miniatura-de-la-cruz-de-la-madre-en-bronce-marcadal-21\/\" aria-label=\"Read more about Miniature Mother\u00b4s Cross in Bronze &#8220;L\/21&#8243;&#8212;Miniatura de la Cruz de la Madre en Bronce Marcada&#8221;L\/21&#8221;\">Leer m\u00e1s<\/a><\/p>\n","protected":false},"featured_media":18194,"template":"","meta":[],"product_brand":[],"product_cat":[172,224],"product_tag":[],"class_list":{"0":"post-18050","1":"product","2":"type-product","3":"status-publish","4":"has-post-thumbnail","6":"product_cat-militaria-alemana-ww2","7":"product_cat-archivo-vendidos","8":"sales-flash-overlay","9":"woocommerce-text-align-center","10":"woocommerce-image-align-center","11":"do-quantity-buttons","13":"first","14":"outofstock","15":"shipping-taxable","16":"product-type-simple"},"_links":{"self":[{"href":"https:\/\/original-militaria.com\/en\/wp-json\/wp\/v2\/product\/18050","targetHints":{"allow":["GET"]}}],"collection":[{"href":"https:\/\/original-militaria.com\/en\/wp-json\/wp\/v2\/product"}],"about":[{"href":"https:\/\/original-militaria.com\/en\/wp-json\/wp\/v2\/types\/product"}],"wp:featuredmedia":[{"embeddable":true,"href":"https:\/\/original-militaria.com\/en\/wp-json\/wp\/v2\/media\/18194"}],"wp:attachment":[{"href":"https:\/\/original-militaria.com\/en\/wp-json\/wp\/v2\/media?parent=18050"}],"wp:term":[{"taxonomy":"product_brand","embeddable":true,"href":"https:\/\/original-militaria.com\/en\/wp-json\/wp\/v2\/product_brand?post=18050"},{"taxonomy":"product_cat","embeddable":true,"href":"https:\/\/original-militaria.com\/en\/wp-json\/wp\/v2\/product_cat?post=18050"},{"taxonomy":"product_tag","embeddable":true,"href":"https:\/\/original-militaria.com\/en\/wp-json\/wp\/v2\/product_tag?post=18050"}],"curies":[{"name":"wp","href":"https:\/\/api.w.org\/{rel}","templated":true}]}}