{"id":17810,"date":"2019-04-28T12:23:29","date_gmt":"2019-04-28T12:23:29","guid":{"rendered":"https:\/\/original-militaria.com\/?post_type=product&#038;p=17810"},"modified":"2022-01-31T19:09:05","modified_gmt":"2022-01-31T18:09:05","slug":"wh-km-em-ncos-belt-buckle-wh-km-hebilla-de-tropa-y-suboficiales","status":"publish","type":"product","link":"https:\/\/original-militaria.com\/en\/producto\/wh-km-em-ncos-belt-buckle-wh-km-hebilla-de-tropa-y-suboficiales\/","title":{"rendered":"WH\/KM, Unissued Late War EM\/NCO&#8217;S Grey Coated Steel Buckle&#8212;WH\/KM, Hebilla de Final de Guerra Color Azul Grisaceo de Tropa y Suboficiales"},"content":{"rendered":"<p style=\"text-align: justify;\"><span style=\"font-size: 12pt; font-family: verdana, geneva, sans-serif;\">Excelente hebilla (Koppelschlo\u00df) de final de guerra en excelente estado tanto para la Wehrmacht\/Heer, como para la artiller\u00eda de costa de la Kriegsmarine (K\u00fcstenartillerie), modelo fabricado entre 1944 y 1945 (En esta etapa final, todas las hebillas tanto para la WH como para la KM, as\u00ed como los botones fueron pintados de este color). Sin usar, con toda la pintura azul gris\u00e1cea, con signos de almacenamiento prolongado. No est\u00e1 marcada, pero es una variaci\u00f3n bien conocida atribuida a la compa\u00f1\u00eda de <strong>Br\u00fcder Schneider A.G., Wien (BSW)<\/strong>.<\/span><\/p>\n<p style=\"text-align: justify;\">\n","protected":false},"excerpt":{"rendered":"<p>Excelente hebilla (Koppelschlo\u00df) de final de guerra en excelente estado tanto para la Wehrmacht\/Heer, como para la artiller\u00eda de costa de la Kriegsmarine (K\u00fcstenartillerie), modelo fabricado entre 1944 y 1945 (En esta etapa final, todas las hebillas tanto para la WH como para la KM, as\u00ed como los botones fueron pintados de este color). Sin &#8230; <a title=\"WH\/KM, Unissued Late War EM\/NCO&#8217;S Grey Coated Steel Buckle&#8212;WH\/KM, Hebilla de Final de Guerra Color Azul Grisaceo de Tropa y Suboficiales\" class=\"read-more\" href=\"https:\/\/original-militaria.com\/en\/producto\/wh-km-em-ncos-belt-buckle-wh-km-hebilla-de-tropa-y-suboficiales\/\" aria-label=\"Read more about WH\/KM, Unissued Late War EM\/NCO&#8217;S Grey Coated Steel Buckle&#8212;WH\/KM, Hebilla de Final de Guerra Color Azul Grisaceo de Tropa y Suboficiales\">Leer m\u00e1s<\/a><\/p>\n","protected":false},"featured_media":17811,"template":"","meta":[],"product_brand":[],"product_cat":[172,224],"product_tag":[],"class_list":{"0":"post-17810","1":"product","2":"type-product","3":"status-publish","4":"has-post-thumbnail","6":"product_cat-militaria-alemana-ww2","7":"product_cat-archivo-vendidos","8":"sales-flash-overlay","9":"woocommerce-text-align-center","10":"woocommerce-image-align-center","11":"do-quantity-buttons","13":"first","14":"outofstock","15":"shipping-taxable","16":"product-type-simple"},"_links":{"self":[{"href":"https:\/\/original-militaria.com\/en\/wp-json\/wp\/v2\/product\/17810","targetHints":{"allow":["GET"]}}],"collection":[{"href":"https:\/\/original-militaria.com\/en\/wp-json\/wp\/v2\/product"}],"about":[{"href":"https:\/\/original-militaria.com\/en\/wp-json\/wp\/v2\/types\/product"}],"wp:featuredmedia":[{"embeddable":true,"href":"https:\/\/original-militaria.com\/en\/wp-json\/wp\/v2\/media\/17811"}],"wp:attachment":[{"href":"https:\/\/original-militaria.com\/en\/wp-json\/wp\/v2\/media?parent=17810"}],"wp:term":[{"taxonomy":"product_brand","embeddable":true,"href":"https:\/\/original-militaria.com\/en\/wp-json\/wp\/v2\/product_brand?post=17810"},{"taxonomy":"product_cat","embeddable":true,"href":"https:\/\/original-militaria.com\/en\/wp-json\/wp\/v2\/product_cat?post=17810"},{"taxonomy":"product_tag","embeddable":true,"href":"https:\/\/original-militaria.com\/en\/wp-json\/wp\/v2\/product_tag?post=17810"}],"curies":[{"name":"wp","href":"https:\/\/api.w.org\/{rel}","templated":true}]}}