{"id":17773,"date":"2019-03-31T14:35:25","date_gmt":"2019-03-31T14:35:25","guid":{"rendered":"https:\/\/original-militaria.com\/?post_type=product&#038;p=17773"},"modified":"2022-01-31T19:09:05","modified_gmt":"2022-01-31T18:09:05","slug":"luftwaffe-pilot-clothing-carrier-backpack-lw-maleta-mochila-de-piloto","status":"publish","type":"product","link":"https:\/\/original-militaria.com\/en\/producto\/luftwaffe-pilot-clothing-carrier-backpack-lw-maleta-mochila-de-piloto\/","title":{"rendered":"Luftwaffe\/ Pilot Clothing Carrier Backpack&#8212;LW\/ Maleta Mochila de Piloto"},"content":{"rendered":"<p style=\"text-align: justify\"><span style=\"font-family: verdana, geneva, sans-serif;font-size: 12pt\"><span style=\"font-family: verdana, geneva, sans-serif\"><span style=\"font-size: 12pt\"><b>ANTECEDENTES: <\/b>A l<\/span><\/span><\/span><span style=\"font-family: verdana, geneva, sans-serif;font-size: 12pt\">os pilotos de la Luftwaffe se les proporcionaba entre otros art\u00edculos como parte del equipo, una maleta mochila para guardar la ropa confeccionada.\u00a0<\/span><\/p>\n<p style=\"text-align: justify\"><span style=\"font-size: 12pt;font-family: verdana, geneva, sans-serif\"><strong>DESCRIPCION:<\/strong> Maleta-Mochila para Pilotos (Luftwaffe Flieger Kleidersack), construcci\u00f3n en fuerte tela de lino color azul gris\u00e1ceo para la LW, con accesorios de cuero y hebillas de metal. Completa, con todas su correas presentes, incluyendo las 2 que hacen que se pueda hacer mochila, las cuales se sujetan a dos anillas de metal en forma de <strong>&#8220;D&#8221;<\/strong> que se encuentran en el reverso, desde las que parten a sus correspondientes hebillas. En la parte superior tiene una correa en forma de &#8220;asa&#8221; para llevarla como maleta. Todas las cremalleras presentes y funcionando, bien marcadas de la firma <strong>&#8220;Zipp&#8221;<\/strong> con su <strong>&#8220;D.R.P<\/strong>&#8221; en el reverso, las cuales al abrirse dejan paso an interior de la misma en donde encontramos la manufactura del <strong>&#8220;fabricante&#8221;<\/strong> y el a\u00f1o de producci\u00f3n <strong>&#8220;1944&#8221;<\/strong>. En el interior tiene su departamento de tela con su bot\u00f3n de presi\u00f3n perfecto y m\u00e1s abajo otro gran departamento con sus 2 correas y hebillas intactas. Est\u00e1 en excelentes estado, con los colores vivos, los accesorios de cuero flexibles, sin desgarrones, roturas o remiendos. <\/span><span style=\"font-family: verdana, geneva, sans-serif;font-size: 12pt\">Ideal para completar su uniforme de piloto de LW. Sin limpiar.<\/span><\/p>\n","protected":false},"excerpt":{"rendered":"<p>ANTECEDENTES: A los pilotos de la Luftwaffe se les proporcionaba entre otros art\u00edculos como parte del equipo, una maleta mochila para guardar la ropa confeccionada.\u00a0 DESCRIPCION: Maleta-Mochila para Pilotos (Luftwaffe Flieger Kleidersack), construcci\u00f3n en fuerte tela de lino color azul gris\u00e1ceo para la LW, con accesorios de cuero y hebillas de metal. Completa, con todas &#8230; <a title=\"Luftwaffe\/ Pilot Clothing Carrier Backpack&#8212;LW\/ Maleta Mochila de Piloto\" class=\"read-more\" href=\"https:\/\/original-militaria.com\/en\/producto\/luftwaffe-pilot-clothing-carrier-backpack-lw-maleta-mochila-de-piloto\/\" aria-label=\"Read more about Luftwaffe\/ Pilot Clothing Carrier Backpack&#8212;LW\/ Maleta Mochila de Piloto\">Leer m\u00e1s<\/a><\/p>\n","protected":false},"featured_media":17774,"template":"","meta":[],"product_brand":[],"product_cat":[224],"product_tag":[],"class_list":{"0":"post-17773","1":"product","2":"type-product","3":"status-publish","4":"has-post-thumbnail","6":"product_cat-archivo-vendidos","7":"sales-flash-overlay","8":"woocommerce-text-align-center","9":"woocommerce-image-align-center","10":"do-quantity-buttons","12":"first","13":"outofstock","14":"shipping-taxable","15":"product-type-simple"},"_links":{"self":[{"href":"https:\/\/original-militaria.com\/en\/wp-json\/wp\/v2\/product\/17773","targetHints":{"allow":["GET"]}}],"collection":[{"href":"https:\/\/original-militaria.com\/en\/wp-json\/wp\/v2\/product"}],"about":[{"href":"https:\/\/original-militaria.com\/en\/wp-json\/wp\/v2\/types\/product"}],"wp:featuredmedia":[{"embeddable":true,"href":"https:\/\/original-militaria.com\/en\/wp-json\/wp\/v2\/media\/17774"}],"wp:attachment":[{"href":"https:\/\/original-militaria.com\/en\/wp-json\/wp\/v2\/media?parent=17773"}],"wp:term":[{"taxonomy":"product_brand","embeddable":true,"href":"https:\/\/original-militaria.com\/en\/wp-json\/wp\/v2\/product_brand?post=17773"},{"taxonomy":"product_cat","embeddable":true,"href":"https:\/\/original-militaria.com\/en\/wp-json\/wp\/v2\/product_cat?post=17773"},{"taxonomy":"product_tag","embeddable":true,"href":"https:\/\/original-militaria.com\/en\/wp-json\/wp\/v2\/product_tag?post=17773"}],"curies":[{"name":"wp","href":"https:\/\/api.w.org\/{rel}","templated":true}]}}