{"id":17720,"date":"2019-03-25T22:24:41","date_gmt":"2019-03-25T22:24:41","guid":{"rendered":"https:\/\/original-militaria.com\/?post_type=product&#038;p=17720"},"modified":"2022-01-31T19:09:05","modified_gmt":"2022-01-31T18:09:05","slug":"lw-k98-ammo-pouch-1937-lw-lc-cartuchera-k98-de-1937","status":"publish","type":"product","link":"https:\/\/original-militaria.com\/en\/producto\/lw-k98-ammo-pouch-1937-lw-lc-cartuchera-k98-de-1937\/","title":{"rendered":"LW\/LC, K98 Ammo Pouch 1937&#8211;LW\/LC, Cartuchera K98 de 1937"},"content":{"rendered":"<p align=\"justify\"><span style=\"font-family: verdana, geneva, sans-serif\"><strong>ANTECEDENTES:<\/strong>\u00a0El fusil K98 evoluciono desde la Primera Guerra Mundial del Gewer modelo 98 con ligeras modificaciones. La principal modificaci\u00f3n fue la reducci\u00f3n del fusil. Debido a las restricciones del Tratado de Versalles el K98, no fue producido en Alemania hasta 1934, aunque la empresa Mauser hab\u00eda dado licencia de los derechos de producci\u00f3n a otros pa\u00edses europeos. Cuando se fabricaron los K98 fueron equipados con una o dos cartucheras, se basa en uno de los dos dise\u00f1os que fueron desarrollados originalmente en 1909 y 1911. El modelo 1911 fue dise\u00f1ado originalmente para el personal de Caballer\u00eda, pero fueron aprobadas por el ej\u00e9rcito en 1933. Para todos los hombres de primera l\u00ednea se doto con dos cartucheras, mientras que a la segunda l\u00ednea solo se le equipo con una. Cada cartuchera estaba preparada para treinta cartuchos de 7,92 mil\u00edmetros. Se utilizaron en toda la guerra con ligeras variaciones de fabricaci\u00f3n.<\/span><\/p>\n<p align=\"justify\"><span style=\"font-family: verdana, geneva, sans-serif\"><strong>DESCRIPCI\u00d3N:<\/strong> Cartuchera para el K98 (Patronentaschen 98K) de cuero granulado flexible color marr\u00f3n achocolatado para la luftwaffe, por la fecha puede ser de los tra\u00eddos por la<span style=\"color: #ff0000\">\u00a0<span style=\"color: #000000\">Legi\u00f3n C\u00f3ndor<\/span><\/span> a Espa\u00f1a, est\u00e1 en buen estado usado en general, los 3 compartimentos con sus separadores presentes. Tiene cierto desgaste por el paso del tiempo y el uso. Todos los cierres en condiciones, en el reverso lleva manufactura del fabricante y el a\u00f1o <span style=\"color: #000000\">1937<\/span>.<\/span><\/p>\n","protected":false},"excerpt":{"rendered":"<p>ANTECEDENTES:\u00a0El fusil K98 evoluciono desde la Primera Guerra Mundial del Gewer modelo 98 con ligeras modificaciones. La principal modificaci\u00f3n fue la reducci\u00f3n del fusil. Debido a las restricciones del Tratado de Versalles el K98, no fue producido en Alemania hasta 1934, aunque la empresa Mauser hab\u00eda dado licencia de los derechos de producci\u00f3n a otros &#8230; <a title=\"LW\/LC, K98 Ammo Pouch 1937&#8211;LW\/LC, Cartuchera K98 de 1937\" class=\"read-more\" href=\"https:\/\/original-militaria.com\/en\/producto\/lw-k98-ammo-pouch-1937-lw-lc-cartuchera-k98-de-1937\/\" aria-label=\"Read more about LW\/LC, K98 Ammo Pouch 1937&#8211;LW\/LC, Cartuchera K98 de 1937\">Leer m\u00e1s<\/a><\/p>\n","protected":false},"featured_media":17721,"template":"","meta":[],"product_brand":[],"product_cat":[172,224],"product_tag":[],"class_list":{"0":"post-17720","1":"product","2":"type-product","3":"status-publish","4":"has-post-thumbnail","6":"product_cat-militaria-alemana-ww2","7":"product_cat-archivo-vendidos","8":"sales-flash-overlay","9":"woocommerce-text-align-center","10":"woocommerce-image-align-center","11":"do-quantity-buttons","13":"first","14":"outofstock","15":"shipping-taxable","16":"product-type-simple"},"_links":{"self":[{"href":"https:\/\/original-militaria.com\/en\/wp-json\/wp\/v2\/product\/17720","targetHints":{"allow":["GET"]}}],"collection":[{"href":"https:\/\/original-militaria.com\/en\/wp-json\/wp\/v2\/product"}],"about":[{"href":"https:\/\/original-militaria.com\/en\/wp-json\/wp\/v2\/types\/product"}],"wp:featuredmedia":[{"embeddable":true,"href":"https:\/\/original-militaria.com\/en\/wp-json\/wp\/v2\/media\/17721"}],"wp:attachment":[{"href":"https:\/\/original-militaria.com\/en\/wp-json\/wp\/v2\/media?parent=17720"}],"wp:term":[{"taxonomy":"product_brand","embeddable":true,"href":"https:\/\/original-militaria.com\/en\/wp-json\/wp\/v2\/product_brand?post=17720"},{"taxonomy":"product_cat","embeddable":true,"href":"https:\/\/original-militaria.com\/en\/wp-json\/wp\/v2\/product_cat?post=17720"},{"taxonomy":"product_tag","embeddable":true,"href":"https:\/\/original-militaria.com\/en\/wp-json\/wp\/v2\/product_tag?post=17720"}],"curies":[{"name":"wp","href":"https:\/\/api.w.org\/{rel}","templated":true}]}}