{"id":17592,"date":"2019-03-24T17:35:13","date_gmt":"2019-03-24T17:35:13","guid":{"rendered":"https:\/\/original-militaria.com\/?post_type=product&#038;p=17592"},"modified":"2022-01-31T19:09:05","modified_gmt":"2022-01-31T18:09:05","slug":"waffen-ss-em-ncos-sleeve-eagle-waffen-ss-aguila-2o-modelo-para-tropa-y-suboficiales","status":"publish","type":"product","link":"https:\/\/original-militaria.com\/en\/producto\/waffen-ss-em-ncos-sleeve-eagle-waffen-ss-aguila-2o-modelo-para-tropa-y-suboficiales\/","title":{"rendered":"Waffen-SS \/ EM\/NCO&#8217;S Sleeve Eagle&#8211;Waffen-SS\/ \u00c1guila 2\u00ba Modelo para Tropa y Suboficiales"},"content":{"rendered":"<p style=\"text-align: justify\"><span style=\"font-family: verdana, geneva, sans-serif;font-size: 12pt\"><strong>ANTECEDENTES:<\/strong> El primer modelo de \u00e1guila SS para llevar en la manga fue introducido oficialmente en mayo de 1936, aunque la evidencia fotogr\u00e1fica indica que se us\u00f3 ya en el verano de 1935. Poco despu\u00e9s de su introducci\u00f3n oficial, el \u00e1guila sufri\u00f3 modificaciones menores que llevaron al segundo modelo. Estas \u00e1guilas del segundo modelo se emitieron originalmente en una versi\u00f3n bordada a mano para los oficiales y una versi\u00f3n bordada a m\u00e1quina para la tropa y suboficiales hasta que se introdujo una versi\u00f3n tejida a m\u00e1quina en 1939.\u00a0<\/span><\/p>\n<p style=\"text-align: justify\"><span style=\"font-family: verdana, geneva, sans-serif;font-size: 12pt\"><strong>DESCRIPCI\u00d3N:<\/strong> \u00c1guila tipo SS (SS-\u00c4rmelhoheitsabzeichen) de manga del 2\u00ba modelo con patron RZM de estilo antiguo<\/span><span style=\"font-family: verdana, geneva, sans-serif;font-size: 12pt\">, bordada a m\u00e1quina en lino gris plateado<\/span><span style=\"font-family: verdana, geneva, sans-serif;font-size: 12pt\"> sobre una base de lana negra. Esta es la versi\u00f3n bordada a m\u00e1quina del modelo final. Todav\u00eda se notan los perpuntes al haber sido arrancada de uniforme. Hay que tener en cuenta que este, no es uno de esos modelos tard\u00edos encontraros en\u00a0 Dachau, sino un ejemplo original verdaderamente usado. \u00a1Pieza original interesante!. Excelente estado.\u00a0<\/span><\/p>\n","protected":false},"excerpt":{"rendered":"<p>ANTECEDENTES: El primer modelo de \u00e1guila SS para llevar en la manga fue introducido oficialmente en mayo de 1936, aunque la evidencia fotogr\u00e1fica indica que se us\u00f3 ya en el verano de 1935. Poco despu\u00e9s de su introducci\u00f3n oficial, el \u00e1guila sufri\u00f3 modificaciones menores que llevaron al segundo modelo. Estas \u00e1guilas del segundo modelo se &#8230; <a title=\"Waffen-SS \/ EM\/NCO&#8217;S Sleeve Eagle&#8211;Waffen-SS\/ \u00c1guila 2\u00ba Modelo para Tropa y Suboficiales\" class=\"read-more\" href=\"https:\/\/original-militaria.com\/en\/producto\/waffen-ss-em-ncos-sleeve-eagle-waffen-ss-aguila-2o-modelo-para-tropa-y-suboficiales\/\" aria-label=\"Read more about Waffen-SS \/ EM\/NCO&#8217;S Sleeve Eagle&#8211;Waffen-SS\/ \u00c1guila 2\u00ba Modelo para Tropa y Suboficiales\">Leer m\u00e1s<\/a><\/p>\n","protected":false},"featured_media":17655,"template":"","meta":[],"product_brand":[],"product_cat":[224],"product_tag":[],"class_list":{"0":"post-17592","1":"product","2":"type-product","3":"status-publish","4":"has-post-thumbnail","6":"product_cat-archivo-vendidos","7":"sales-flash-overlay","8":"woocommerce-text-align-center","9":"woocommerce-image-align-center","10":"do-quantity-buttons","12":"first","13":"outofstock","14":"shipping-taxable","15":"product-type-simple"},"_links":{"self":[{"href":"https:\/\/original-militaria.com\/en\/wp-json\/wp\/v2\/product\/17592","targetHints":{"allow":["GET"]}}],"collection":[{"href":"https:\/\/original-militaria.com\/en\/wp-json\/wp\/v2\/product"}],"about":[{"href":"https:\/\/original-militaria.com\/en\/wp-json\/wp\/v2\/types\/product"}],"wp:featuredmedia":[{"embeddable":true,"href":"https:\/\/original-militaria.com\/en\/wp-json\/wp\/v2\/media\/17655"}],"wp:attachment":[{"href":"https:\/\/original-militaria.com\/en\/wp-json\/wp\/v2\/media?parent=17592"}],"wp:term":[{"taxonomy":"product_brand","embeddable":true,"href":"https:\/\/original-militaria.com\/en\/wp-json\/wp\/v2\/product_brand?post=17592"},{"taxonomy":"product_cat","embeddable":true,"href":"https:\/\/original-militaria.com\/en\/wp-json\/wp\/v2\/product_cat?post=17592"},{"taxonomy":"product_tag","embeddable":true,"href":"https:\/\/original-militaria.com\/en\/wp-json\/wp\/v2\/product_tag?post=17592"}],"curies":[{"name":"wp","href":"https:\/\/api.w.org\/{rel}","templated":true}]}}