{"id":17589,"date":"2019-03-24T17:48:55","date_gmt":"2019-03-24T17:48:55","guid":{"rendered":"https:\/\/original-militaria.com\/?post_type=product&#038;p=17589"},"modified":"2022-01-31T19:09:05","modified_gmt":"2022-01-31T18:09:05","slug":"rad-early-cap-badge-insignia-temprana-para-gorra-del-rad","status":"publish","type":"product","link":"https:\/\/original-militaria.com\/en\/producto\/rad-early-cap-badge-insignia-temprana-para-gorra-del-rad\/","title":{"rendered":"RAD Early Cap Badge&#8211;Insignia Temprana para Gorra del RAD"},"content":{"rendered":"<p style=\"text-align: justify\"><span style=\"font-family: verdana, geneva, sans-serif;font-size: 12pt\"><strong>ANTECEDENTES:<\/strong> La base del &#8220;Reichsarbeitsdienst&#8221; (Servicio Nacional del Trabajo) se remonta a 1929 con la formaci\u00f3n del AAD, &#8220;Anhalt Arbeitsdienst&#8221; y el FAD-B, &#8220;Freiwillingen Arbeitsdienst-Bayern&#8221;. Poco despu\u00e9s del nombramiento de Hitler como Canciller, el 30 de enero de 1933, el NSDAP consolid\u00f3 estas y otras organizaciones laborales en la NSAD, &#8220;Nationalsozialist Arbeitsdienst&#8221; (Servicio Nacional-socialista de Trabajo). En junio de 1935 la NSAD fue re-designada RAD. En julio del mismo a\u00f1o, el servicio de RAD se convirti\u00f3 en obligatorio, y todos los ciudadanos alemanes de entre 19 y 25 a\u00f1os de edad deb\u00edan alistarse por un per\u00edodo de seis meses.\u00a0<\/span><\/p>\n<p style=\"text-align: justify\"><span style=\"font-family: verdana, geneva, sans-serif;font-size: 12pt\"><strong>DESCRIPCI\u00d3N<\/strong>: Excepcional insignia en aluminio solido troquelado para gorra del RAD (Spaten f\u00fcr eine RAD kopfbedeckung), <strong>modelo de producci\u00f3n temprana<\/strong>, de 1937, la insignia tiene una cabeza de pala vertical, cuyo borde verticalmente acanalado es rojo esmaltado con una esv\u00e1stica m\u00f3vil en su centro y con ramitas de cebada que se extienden hacia arriba desde cualquier lado de la base de la pala. En el reverso viene el logo del fabricante <strong>&#8220;L&amp;M&#8221;<\/strong>, el a\u00f1o <strong>&#8220;1937&#8221;<\/strong>, el triangulo del<strong> &#8220;RAD&#8221;<\/strong> y el <strong>&#8220;GES GESCH&#8221;<\/strong> (registrado legalmente, patentado). Le faltan las patillas, pero est\u00e1 en perfecto estado, manteniendo vivos sus colores.\u00a0<\/span><\/p>\n","protected":false},"excerpt":{"rendered":"<p>ANTECEDENTES: La base del &#8220;Reichsarbeitsdienst&#8221; (Servicio Nacional del Trabajo) se remonta a 1929 con la formaci\u00f3n del AAD, &#8220;Anhalt Arbeitsdienst&#8221; y el FAD-B, &#8220;Freiwillingen Arbeitsdienst-Bayern&#8221;. Poco despu\u00e9s del nombramiento de Hitler como Canciller, el 30 de enero de 1933, el NSDAP consolid\u00f3 estas y otras organizaciones laborales en la NSAD, &#8220;Nationalsozialist Arbeitsdienst&#8221; (Servicio Nacional-socialista de &#8230; <a title=\"RAD Early Cap Badge&#8211;Insignia Temprana para Gorra del RAD\" class=\"read-more\" href=\"https:\/\/original-militaria.com\/en\/producto\/rad-early-cap-badge-insignia-temprana-para-gorra-del-rad\/\" aria-label=\"Read more about RAD Early Cap Badge&#8211;Insignia Temprana para Gorra del RAD\">Leer m\u00e1s<\/a><\/p>\n","protected":false},"featured_media":17669,"template":"","meta":[],"product_brand":[],"product_cat":[224],"product_tag":[],"class_list":{"0":"post-17589","1":"product","2":"type-product","3":"status-publish","4":"has-post-thumbnail","6":"product_cat-archivo-vendidos","7":"sales-flash-overlay","8":"woocommerce-text-align-center","9":"woocommerce-image-align-center","10":"do-quantity-buttons","12":"first","13":"outofstock","14":"shipping-taxable","15":"product-type-simple"},"_links":{"self":[{"href":"https:\/\/original-militaria.com\/en\/wp-json\/wp\/v2\/product\/17589","targetHints":{"allow":["GET"]}}],"collection":[{"href":"https:\/\/original-militaria.com\/en\/wp-json\/wp\/v2\/product"}],"about":[{"href":"https:\/\/original-militaria.com\/en\/wp-json\/wp\/v2\/types\/product"}],"wp:featuredmedia":[{"embeddable":true,"href":"https:\/\/original-militaria.com\/en\/wp-json\/wp\/v2\/media\/17669"}],"wp:attachment":[{"href":"https:\/\/original-militaria.com\/en\/wp-json\/wp\/v2\/media?parent=17589"}],"wp:term":[{"taxonomy":"product_brand","embeddable":true,"href":"https:\/\/original-militaria.com\/en\/wp-json\/wp\/v2\/product_brand?post=17589"},{"taxonomy":"product_cat","embeddable":true,"href":"https:\/\/original-militaria.com\/en\/wp-json\/wp\/v2\/product_cat?post=17589"},{"taxonomy":"product_tag","embeddable":true,"href":"https:\/\/original-militaria.com\/en\/wp-json\/wp\/v2\/product_tag?post=17589"}],"curies":[{"name":"wp","href":"https:\/\/api.w.org\/{rel}","templated":true}]}}