{"id":17582,"date":"2019-03-24T18:09:16","date_gmt":"2019-03-24T18:09:16","guid":{"rendered":"https:\/\/original-militaria.com\/?post_type=product&#038;p=17582"},"modified":"2022-01-31T19:09:05","modified_gmt":"2022-01-31T18:09:05","slug":"luftwaffe-combat-y-straps-luftwaffe-trinchas-de-combate","status":"publish","type":"product","link":"https:\/\/original-militaria.com\/en\/producto\/luftwaffe-combat-y-straps-luftwaffe-trinchas-de-combate\/","title":{"rendered":"Luftwaffe\/  Combat Y-Straps 1941&#8211;Luftwaffe\/ Trinchas de Combate de 1941"},"content":{"rendered":"<p style=\"text-align: justify;\"><span style=\"font-family: verdana, geneva, sans-serif; font-size: 12pt;\"><strong>ANTECEDENTES:\u00a0<\/strong>Las trinchas se desarrollaron en abril de 1939 junto con la mochila M39 para sustituir a la anterior M34 integrada en los hombros. Tambi\u00e9n se utilizaron con otras mochilas incluidas con el paquete de asalto y fueron dise\u00f1adas para ayudar a distribuir el peso del material transportado en el cintur\u00f3n y distribuir la carga a los hombros. Se public\u00f3 originalmente para el personal de fusileros de Infanter\u00eda en abril de 1939, fue seguido por el personal de motocicletas en junio de 1941 y las tropas en bicicleta en marzo de 1943. Un segundo modelo fue presentado y adoptado por la Luftwaffe, y fueron designadas Trageriemen f\u00fcr Patronentaschen, (correas de Apoyo a la cartucheras). La LW inicialmente utilizaba los pertrechos en cuero marr\u00f3n, pero durante la guerra, los art\u00edculos de cuero se te\u00f1\u00edan de negro por regla general. En un principio todas las trinchas se produjeron en cuero hasta finales de 1940, con la entrada inminente de Alemania en la campa\u00f1a del norte de \u00c1frica. A pesar de las regulaciones de introducci\u00f3n de las trinchas, es confirmado que la LW hab\u00eda ya un modelo no oficial de 1887 antes.<\/span><\/p>\n<p style=\"text-align: justify;\"><span style=\"font-family: verdana, geneva, sans-serif; font-size: 12pt;\"><strong>DESCRIPCION:<\/strong> Trinchas en cuero marr\u00f3n para la LW (Trageriemen f\u00fcr Patronentaschen). Consta de dos correas delanteras largas y una correa corta trasera marcada con la manufactura del fabricante de <strong>&#8220;Viena&#8221;<\/strong> y el a\u00f1o, <strong>&#8220;1941&#8221;<\/strong>, todas con sus accesorios de aluminio. La correa trasera tiene una pieza transversal de cuero cosida en el extremo inferior. Las correas delanteras y la correa trasera son unidas por medio de un peque\u00f1o anillo circular de aluminio. Las trinchas se encuentran en buen estado usado, el cuero flexible. Un mosquet\u00f3n cambiado en \u00e9poca.<\/span><\/p>\n","protected":false},"excerpt":{"rendered":"<p>ANTECEDENTES:\u00a0Las trinchas se desarrollaron en abril de 1939 junto con la mochila M39 para sustituir a la anterior M34 integrada en los hombros. Tambi\u00e9n se utilizaron con otras mochilas incluidas con el paquete de asalto y fueron dise\u00f1adas para ayudar a distribuir el peso del material transportado en el cintur\u00f3n y distribuir la carga a &#8230; <a title=\"Luftwaffe\/  Combat Y-Straps 1941&#8211;Luftwaffe\/ Trinchas de Combate de 1941\" class=\"read-more\" href=\"https:\/\/original-militaria.com\/en\/producto\/luftwaffe-combat-y-straps-luftwaffe-trinchas-de-combate\/\" aria-label=\"Read more about Luftwaffe\/  Combat Y-Straps 1941&#8211;Luftwaffe\/ Trinchas de Combate de 1941\">Leer m\u00e1s<\/a><\/p>\n","protected":false},"featured_media":17686,"template":"","meta":[],"product_brand":[],"product_cat":[172,224],"product_tag":[],"class_list":{"0":"post-17582","1":"product","2":"type-product","3":"status-publish","4":"has-post-thumbnail","6":"product_cat-militaria-alemana-ww2","7":"product_cat-archivo-vendidos","8":"sales-flash-overlay","9":"woocommerce-text-align-center","10":"woocommerce-image-align-center","11":"do-quantity-buttons","13":"first","14":"outofstock","15":"shipping-taxable","16":"product-type-simple"},"_links":{"self":[{"href":"https:\/\/original-militaria.com\/en\/wp-json\/wp\/v2\/product\/17582","targetHints":{"allow":["GET"]}}],"collection":[{"href":"https:\/\/original-militaria.com\/en\/wp-json\/wp\/v2\/product"}],"about":[{"href":"https:\/\/original-militaria.com\/en\/wp-json\/wp\/v2\/types\/product"}],"wp:featuredmedia":[{"embeddable":true,"href":"https:\/\/original-militaria.com\/en\/wp-json\/wp\/v2\/media\/17686"}],"wp:attachment":[{"href":"https:\/\/original-militaria.com\/en\/wp-json\/wp\/v2\/media?parent=17582"}],"wp:term":[{"taxonomy":"product_brand","embeddable":true,"href":"https:\/\/original-militaria.com\/en\/wp-json\/wp\/v2\/product_brand?post=17582"},{"taxonomy":"product_cat","embeddable":true,"href":"https:\/\/original-militaria.com\/en\/wp-json\/wp\/v2\/product_cat?post=17582"},{"taxonomy":"product_tag","embeddable":true,"href":"https:\/\/original-militaria.com\/en\/wp-json\/wp\/v2\/product_tag?post=17582"}],"curies":[{"name":"wp","href":"https:\/\/api.w.org\/{rel}","templated":true}]}}