{"id":17580,"date":"2019-03-24T16:59:34","date_gmt":"2019-03-24T16:59:34","guid":{"rendered":"https:\/\/original-militaria.com\/?post_type=product&#038;p=17580"},"modified":"2022-01-31T19:09:05","modified_gmt":"2022-01-31T18:09:05","slug":"wh-splinter-pattern-camouflage-winter-pants-wh-pantalones-reversibles-con-camuflaje-splinter","status":"publish","type":"product","link":"https:\/\/original-militaria.com\/en\/producto\/wh-splinter-pattern-camouflage-winter-pants-wh-pantalones-reversibles-con-camuflaje-splinter\/","title":{"rendered":"WH\/ Splinter Pattern Camouflage Winter Pants&#8211;WH\/ Pantalones Reversibles con Camuflaje Splinter"},"content":{"rendered":"<p style=\"text-align: justify\"><span style=\"font-family: verdana, geneva, sans-serif;font-size: 12pt\"><strong>ANTECEDENTES:<\/strong> El modelo geom\u00e9trico de astilla se desarroll\u00f3 en la d\u00e9cada de lo 1930 y se adopt\u00f3 por primera vez para su uso con el poncho M31 a finales de 1931. Evolucion\u00f3 con la modificaci\u00f3n del modelo original al difuminar suavemente el modelo geom\u00e9trico y alterar ligeramente la coloraci\u00f3n. Tras el devastador invierno de 1941-1942 en el frente ruso, el ej\u00e9rcito alem\u00e1n que estaba dr\u00e1sticamente equipado de prendas para soportar el intenso fr\u00edo, utilizo una amplia e improvisara variedad de prendas, incluido un amplio surtido donadas por civiles que se utilizaron como soluci\u00f3n temporal. Para rectificar la situaci\u00f3n, el OKH, Oberkommando des Heeres, (Alto Mando del Ej\u00e9rcito), inici\u00f3 en la primavera de 1942 pruebas para elaborar prendas adecuadas para el frente ruso. En abril de 1942 Hitler aprob\u00f3 el elegido dise\u00f1o y los primeros modelos se usaron en el oto\u00f1o de ese a\u00f1o, en las prendas reversibles se cambio el color a\u00f1adiendo el camuflaje acolchado en pantalones, parcas, capuchas y guantes por separado. Estas prendas tambi\u00e9n se produjeron en modelos no reversibles.<\/span><\/p>\n<p style=\"text-align: justify\"><span style=\"font-family: verdana, geneva, sans-serif;font-size: 12pt\"><strong>DESCRIPCION:<\/strong> Pantalones reversibles acolchados de invierno con camuflaje &#8220;Splinter&#8221; (Tarnungs Hose), con tonos verdes y marrones por un lado y blanco por el otro para la nieve. Confeccionados \u00edntegramente con material sint\u00e9tico para retener el calor corporal y repeler el agua. Talla grande. Diferentes reparaciones y zurcidos en varios sitios, polilla, muy gastados pero enteros. Son de una enorme talla.<\/span><\/p>\n","protected":false},"excerpt":{"rendered":"<p>ANTECEDENTES: El modelo geom\u00e9trico de astilla se desarroll\u00f3 en la d\u00e9cada de lo 1930 y se adopt\u00f3 por primera vez para su uso con el poncho M31 a finales de 1931. Evolucion\u00f3 con la modificaci\u00f3n del modelo original al difuminar suavemente el modelo geom\u00e9trico y alterar ligeramente la coloraci\u00f3n. Tras el devastador invierno de 1941-1942 &#8230; <a title=\"WH\/ Splinter Pattern Camouflage Winter Pants&#8211;WH\/ Pantalones Reversibles con Camuflaje Splinter\" class=\"read-more\" href=\"https:\/\/original-militaria.com\/en\/producto\/wh-splinter-pattern-camouflage-winter-pants-wh-pantalones-reversibles-con-camuflaje-splinter\/\" aria-label=\"Read more about WH\/ Splinter Pattern Camouflage Winter Pants&#8211;WH\/ Pantalones Reversibles con Camuflaje Splinter\">Leer m\u00e1s<\/a><\/p>\n","protected":false},"featured_media":17615,"template":"","meta":[],"product_brand":[],"product_cat":[224],"product_tag":[],"class_list":{"0":"post-17580","1":"product","2":"type-product","3":"status-publish","4":"has-post-thumbnail","6":"product_cat-archivo-vendidos","7":"sales-flash-overlay","8":"woocommerce-text-align-center","9":"woocommerce-image-align-center","10":"do-quantity-buttons","12":"first","13":"outofstock","14":"shipping-taxable","15":"product-type-simple"},"_links":{"self":[{"href":"https:\/\/original-militaria.com\/en\/wp-json\/wp\/v2\/product\/17580","targetHints":{"allow":["GET"]}}],"collection":[{"href":"https:\/\/original-militaria.com\/en\/wp-json\/wp\/v2\/product"}],"about":[{"href":"https:\/\/original-militaria.com\/en\/wp-json\/wp\/v2\/types\/product"}],"wp:featuredmedia":[{"embeddable":true,"href":"https:\/\/original-militaria.com\/en\/wp-json\/wp\/v2\/media\/17615"}],"wp:attachment":[{"href":"https:\/\/original-militaria.com\/en\/wp-json\/wp\/v2\/media?parent=17580"}],"wp:term":[{"taxonomy":"product_brand","embeddable":true,"href":"https:\/\/original-militaria.com\/en\/wp-json\/wp\/v2\/product_brand?post=17580"},{"taxonomy":"product_cat","embeddable":true,"href":"https:\/\/original-militaria.com\/en\/wp-json\/wp\/v2\/product_cat?post=17580"},{"taxonomy":"product_tag","embeddable":true,"href":"https:\/\/original-militaria.com\/en\/wp-json\/wp\/v2\/product_tag?post=17580"}],"curies":[{"name":"wp","href":"https:\/\/api.w.org\/{rel}","templated":true}]}}