{"id":17393,"date":"2018-12-04T21:21:33","date_gmt":"2018-12-04T21:21:33","guid":{"rendered":"https:\/\/original-militaria.com\/?post_type=product&#038;p=17393"},"modified":"2022-01-31T19:09:04","modified_gmt":"2022-01-31T18:09:04","slug":"wh-dak-anillo-1941-wehrmacht-afrikakorps-ring-1941","status":"publish","type":"product","link":"https:\/\/original-militaria.com\/en\/producto\/wh-dak-anillo-1941-wehrmacht-afrikakorps-ring-1941\/","title":{"rendered":"Wehrmacht\/Afrikakorps Silver Ring 825, 1941&#8211; WH\/DAK, Anillo en Plata 825 de &#8220;1941"},"content":{"rendered":"<p style=\"text-align: justify\"><span style=\"font-family: verdana, geneva, sans-serif;font-size: 12pt\">Muy bonito anillo en forma de sello de plata <strong>&#8220;825&#8221;<\/strong>, original de \u00e9poca. Tiene una piedra negra en el centro (posiblemente obsidiana), y gravados de filigranas geom\u00e9tricas alrededor de la piedra. En los laterales tiene gravados a mano, en uno la <strong>&#8220;Palmera y el sol&#8221;<\/strong> y la leyenda <strong>&#8220;DAK&#8221;<\/strong>, en el otro lateral el <strong>&#8220;\u00c1guila de la WH&#8221;<\/strong> y el a\u00f1o <strong>&#8220;1941<\/strong>&#8220;, en el interior del aro de de 27 mm de di\u00e1metro, en el reverso del sello tiene el punz\u00f3n de la plata &#8220;825&#8221;. <strong>Est\u00e1 sin limpiar.<\/strong><\/span><\/p>\n<p style=\"text-align: justify\"><span style=\"font-family: verdana, geneva, sans-serif;font-size: 12pt\"><strong>Nota.-\u00a0<\/strong> Este anillo proviene de mi colecci\u00f3n personal, es muy raro y de gran belleza.<\/span><\/p>\n<p style=\"text-align: justify\">\n","protected":false},"excerpt":{"rendered":"<p>Muy bonito anillo en forma de sello de plata &#8220;825&#8221;, original de \u00e9poca. Tiene una piedra negra en el centro (posiblemente obsidiana), y gravados de filigranas geom\u00e9tricas alrededor de la piedra. En los laterales tiene gravados a mano, en uno la &#8220;Palmera y el sol&#8221; y la leyenda &#8220;DAK&#8221;, en el otro lateral el &#8220;\u00c1guila &#8230; <a title=\"Wehrmacht\/Afrikakorps Silver Ring 825, 1941&#8211; WH\/DAK, Anillo en Plata 825 de &#8220;1941\" class=\"read-more\" href=\"https:\/\/original-militaria.com\/en\/producto\/wh-dak-anillo-1941-wehrmacht-afrikakorps-ring-1941\/\" aria-label=\"Read more about Wehrmacht\/Afrikakorps Silver Ring 825, 1941&#8211; WH\/DAK, Anillo en Plata 825 de &#8220;1941\">Leer m\u00e1s<\/a><\/p>\n","protected":false},"featured_media":17394,"template":"","meta":[],"product_brand":[],"product_cat":[172,224],"product_tag":[],"class_list":{"0":"post-17393","1":"product","2":"type-product","3":"status-publish","4":"has-post-thumbnail","6":"product_cat-militaria-alemana-ww2","7":"product_cat-archivo-vendidos","8":"sales-flash-overlay","9":"woocommerce-text-align-center","10":"woocommerce-image-align-center","11":"do-quantity-buttons","13":"first","14":"outofstock","15":"shipping-taxable","16":"product-type-simple"},"_links":{"self":[{"href":"https:\/\/original-militaria.com\/en\/wp-json\/wp\/v2\/product\/17393","targetHints":{"allow":["GET"]}}],"collection":[{"href":"https:\/\/original-militaria.com\/en\/wp-json\/wp\/v2\/product"}],"about":[{"href":"https:\/\/original-militaria.com\/en\/wp-json\/wp\/v2\/types\/product"}],"wp:featuredmedia":[{"embeddable":true,"href":"https:\/\/original-militaria.com\/en\/wp-json\/wp\/v2\/media\/17394"}],"wp:attachment":[{"href":"https:\/\/original-militaria.com\/en\/wp-json\/wp\/v2\/media?parent=17393"}],"wp:term":[{"taxonomy":"product_brand","embeddable":true,"href":"https:\/\/original-militaria.com\/en\/wp-json\/wp\/v2\/product_brand?post=17393"},{"taxonomy":"product_cat","embeddable":true,"href":"https:\/\/original-militaria.com\/en\/wp-json\/wp\/v2\/product_cat?post=17393"},{"taxonomy":"product_tag","embeddable":true,"href":"https:\/\/original-militaria.com\/en\/wp-json\/wp\/v2\/product_tag?post=17393"}],"curies":[{"name":"wp","href":"https:\/\/api.w.org\/{rel}","templated":true}]}}