{"id":17286,"date":"2018-12-04T20:55:33","date_gmt":"2018-12-04T20:55:33","guid":{"rendered":"https:\/\/original-militaria.com\/?post_type=product&#038;p=17286"},"modified":"2022-01-17T17:36:29","modified_gmt":"2022-01-17T16:36:29","slug":"wh-feldgendarmerie-abrigo-de-motorista-de-tela-engomada-wh-military-police-motorcyclist-protective-coat","status":"publish","type":"product","link":"https:\/\/original-militaria.com\/en\/producto\/wh-feldgendarmerie-abrigo-de-motorista-de-tela-engomada-wh-military-police-motorcyclist-protective-coat\/","title":{"rendered":"WH\/Military Police Motorcyclist Protective Coat &#8212; WH\/ Feldgendarmerie, Abrigo de Motorista de Tela Engomada"},"content":{"rendered":"<p style=\"text-align: justify;\"><span style=\"font-family: verdana, geneva, sans-serif; font-size: 12pt;\">Abrigo protector de tela engomada (Kradmeldermantel) color amarronado (NO verde para el Heer con cuello marr\u00f3n) con el cuello color marr\u00f3n oscuro, modelo especifico para la polic\u00eda militar alemana (Feldgendarmerie) durante la WW2, proveniente de la <strong>&#8220;Polizeisbeschasffungasmt Wien&#8221;<\/strong>.\u00a0Se encuentra en muy buen estado, con el engomado extremadamente flexible, todo est\u00e1 en su sitio, no le falta nada. Presenta una variedad de botones que permiten que el soldado pueda protegerse de la exposici\u00f3n del clima h\u00famedo cuando maneja una motocicleta, los ojales ubicados en la parte inferior de la falda, en la parte delantera y trasera se pueden abotonar para en la parte exterior e interior de los muslos para formar \u201cpiernas\u201d separadas. La parte posterior del abrigo presenta una capa profunda a trav\u00e9s de los hombros con un respiradero vertical. En cada cadera se encuentran un bolsillo vertical con solapa asegurado por un solo bot\u00f3n.\u00a0Las trabillas y los botones para las hombreras en su sitio. En el interior tiene etiqueta de tela de la\u00a0Oficina de Compras de la Polic\u00eda\u00a0de\u00a0Viena,\u00a0\u201cPolizeisbeschaffungsamt Wien\u201d\u00a0con informaci\u00f3n sobre el fabricante y las marcas de tama\u00f1o. Lleva el sello de tinta con la manufactura del fabricante\u00a0\u201cGeorg Schmidt\u201d. Buena talla y excelente estado. Son raros de encontrar.<\/span><\/p>\n<p style=\"text-align: justify;\"><span style=\"font-family: verdana, geneva, sans-serif; font-size: 12pt;\"><strong>Nota.-<\/strong> Se suelen confundir mucho los Kradmantel de motociclista del Heer con los de la Feldgendarmerie, este es un modelo especifico para este cuerpo, no adaptado, y con su etiqueta de la Polizeisbeschaffungsamt.<\/span><\/p>\n","protected":false},"excerpt":{"rendered":"<p>Abrigo protector de tela engomada (Kradmeldermantel) color amarronado (NO verde para el Heer con cuello marr\u00f3n) con el cuello color marr\u00f3n oscuro, modelo especifico para la polic\u00eda militar alemana (Feldgendarmerie) durante la WW2, proveniente de la &#8220;Polizeisbeschasffungasmt Wien&#8221;.\u00a0Se encuentra en muy buen estado, con el engomado extremadamente flexible, todo est\u00e1 en su sitio, no le &#8230; <a title=\"WH\/Military Police Motorcyclist Protective Coat &#8212; WH\/ Feldgendarmerie, Abrigo de Motorista de Tela Engomada\" class=\"read-more\" href=\"https:\/\/original-militaria.com\/en\/producto\/wh-feldgendarmerie-abrigo-de-motorista-de-tela-engomada-wh-military-police-motorcyclist-protective-coat\/\" aria-label=\"Read more about WH\/Military Police Motorcyclist Protective Coat &#8212; WH\/ Feldgendarmerie, Abrigo de Motorista de Tela Engomada\">Leer m\u00e1s<\/a><\/p>\n","protected":false},"featured_media":23737,"template":"","meta":[],"product_brand":[],"product_cat":[172],"product_tag":[],"class_list":{"0":"post-17286","1":"product","2":"type-product","3":"status-publish","4":"has-post-thumbnail","6":"product_cat-militaria-alemana-ww2","7":"sales-flash-overlay","8":"woocommerce-text-align-center","9":"woocommerce-image-align-center","10":"do-quantity-buttons","12":"first","13":"outofstock","14":"shipping-taxable","15":"product-type-simple"},"_links":{"self":[{"href":"https:\/\/original-militaria.com\/en\/wp-json\/wp\/v2\/product\/17286","targetHints":{"allow":["GET"]}}],"collection":[{"href":"https:\/\/original-militaria.com\/en\/wp-json\/wp\/v2\/product"}],"about":[{"href":"https:\/\/original-militaria.com\/en\/wp-json\/wp\/v2\/types\/product"}],"wp:featuredmedia":[{"embeddable":true,"href":"https:\/\/original-militaria.com\/en\/wp-json\/wp\/v2\/media\/23737"}],"wp:attachment":[{"href":"https:\/\/original-militaria.com\/en\/wp-json\/wp\/v2\/media?parent=17286"}],"wp:term":[{"taxonomy":"product_brand","embeddable":true,"href":"https:\/\/original-militaria.com\/en\/wp-json\/wp\/v2\/product_brand?post=17286"},{"taxonomy":"product_cat","embeddable":true,"href":"https:\/\/original-militaria.com\/en\/wp-json\/wp\/v2\/product_cat?post=17286"},{"taxonomy":"product_tag","embeddable":true,"href":"https:\/\/original-militaria.com\/en\/wp-json\/wp\/v2\/product_tag?post=17286"}],"curies":[{"name":"wp","href":"https:\/\/api.w.org\/{rel}","templated":true}]}}