{"id":17281,"date":"2018-12-03T21:57:46","date_gmt":"2018-12-03T21:57:46","guid":{"rendered":"https:\/\/original-militaria.com\/?post_type=product&#038;p=17281"},"modified":"2022-01-31T19:09:02","modified_gmt":"2022-01-31T18:09:02","slug":"wh-barra-de-combate-cuerpo-a-cuerpo-en-bronce-fll-wehrmacht-close-combat-clasp-in-bronze-fll","status":"publish","type":"product","link":"https:\/\/original-militaria.com\/en\/producto\/wh-barra-de-combate-cuerpo-a-cuerpo-en-bronce-fll-wehrmacht-close-combat-clasp-in-bronze-fll\/","title":{"rendered":"Wehrmacht\/ Close Combat Clasp in Bronze &#8220;FLL&#8221; &#8212;  WH\/ Barra de Combate Cuerpo a Cuerpo en Bronce &#8220;FLL&#8221;"},"content":{"rendered":"<p style=\"text-align: justify\"><span style=\"font-family: verdana, geneva, sans-serif;font-size: 12pt\">Barra de combate cuerpo a cuerpo (Nahkampfspange) categor\u00eda bronce ofrece un centro cuadrado hueco de fondo con un \u00e1guila nacional realzada (peque\u00f1o defecto) con las alas colocadas sobre una bayoneta y una granada cruzadas, flanqueadas por cuatro hojas de roble y las bellotas que se sobreponen en un exterior acanalado, horizontal, se\u00f1alando la base. Conserva restos de su acabado de bronce. El panel cuadrado central ahuecado tiene una placa magn\u00e9tica colocada detr\u00e1s del adorno del \u00e1guila. Lleva marcaje del fabricante<strong>\u00a0\u201cFLL\u201d<\/strong>, manufactura de\u00a0<strong>\u201c<\/strong><span lang=\"es\"><strong>Friedrich Linden, L\u00fcdenscheid<\/strong>&#8220;.<\/span><\/span><\/p>\n","protected":false},"excerpt":{"rendered":"<p>Barra de combate cuerpo a cuerpo (Nahkampfspange) categor\u00eda bronce ofrece un centro cuadrado hueco de fondo con un \u00e1guila nacional realzada (peque\u00f1o defecto) con las alas colocadas sobre una bayoneta y una granada cruzadas, flanqueadas por cuatro hojas de roble y las bellotas que se sobreponen en un exterior acanalado, horizontal, se\u00f1alando la base. Conserva &#8230; <a title=\"Wehrmacht\/ Close Combat Clasp in Bronze &#8220;FLL&#8221; &#8212;  WH\/ Barra de Combate Cuerpo a Cuerpo en Bronce &#8220;FLL&#8221;\" class=\"read-more\" href=\"https:\/\/original-militaria.com\/en\/producto\/wh-barra-de-combate-cuerpo-a-cuerpo-en-bronce-fll-wehrmacht-close-combat-clasp-in-bronze-fll\/\" aria-label=\"Read more about Wehrmacht\/ Close Combat Clasp in Bronze &#8220;FLL&#8221; &#8212;  WH\/ Barra de Combate Cuerpo a Cuerpo en Bronce &#8220;FLL&#8221;\">Leer m\u00e1s<\/a><\/p>\n","protected":false},"featured_media":17314,"template":"","meta":[],"product_brand":[],"product_cat":[224],"product_tag":[],"class_list":{"0":"post-17281","1":"product","2":"type-product","3":"status-publish","4":"has-post-thumbnail","6":"product_cat-archivo-vendidos","7":"sales-flash-overlay","8":"woocommerce-text-align-center","9":"woocommerce-image-align-center","10":"do-quantity-buttons","12":"first","13":"outofstock","14":"shipping-taxable","15":"product-type-simple"},"_links":{"self":[{"href":"https:\/\/original-militaria.com\/en\/wp-json\/wp\/v2\/product\/17281","targetHints":{"allow":["GET"]}}],"collection":[{"href":"https:\/\/original-militaria.com\/en\/wp-json\/wp\/v2\/product"}],"about":[{"href":"https:\/\/original-militaria.com\/en\/wp-json\/wp\/v2\/types\/product"}],"wp:featuredmedia":[{"embeddable":true,"href":"https:\/\/original-militaria.com\/en\/wp-json\/wp\/v2\/media\/17314"}],"wp:attachment":[{"href":"https:\/\/original-militaria.com\/en\/wp-json\/wp\/v2\/media?parent=17281"}],"wp:term":[{"taxonomy":"product_brand","embeddable":true,"href":"https:\/\/original-militaria.com\/en\/wp-json\/wp\/v2\/product_brand?post=17281"},{"taxonomy":"product_cat","embeddable":true,"href":"https:\/\/original-militaria.com\/en\/wp-json\/wp\/v2\/product_cat?post=17281"},{"taxonomy":"product_tag","embeddable":true,"href":"https:\/\/original-militaria.com\/en\/wp-json\/wp\/v2\/product_tag?post=17281"}],"curies":[{"name":"wp","href":"https:\/\/api.w.org\/{rel}","templated":true}]}}