{"id":17157,"date":"2018-09-01T12:48:12","date_gmt":"2018-09-01T12:48:12","guid":{"rendered":"https:\/\/original-militaria.com\/?post_type=product&#038;p=17157"},"modified":"2022-01-31T19:09:01","modified_gmt":"2022-01-31T18:09:01","slug":"wh-jersey-de-lana-de","status":"publish","type":"product","link":"https:\/\/original-militaria.com\/en\/producto\/wh-jersey-de-lana-de\/","title":{"rendered":"Wehrmacht\/WaffenSS,  Pullover Size II by1943, Mint&#8212;-\/ Waffen SS\/ Jersey de Lana Gris Fechado en 1943"},"content":{"rendered":"<p style=\"text-align: justify\"><span style=\"font-family: verdana, geneva, sans-serif;font-size: 12pt\">Excelente jersey (Schlupfjacke) de lana gris, modelo est\u00e1ndar para la Wehrmacht, sin usar, de producci\u00f3n tard\u00eda, con tintada m\u00e1s oscura (usados por el DAK), tratado qu\u00edmicamente para proteger contra los insectos. Viene con su etiqueta original cosida de origen con la manufactura del fabricante: <strong>&#8220;Gr.II KARL ROTH DETTINGEN 1943&#8221;<\/strong>.\u00a0 Es de talla<strong> II<\/strong>. Sin da\u00f1os salvo dos peque\u00f1itos agujeros de polilla en el reverso del jersey, en la zona de abajo, que no se notan al coger la arruga de la ca\u00edda sobre las caderas, aunque nosotros hemos estirado bien el jersey para que se vean (ver foto detallada). Se encuentran pocos de este modelo, en este estado, y conservando la etiqueta.\u00a0<\/span><\/p>\n<div id=\"gt-c\" class=\"g-section\">\n<div id=\"gt-form-c\">\n<div id=\"gt-text-all\">\n<div id=\"gt-main\">\n<div id=\"gt-text-c\">\n<div id=\"gt-text-top\">\n<div id=\"gt-res-c\" class=\"g-unit\">\n<div id=\"gt-res-p\">\n<div id=\"gt-res-data\">\n<div id=\"gt-res-wrap\">\n<div id=\"gt-res-content\"><\/div>\n<\/div>\n<\/div>\n<\/div>\n<\/div>\n<\/div>\n<\/div>\n<\/div>\n<\/div>\n<\/div>\n<\/div>\n","protected":false},"excerpt":{"rendered":"<p>Excelente jersey (Schlupfjacke) de lana gris, modelo est\u00e1ndar para la Wehrmacht, sin usar, de producci\u00f3n tard\u00eda, con tintada m\u00e1s oscura (usados por el DAK), tratado qu\u00edmicamente para proteger contra los insectos. Viene con su etiqueta original cosida de origen con la manufactura del fabricante: &#8220;Gr.II KARL ROTH DETTINGEN 1943&#8221;.\u00a0 Es de talla II. Sin da\u00f1os &#8230; <a title=\"Wehrmacht\/WaffenSS,  Pullover Size II by1943, Mint&#8212;-\/ Waffen SS\/ Jersey de Lana Gris Fechado en 1943\" class=\"read-more\" href=\"https:\/\/original-militaria.com\/en\/producto\/wh-jersey-de-lana-de\/\" aria-label=\"Read more about Wehrmacht\/WaffenSS,  Pullover Size II by1943, Mint&#8212;-\/ Waffen SS\/ Jersey de Lana Gris Fechado en 1943\">Leer m\u00e1s<\/a><\/p>\n","protected":false},"featured_media":23739,"template":"","meta":[],"product_brand":[],"product_cat":[224],"product_tag":[],"class_list":{"0":"post-17157","1":"product","2":"type-product","3":"status-publish","4":"has-post-thumbnail","6":"product_cat-archivo-vendidos","7":"sales-flash-overlay","8":"woocommerce-text-align-center","9":"woocommerce-image-align-center","10":"do-quantity-buttons","12":"first","13":"outofstock","14":"shipping-taxable","15":"product-type-simple"},"_links":{"self":[{"href":"https:\/\/original-militaria.com\/en\/wp-json\/wp\/v2\/product\/17157","targetHints":{"allow":["GET"]}}],"collection":[{"href":"https:\/\/original-militaria.com\/en\/wp-json\/wp\/v2\/product"}],"about":[{"href":"https:\/\/original-militaria.com\/en\/wp-json\/wp\/v2\/types\/product"}],"wp:featuredmedia":[{"embeddable":true,"href":"https:\/\/original-militaria.com\/en\/wp-json\/wp\/v2\/media\/23739"}],"wp:attachment":[{"href":"https:\/\/original-militaria.com\/en\/wp-json\/wp\/v2\/media?parent=17157"}],"wp:term":[{"taxonomy":"product_brand","embeddable":true,"href":"https:\/\/original-militaria.com\/en\/wp-json\/wp\/v2\/product_brand?post=17157"},{"taxonomy":"product_cat","embeddable":true,"href":"https:\/\/original-militaria.com\/en\/wp-json\/wp\/v2\/product_cat?post=17157"},{"taxonomy":"product_tag","embeddable":true,"href":"https:\/\/original-militaria.com\/en\/wp-json\/wp\/v2\/product_tag?post=17157"}],"curies":[{"name":"wp","href":"https:\/\/api.w.org\/{rel}","templated":true}]}}