{"id":17106,"date":"2018-07-21T19:07:29","date_gmt":"2018-07-21T19:07:29","guid":{"rendered":"https:\/\/original-militaria.com\/?post_type=product&#038;p=17106"},"modified":"2022-01-31T19:09:01","modified_gmt":"2022-01-31T18:09:01","slug":"wh-bayoneta-ks98-de-paseo","status":"publish","type":"product","link":"https:\/\/original-militaria.com\/en\/producto\/wh-bayoneta-ks98-de-paseo\/","title":{"rendered":"Wehrmacht EM\/NCO\u2019S Dress Bayonet &#8212;  WH\/ Bayoneta KS98 de Paseo para Oficiales y Suboficiales"},"content":{"rendered":"<p style=\"text-align: justify\" align=\"justify\"><span style=\"font-family: verdana, geneva, sans-serif;font-size: 12pt\"><strong>ANTECEDENTES:<\/strong> Durante el Tercer Reich numerosos fabricantes de armas blancas produjeron diferentes versiones para adquisici\u00f3n privada de las dos versiones de bayonetas,\u00a0la S84\/98 y la bayoneta del\u00a0KS98 para el uso con uniforme de servicio o paseo. Las bayonetas pasa uso de paseo o de servicio se fabricaron en dos modelos, uno corto y uno largo, tanto para Oficiales como para Suboficiales.\u00a0Debido a que era similar a la de dotaci\u00f3n tuvieron poca aceptaci\u00f3n y a la firma de Solingen de FW H\u00f6ller se le ocurri\u00f3 para aumentar sus ventas comercializarlas como bayonetas modelo &#8220;Pionier&#8221;, (Ingeniero), aunque estaban disponibles para el personal en todas las ramas de servicio. No se sabe si la estrategia de marketing tuvo \u00e9xito en el aumento de ventas, pero dio como resultado que a este tipo de bayonetas de paseo se las conociera com\u00fanmente como &#8220;Extrawaffe Pioniere&#8221;. <\/span><\/p>\n<p style=\"text-align: justify\"><span style=\"font-family: verdana, geneva, sans-serif;font-size: 12pt\"><strong>DESCRIPCION:<\/strong>\u00a0Bayoneta del K98 (Extra-Seitengewehr 98K) de paseo para suboficiales y oficiales, fabricada con guarniciones en n\u00edquel\/plata, la hoja de acero est\u00e1 en muy buen estado y fue muy afilada, con dos acanaladuras a los lados, sin marcas de fabricante. La empu\u00f1adura\u00a0en forma de cabeza de \u00e1guila tiene las cachas negras en perfecto estado, con sus dos tornillos intactos. La vaina, conserva cerca del 90 % de su pintura negra original.<\/span><\/p>\n","protected":false},"excerpt":{"rendered":"<p>ANTECEDENTES: Durante el Tercer Reich numerosos fabricantes de armas blancas produjeron diferentes versiones para adquisici\u00f3n privada de las dos versiones de bayonetas,\u00a0la S84\/98 y la bayoneta del\u00a0KS98 para el uso con uniforme de servicio o paseo. Las bayonetas pasa uso de paseo o de servicio se fabricaron en dos modelos, uno corto y uno largo, &#8230; <a title=\"Wehrmacht EM\/NCO\u2019S Dress Bayonet &#8212;  WH\/ Bayoneta KS98 de Paseo para Oficiales y Suboficiales\" class=\"read-more\" href=\"https:\/\/original-militaria.com\/en\/producto\/wh-bayoneta-ks98-de-paseo\/\" aria-label=\"Read more about Wehrmacht EM\/NCO\u2019S Dress Bayonet &#8212;  WH\/ Bayoneta KS98 de Paseo para Oficiales y Suboficiales\">Leer m\u00e1s<\/a><\/p>\n","protected":false},"featured_media":17135,"template":"","meta":[],"product_brand":[],"product_cat":[224],"product_tag":[],"class_list":{"0":"post-17106","1":"product","2":"type-product","3":"status-publish","4":"has-post-thumbnail","6":"product_cat-archivo-vendidos","7":"sales-flash-overlay","8":"woocommerce-text-align-center","9":"woocommerce-image-align-center","10":"do-quantity-buttons","12":"first","13":"outofstock","14":"shipping-taxable","15":"product-type-simple"},"_links":{"self":[{"href":"https:\/\/original-militaria.com\/en\/wp-json\/wp\/v2\/product\/17106","targetHints":{"allow":["GET"]}}],"collection":[{"href":"https:\/\/original-militaria.com\/en\/wp-json\/wp\/v2\/product"}],"about":[{"href":"https:\/\/original-militaria.com\/en\/wp-json\/wp\/v2\/types\/product"}],"wp:featuredmedia":[{"embeddable":true,"href":"https:\/\/original-militaria.com\/en\/wp-json\/wp\/v2\/media\/17135"}],"wp:attachment":[{"href":"https:\/\/original-militaria.com\/en\/wp-json\/wp\/v2\/media?parent=17106"}],"wp:term":[{"taxonomy":"product_brand","embeddable":true,"href":"https:\/\/original-militaria.com\/en\/wp-json\/wp\/v2\/product_brand?post=17106"},{"taxonomy":"product_cat","embeddable":true,"href":"https:\/\/original-militaria.com\/en\/wp-json\/wp\/v2\/product_cat?post=17106"},{"taxonomy":"product_tag","embeddable":true,"href":"https:\/\/original-militaria.com\/en\/wp-json\/wp\/v2\/product_tag?post=17106"}],"curies":[{"name":"wp","href":"https:\/\/api.w.org\/{rel}","templated":true}]}}