{"id":17022,"date":"2018-05-31T16:43:35","date_gmt":"2018-05-31T16:43:35","guid":{"rendered":"https:\/\/original-militaria.com\/?post_type=product&#038;p=17022"},"modified":"2022-01-31T19:09:01","modified_gmt":"2022-01-31T18:09:01","slug":"wh-pipa-de-la-marca-bruyere","status":"publish","type":"product","link":"https:\/\/original-militaria.com\/en\/producto\/wh-pipa-de-la-marca-bruyere\/","title":{"rendered":"Wehrmacht Smoking Pipe, &#8220;Bruy\u00e9re&#8221; &#8212; WH\/ Pipa de la Marca &#8220;Bruy\u00e9re&#8221;"},"content":{"rendered":"<p style=\"text-align: justify\" align=\"justify\"><span style=\"font-family: verdana, geneva, sans-serif;font-size: 12pt\"><strong>ANTECEDENTES:<\/strong>\u00a0La Alemania del Tercer Reich vio afectada su industria por una limitaci\u00f3n de recursos naturales que se prolong\u00f3 hasta el final de la contienda. El soldado necesitaba todo tipo de estimulantes en el frente. El tabaco, adem\u00e1s de un h\u00e1bito, era uno de ellos. La raci\u00f3n diaria estipulada por el ej\u00e9rcito se completaba con los siempre esperados env\u00edos de parientes y amigos. Adem\u00e1s de la gran variedad de marcas y tabacos para todos los gustos las tabaqueras alemanas fabricaron gran cantidad de art\u00edculos para el h\u00e1bito de fumar.<\/span><\/p>\n<p style=\"text-align: justify\"><span style=\"font-size: 12pt;font-family: verdana, geneva, sans-serif\"><strong>DESCRIPCION:<\/strong>\u00a0Pipa de fumar (Pfeife rauchen) sin estrenar de madera trabajada del modelo largo\u00a0para los soldados en el frente, de la conocida marca <strong>&#8220;Bruy\u00e9re&#8221;<\/strong>. Tiene en frontal la marca&#8221; Bruy\u00e9re-Garantie&#8221;. <\/span><\/p>\n","protected":false},"excerpt":{"rendered":"<p>ANTECEDENTES:\u00a0La Alemania del Tercer Reich vio afectada su industria por una limitaci\u00f3n de recursos naturales que se prolong\u00f3 hasta el final de la contienda. El soldado necesitaba todo tipo de estimulantes en el frente. El tabaco, adem\u00e1s de un h\u00e1bito, era uno de ellos. La raci\u00f3n diaria estipulada por el ej\u00e9rcito se completaba con los &#8230; <a title=\"Wehrmacht Smoking Pipe, &#8220;Bruy\u00e9re&#8221; &#8212; WH\/ Pipa de la Marca &#8220;Bruy\u00e9re&#8221;\" class=\"read-more\" href=\"https:\/\/original-militaria.com\/en\/producto\/wh-pipa-de-la-marca-bruyere\/\" aria-label=\"Read more about Wehrmacht Smoking Pipe, &#8220;Bruy\u00e9re&#8221; &#8212; WH\/ Pipa de la Marca &#8220;Bruy\u00e9re&#8221;\">Leer m\u00e1s<\/a><\/p>\n","protected":false},"featured_media":17023,"template":"","meta":[],"product_brand":[],"product_cat":[172,224],"product_tag":[],"class_list":{"0":"post-17022","1":"product","2":"type-product","3":"status-publish","4":"has-post-thumbnail","6":"product_cat-militaria-alemana-ww2","7":"product_cat-archivo-vendidos","8":"sales-flash-overlay","9":"woocommerce-text-align-center","10":"woocommerce-image-align-center","11":"do-quantity-buttons","13":"first","14":"outofstock","15":"shipping-taxable","16":"product-type-simple"},"_links":{"self":[{"href":"https:\/\/original-militaria.com\/en\/wp-json\/wp\/v2\/product\/17022","targetHints":{"allow":["GET"]}}],"collection":[{"href":"https:\/\/original-militaria.com\/en\/wp-json\/wp\/v2\/product"}],"about":[{"href":"https:\/\/original-militaria.com\/en\/wp-json\/wp\/v2\/types\/product"}],"wp:featuredmedia":[{"embeddable":true,"href":"https:\/\/original-militaria.com\/en\/wp-json\/wp\/v2\/media\/17023"}],"wp:attachment":[{"href":"https:\/\/original-militaria.com\/en\/wp-json\/wp\/v2\/media?parent=17022"}],"wp:term":[{"taxonomy":"product_brand","embeddable":true,"href":"https:\/\/original-militaria.com\/en\/wp-json\/wp\/v2\/product_brand?post=17022"},{"taxonomy":"product_cat","embeddable":true,"href":"https:\/\/original-militaria.com\/en\/wp-json\/wp\/v2\/product_cat?post=17022"},{"taxonomy":"product_tag","embeddable":true,"href":"https:\/\/original-militaria.com\/en\/wp-json\/wp\/v2\/product_tag?post=17022"}],"curies":[{"name":"wp","href":"https:\/\/api.w.org\/{rel}","templated":true}]}}