{"id":16997,"date":"2018-05-31T15:49:51","date_gmt":"2018-05-31T15:49:51","guid":{"rendered":"https:\/\/original-militaria.com\/?post_type=product&#038;p=16997"},"modified":"2022-01-31T19:09:01","modified_gmt":"2022-01-31T18:09:01","slug":"prusia-cinturon-de-oficial","status":"publish","type":"product","link":"https:\/\/original-militaria.com\/en\/producto\/prusia-cinturon-de-oficial\/","title":{"rendered":"Prussia\/ Officer Belt &#8211;Prusia\/ Cintur\u00f3n de Oficial"},"content":{"rendered":"<p style=\"text-align: justify\"><span style=\"font-family: verdana, geneva, sans-serif;font-size: 12pt\">Cintur\u00f3n de Oficial Prusiano en cuero marr\u00f3n con hebilla de lat\u00f3n con corona &#8220;W II&#8221; (Preussen Feldbinde f\u00fcr Offiziere\u00a0&#8220;W II&#8221;).\u00a0 La correa de cuero de color marr\u00f3n est\u00e1 en un excepcional estado, mide 104 cm.<\/span><\/p>\n<p style=\"text-align: justify\"><span style=\"font-family: verdana, geneva, sans-serif;font-size: 12pt\"><strong>Nota.-<\/strong> Este cintur\u00f3n con esta hebilla altamente buscado y escaso esta en un inmejorable estado salvo por que le falta una trabilla, por este motivo un cintur\u00f3n de 400\u20ac tiene este precio.\u00a0\u00a0<\/span><\/p>\n","protected":false},"excerpt":{"rendered":"<p>Cintur\u00f3n de Oficial Prusiano en cuero marr\u00f3n con hebilla de lat\u00f3n con corona &#8220;W II&#8221; (Preussen Feldbinde f\u00fcr Offiziere\u00a0&#8220;W II&#8221;).\u00a0 La correa de cuero de color marr\u00f3n est\u00e1 en un excepcional estado, mide 104 cm. Nota.- Este cintur\u00f3n con esta hebilla altamente buscado y escaso esta en un inmejorable estado salvo por que le falta &#8230; <a title=\"Prussia\/ Officer Belt &#8211;Prusia\/ Cintur\u00f3n de Oficial\" class=\"read-more\" href=\"https:\/\/original-militaria.com\/en\/producto\/prusia-cinturon-de-oficial\/\" aria-label=\"Read more about Prussia\/ Officer Belt &#8211;Prusia\/ Cintur\u00f3n de Oficial\">Leer m\u00e1s<\/a><\/p>\n","protected":false},"featured_media":16998,"template":"","meta":[],"product_brand":[],"product_cat":[224],"product_tag":[],"class_list":{"0":"post-16997","1":"product","2":"type-product","3":"status-publish","4":"has-post-thumbnail","6":"product_cat-archivo-vendidos","7":"sales-flash-overlay","8":"woocommerce-text-align-center","9":"woocommerce-image-align-center","10":"do-quantity-buttons","12":"first","13":"outofstock","14":"shipping-taxable","15":"product-type-simple"},"_links":{"self":[{"href":"https:\/\/original-militaria.com\/en\/wp-json\/wp\/v2\/product\/16997","targetHints":{"allow":["GET"]}}],"collection":[{"href":"https:\/\/original-militaria.com\/en\/wp-json\/wp\/v2\/product"}],"about":[{"href":"https:\/\/original-militaria.com\/en\/wp-json\/wp\/v2\/types\/product"}],"wp:featuredmedia":[{"embeddable":true,"href":"https:\/\/original-militaria.com\/en\/wp-json\/wp\/v2\/media\/16998"}],"wp:attachment":[{"href":"https:\/\/original-militaria.com\/en\/wp-json\/wp\/v2\/media?parent=16997"}],"wp:term":[{"taxonomy":"product_brand","embeddable":true,"href":"https:\/\/original-militaria.com\/en\/wp-json\/wp\/v2\/product_brand?post=16997"},{"taxonomy":"product_cat","embeddable":true,"href":"https:\/\/original-militaria.com\/en\/wp-json\/wp\/v2\/product_cat?post=16997"},{"taxonomy":"product_tag","embeddable":true,"href":"https:\/\/original-militaria.com\/en\/wp-json\/wp\/v2\/product_tag?post=16997"}],"curies":[{"name":"wp","href":"https:\/\/api.w.org\/{rel}","templated":true}]}}