{"id":16935,"date":"2018-05-31T14:32:39","date_gmt":"2018-05-31T14:32:39","guid":{"rendered":"https:\/\/original-militaria.com\/?post_type=product&#038;p=16935"},"modified":"2022-01-31T19:09:01","modified_gmt":"2022-01-31T18:09:01","slug":"wh-heer-daga-de-oficial-del-ejercito-de-tierra-eickhorn-desnazificada","status":"publish","type":"product","link":"https:\/\/original-militaria.com\/en\/producto\/wh-heer-daga-de-oficial-del-ejercito-de-tierra-eickhorn-desnazificada\/","title":{"rendered":"WH\/HEER, Officer\u00b4s Dagger \u201cEickhorn\u201d, Denazified&#8212;Daga de Oficial del Ej\u00e9rcito de Tierra \u201cEickhorn\u201d. Desnazificada"},"content":{"rendered":"<p style=\"text-align: justify\"><span style=\"font-family: verdana, geneva, sans-serif\">D<\/span><span style=\"font-family: verdana, geneva, sans-serif;font-size: 12pt\">aga de oficial del ej\u00e9rcito de tierra (Heer Offizierdolch)\u00a0<strong>desnazificada<\/strong>, la hoja de acero de doble corte en estado impecable sin picaduras, en el anverso el logo modelo 1936-1941 del fabricante<strong>\u00a0\u201cEickhorn\u201d<\/strong>\u00a0de Solingen. La pieza transversal o guarnici\u00f3n inferior lleva el \u00e1guila nacional del ej\u00e9rcito <strong>sin la esv\u00e1stica<\/strong>, el pomo color marfil est\u00e1 orlado con hojas de roble. La vaina tiene paneles granulados y dos anillas para colgar. Ideal para repuestos.<\/span><\/p>\n","protected":false},"excerpt":{"rendered":"<p>Daga de oficial del ej\u00e9rcito de tierra (Heer Offizierdolch)\u00a0desnazificada, la hoja de acero de doble corte en estado impecable sin picaduras, en el anverso el logo modelo 1936-1941 del fabricante\u00a0\u201cEickhorn\u201d\u00a0de Solingen. La pieza transversal o guarnici\u00f3n inferior lleva el \u00e1guila nacional del ej\u00e9rcito sin la esv\u00e1stica, el pomo color marfil est\u00e1 orlado con hojas de &#8230; <a title=\"WH\/HEER, Officer\u00b4s Dagger \u201cEickhorn\u201d, Denazified&#8212;Daga de Oficial del Ej\u00e9rcito de Tierra \u201cEickhorn\u201d. Desnazificada\" class=\"read-more\" href=\"https:\/\/original-militaria.com\/en\/producto\/wh-heer-daga-de-oficial-del-ejercito-de-tierra-eickhorn-desnazificada\/\" aria-label=\"Read more about WH\/HEER, Officer\u00b4s Dagger \u201cEickhorn\u201d, Denazified&#8212;Daga de Oficial del Ej\u00e9rcito de Tierra \u201cEickhorn\u201d. Desnazificada\">Leer m\u00e1s<\/a><\/p>\n","protected":false},"featured_media":16972,"template":"","meta":[],"product_brand":[],"product_cat":[224],"product_tag":[],"class_list":{"0":"post-16935","1":"product","2":"type-product","3":"status-publish","4":"has-post-thumbnail","6":"product_cat-archivo-vendidos","7":"sales-flash-overlay","8":"woocommerce-text-align-center","9":"woocommerce-image-align-center","10":"do-quantity-buttons","12":"first","13":"outofstock","14":"shipping-taxable","15":"product-type-simple"},"_links":{"self":[{"href":"https:\/\/original-militaria.com\/en\/wp-json\/wp\/v2\/product\/16935","targetHints":{"allow":["GET"]}}],"collection":[{"href":"https:\/\/original-militaria.com\/en\/wp-json\/wp\/v2\/product"}],"about":[{"href":"https:\/\/original-militaria.com\/en\/wp-json\/wp\/v2\/types\/product"}],"wp:featuredmedia":[{"embeddable":true,"href":"https:\/\/original-militaria.com\/en\/wp-json\/wp\/v2\/media\/16972"}],"wp:attachment":[{"href":"https:\/\/original-militaria.com\/en\/wp-json\/wp\/v2\/media?parent=16935"}],"wp:term":[{"taxonomy":"product_brand","embeddable":true,"href":"https:\/\/original-militaria.com\/en\/wp-json\/wp\/v2\/product_brand?post=16935"},{"taxonomy":"product_cat","embeddable":true,"href":"https:\/\/original-militaria.com\/en\/wp-json\/wp\/v2\/product_cat?post=16935"},{"taxonomy":"product_tag","embeddable":true,"href":"https:\/\/original-militaria.com\/en\/wp-json\/wp\/v2\/product_tag?post=16935"}],"curies":[{"name":"wp","href":"https:\/\/api.w.org\/{rel}","templated":true}]}}