{"id":16934,"date":"2018-05-31T14:22:17","date_gmt":"2018-05-31T14:22:17","guid":{"rendered":"https:\/\/original-militaria.com\/?post_type=product&#038;p=16934"},"modified":"2022-01-31T19:09:01","modified_gmt":"2022-01-31T18:09:01","slug":"wh-heer-daga-de-oficial-del-ejercito-de-tierra-2","status":"publish","type":"product","link":"https:\/\/original-militaria.com\/en\/producto\/wh-heer-daga-de-oficial-del-ejercito-de-tierra-2\/","title":{"rendered":"Wehrmacht\/Heer Officer\u00b4s Dagger &#8212; WH\/HEER, Daga de Oficial del Ej\u00e9rcito de Tierra"},"content":{"rendered":"<p style=\"text-align: justify\"><span style=\"font-family: verdana, geneva, sans-serif;font-size: 12pt\">Daga de oficial del ej\u00e9rcito de tierra (Heer Offizierdolch), fabricada con hoja de acero de doble corte, perfecta, sin picaduras. La pieza transversal o guarnici\u00f3n inferior lleva el \u00e1guila nacional del ej\u00e9rcito, la empu\u00f1adura de pasta vidriada de color hueso, termina en el pomo orlado con hojas de roble.\u00a0La vaina tiene paneles granulados y dos anillas para colgar.\u00a0Modelo sin marcas de fabricante, modelo tard\u00edo. Buen estado general.<\/span><\/p>\n","protected":false},"excerpt":{"rendered":"<p>Daga de oficial del ej\u00e9rcito de tierra (Heer Offizierdolch), fabricada con hoja de acero de doble corte, perfecta, sin picaduras. La pieza transversal o guarnici\u00f3n inferior lleva el \u00e1guila nacional del ej\u00e9rcito, la empu\u00f1adura de pasta vidriada de color hueso, termina en el pomo orlado con hojas de roble.\u00a0La vaina tiene paneles granulados y dos &#8230; <a title=\"Wehrmacht\/Heer Officer\u00b4s Dagger &#8212; WH\/HEER, Daga de Oficial del Ej\u00e9rcito de Tierra\" class=\"read-more\" href=\"https:\/\/original-militaria.com\/en\/producto\/wh-heer-daga-de-oficial-del-ejercito-de-tierra-2\/\" aria-label=\"Read more about Wehrmacht\/Heer Officer\u00b4s Dagger &#8212; WH\/HEER, Daga de Oficial del Ej\u00e9rcito de Tierra\">Leer m\u00e1s<\/a><\/p>\n","protected":false},"featured_media":16963,"template":"","meta":[],"product_brand":[],"product_cat":[172,224],"product_tag":[],"class_list":{"0":"post-16934","1":"product","2":"type-product","3":"status-publish","4":"has-post-thumbnail","6":"product_cat-militaria-alemana-ww2","7":"product_cat-archivo-vendidos","8":"sales-flash-overlay","9":"woocommerce-text-align-center","10":"woocommerce-image-align-center","11":"do-quantity-buttons","13":"first","14":"outofstock","15":"shipping-taxable","16":"product-type-simple"},"_links":{"self":[{"href":"https:\/\/original-militaria.com\/en\/wp-json\/wp\/v2\/product\/16934","targetHints":{"allow":["GET"]}}],"collection":[{"href":"https:\/\/original-militaria.com\/en\/wp-json\/wp\/v2\/product"}],"about":[{"href":"https:\/\/original-militaria.com\/en\/wp-json\/wp\/v2\/types\/product"}],"wp:featuredmedia":[{"embeddable":true,"href":"https:\/\/original-militaria.com\/en\/wp-json\/wp\/v2\/media\/16963"}],"wp:attachment":[{"href":"https:\/\/original-militaria.com\/en\/wp-json\/wp\/v2\/media?parent=16934"}],"wp:term":[{"taxonomy":"product_brand","embeddable":true,"href":"https:\/\/original-militaria.com\/en\/wp-json\/wp\/v2\/product_brand?post=16934"},{"taxonomy":"product_cat","embeddable":true,"href":"https:\/\/original-militaria.com\/en\/wp-json\/wp\/v2\/product_cat?post=16934"},{"taxonomy":"product_tag","embeddable":true,"href":"https:\/\/original-militaria.com\/en\/wp-json\/wp\/v2\/product_tag?post=16934"}],"curies":[{"name":"wp","href":"https:\/\/api.w.org\/{rel}","templated":true}]}}