{"id":16855,"date":"2018-05-13T16:15:35","date_gmt":"2018-05-13T16:15:35","guid":{"rendered":"https:\/\/original-militaria.com\/?post_type=product&#038;p=16855"},"modified":"2022-01-31T19:09:00","modified_gmt":"2022-01-31T18:09:00","slug":"wh-aguila-m39-para-guerreras-de-tropa-y-suboficiales","status":"publish","type":"product","link":"https:\/\/original-militaria.com\/en\/producto\/wh-aguila-m39-para-guerreras-de-tropa-y-suboficiales\/","title":{"rendered":"Wehrmacht\/ EM\/NCO&#8217;S M39 Breast Eagle &#8212;  WH\/ \u00c1guila M39 para Guerreras de Tropa y Suboficiales"},"content":{"rendered":"<p style=\"text-align: justify\" align=\"justify\"><span style=\"font-family: verdana, geneva, sans-serif;font-size: 12pt\"><strong>ANTECEDENTES:<\/strong>\u00a0El ej\u00e9rcito alem\u00e1n aprob\u00f3 inicialmente una versi\u00f3n ligeramente modificada del \u00e1guila del NSDAP, el Nationalsozialistische Deutsche Arbeiterpartei, (Partido Nacional Socialista Alem\u00e1n de los Trabajadores), con instrucciones para que se aplicara a todos los cascos, gorras de plato y guerreras el 1 de mayo de 1934. M\u00e1s tarde las enmiendas a la orden de introducci\u00f3n estipularon que el \u00e1guila nacional tambi\u00e9n pod\u00eda ser usada en todas las gorras de campa\u00f1a y camisetas de deportes, y un \u00e1guila sobre base negra para Panzer. El \u00e1guila se produjo en tres dise\u00f1os distintos. Generalmente las \u00e1guila de los Oficiales eran bordadas en hilo de aluminio, mientras que las de tropa y suboficiales eran bordadas a maquina en hilo. Durante la guerra dichas \u00e1guilas fueron fabricadas con una variedad de t\u00e9cnicas de fabricaci\u00f3n ligeramente diferentes y diferentes coloraciones.<\/span><\/p>\n<p style=\"text-align: justify\"><span style=\"font-family: verdana, geneva, sans-serif;font-size: 12pt\"><strong>DESCRIPCION:<\/strong>\u00a0\u00c1guila M39 (Hoheitsabzeichen) para guerreras de tropa y suboficial en Bevo, arrancada de uniforme.\u00a0<\/span><\/p>\n","protected":false},"excerpt":{"rendered":"<p>ANTECEDENTES:\u00a0El ej\u00e9rcito alem\u00e1n aprob\u00f3 inicialmente una versi\u00f3n ligeramente modificada del \u00e1guila del NSDAP, el Nationalsozialistische Deutsche Arbeiterpartei, (Partido Nacional Socialista Alem\u00e1n de los Trabajadores), con instrucciones para que se aplicara a todos los cascos, gorras de plato y guerreras el 1 de mayo de 1934. M\u00e1s tarde las enmiendas a la orden de introducci\u00f3n estipularon &#8230; <a title=\"Wehrmacht\/ EM\/NCO&#8217;S M39 Breast Eagle &#8212;  WH\/ \u00c1guila M39 para Guerreras de Tropa y Suboficiales\" class=\"read-more\" href=\"https:\/\/original-militaria.com\/en\/producto\/wh-aguila-m39-para-guerreras-de-tropa-y-suboficiales\/\" aria-label=\"Read more about Wehrmacht\/ EM\/NCO&#8217;S M39 Breast Eagle &#8212;  WH\/ \u00c1guila M39 para Guerreras de Tropa y Suboficiales\">Leer m\u00e1s<\/a><\/p>\n","protected":false},"featured_media":16857,"template":"","meta":[],"product_brand":[],"product_cat":[224],"product_tag":[],"class_list":{"0":"post-16855","1":"product","2":"type-product","3":"status-publish","4":"has-post-thumbnail","6":"product_cat-archivo-vendidos","7":"sales-flash-overlay","8":"woocommerce-text-align-center","9":"woocommerce-image-align-center","10":"do-quantity-buttons","12":"first","13":"outofstock","14":"shipping-taxable","15":"product-type-simple"},"_links":{"self":[{"href":"https:\/\/original-militaria.com\/en\/wp-json\/wp\/v2\/product\/16855","targetHints":{"allow":["GET"]}}],"collection":[{"href":"https:\/\/original-militaria.com\/en\/wp-json\/wp\/v2\/product"}],"about":[{"href":"https:\/\/original-militaria.com\/en\/wp-json\/wp\/v2\/types\/product"}],"wp:featuredmedia":[{"embeddable":true,"href":"https:\/\/original-militaria.com\/en\/wp-json\/wp\/v2\/media\/16857"}],"wp:attachment":[{"href":"https:\/\/original-militaria.com\/en\/wp-json\/wp\/v2\/media?parent=16855"}],"wp:term":[{"taxonomy":"product_brand","embeddable":true,"href":"https:\/\/original-militaria.com\/en\/wp-json\/wp\/v2\/product_brand?post=16855"},{"taxonomy":"product_cat","embeddable":true,"href":"https:\/\/original-militaria.com\/en\/wp-json\/wp\/v2\/product_cat?post=16855"},{"taxonomy":"product_tag","embeddable":true,"href":"https:\/\/original-militaria.com\/en\/wp-json\/wp\/v2\/product_tag?post=16855"}],"curies":[{"name":"wp","href":"https:\/\/api.w.org\/{rel}","templated":true}]}}