{"id":16764,"date":"2018-03-04T18:27:32","date_gmt":"2018-03-04T18:27:32","guid":{"rendered":"https:\/\/original-militaria.com\/?post_type=product&#038;p=16764"},"modified":"2021-09-02T10:45:10","modified_gmt":"2021-09-02T10:45:10","slug":"rara-camisola-para-nina-del-frente-de-juventudes-de-falange","status":"publish","type":"product","link":"https:\/\/original-militaria.com\/en\/producto\/rara-camisola-para-nina-del-frente-de-juventudes-de-falange\/","title":{"rendered":"Spanish Falange\/ Shirt of the Youth Front for Woman. Very Rare&#8212;Rara Camisola para Ni\u00f1a del Frente de Juventudes de Falange"},"content":{"rendered":"<div class=\"pagina lote\">\n<div id=\"wrap\" class=\"pagina\">\n<div id=\"page-content\">\n<div class=\"container\">\n<div class=\"contenido\">\n<div id=\"sobre_el_lote\" class=\"tabs hidden-xs\">\n<div class=\"tab-content tabs-box\">\n<div id=\"descripcion\" class=\"tab-pane active\">\n<div class=\"row\">\n<div class=\"col-sm-12\">\n<div class=\"margin-bottom\">\n<p style=\"text-align: justify\"><span style=\"font-family: verdana, geneva, sans-serif;font-size: 12pt\">Realmente rara y muy poco visto modelo de camisa tipo camisola de gran calidad para un miembro del Frente fe juventudes de Falange (seguramente para una ni\u00f1a). Sin uso aparente, buena talla, con escudo bordado de gran calidad en el bolsillo abierto del pecho que mantiene todos sus colores vivos al igual que el azul de la camisola. Bonita y poco vista pieza de colecci\u00f3n en un estado de nuevo pr\u00e1cticamente.<\/span><\/p>\n<p style=\"text-align: justify\"><span style=\"font-family: verdana, geneva, sans-serif;font-size: 12pt\"><strong>Nota.-<\/strong> Esta camisa es anterior al\u00a0relevo del delegado del frente de Juventudes, Jos\u00e9 Antonio Elola Olaso por Jes\u00fas L\u00f3pez Cancio, hecho que se produjo por un Decreto de fecha 12\/12\/1955 (BOE del 13\/12\/55),\u00a0 que es cuando comienza la <strong>&#8220;OJE&#8221;<\/strong>\u00a0<\/span><\/p>\n<\/div>\n<\/div>\n<\/div>\n<\/div>\n<\/div>\n<\/div>\n<\/div>\n<\/div>\n<\/div>\n<\/div>\n<\/div>\n","protected":false},"excerpt":{"rendered":"<p>Realmente rara y muy poco visto modelo de camisa tipo camisola de gran calidad para un miembro del Frente fe juventudes de Falange (seguramente para una ni\u00f1a). Sin uso aparente, buena talla, con escudo bordado de gran calidad en el bolsillo abierto del pecho que mantiene todos sus colores vivos al igual que el azul &#8230; <a title=\"Spanish Falange\/ Shirt of the Youth Front for Woman. Very Rare&#8212;Rara Camisola para Ni\u00f1a del Frente de Juventudes de Falange\" class=\"read-more\" href=\"https:\/\/original-militaria.com\/en\/producto\/rara-camisola-para-nina-del-frente-de-juventudes-de-falange\/\" aria-label=\"Read more about Spanish Falange\/ Shirt of the Youth Front for Woman. Very Rare&#8212;Rara Camisola para Ni\u00f1a del Frente de Juventudes de Falange\">Leer m\u00e1s<\/a><\/p>\n","protected":false},"featured_media":16765,"template":"","meta":[],"product_brand":[],"product_cat":[195,198],"product_tag":[],"class_list":{"0":"post-16764","1":"product","2":"type-product","3":"status-publish","4":"has-post-thumbnail","6":"product_cat-epoca-de-franco","7":"product_cat-falange-jons","8":"sales-flash-overlay","9":"woocommerce-text-align-center","10":"woocommerce-image-align-center","11":"do-quantity-buttons","13":"first","14":"instock","15":"shipping-taxable","16":"purchasable","17":"product-type-simple"},"_links":{"self":[{"href":"https:\/\/original-militaria.com\/en\/wp-json\/wp\/v2\/product\/16764","targetHints":{"allow":["GET"]}}],"collection":[{"href":"https:\/\/original-militaria.com\/en\/wp-json\/wp\/v2\/product"}],"about":[{"href":"https:\/\/original-militaria.com\/en\/wp-json\/wp\/v2\/types\/product"}],"wp:featuredmedia":[{"embeddable":true,"href":"https:\/\/original-militaria.com\/en\/wp-json\/wp\/v2\/media\/16765"}],"wp:attachment":[{"href":"https:\/\/original-militaria.com\/en\/wp-json\/wp\/v2\/media?parent=16764"}],"wp:term":[{"taxonomy":"product_brand","embeddable":true,"href":"https:\/\/original-militaria.com\/en\/wp-json\/wp\/v2\/product_brand?post=16764"},{"taxonomy":"product_cat","embeddable":true,"href":"https:\/\/original-militaria.com\/en\/wp-json\/wp\/v2\/product_cat?post=16764"},{"taxonomy":"product_tag","embeddable":true,"href":"https:\/\/original-militaria.com\/en\/wp-json\/wp\/v2\/product_tag?post=16764"}],"curies":[{"name":"wp","href":"https:\/\/api.w.org\/{rel}","templated":true}]}}