{"id":16760,"date":"2018-03-04T17:56:45","date_gmt":"2018-03-04T17:56:45","guid":{"rendered":"https:\/\/original-militaria.com\/?post_type=product&#038;p=16760"},"modified":"2018-06-05T11:22:54","modified_gmt":"2018-06-05T11:22:54","slug":"cinturon-con-hebilla-de-aviacion-epoca-franco","status":"publish","type":"product","link":"https:\/\/original-militaria.com\/en\/producto\/cinturon-con-hebilla-de-aviacion-epoca-franco\/","title":{"rendered":"Cintur\u00f3n con Hebilla de Aviaci\u00f3n \u00c9poca Franco"},"content":{"rendered":"<p><span style=\"font-family: verdana, geneva, sans-serif;font-size: 12pt\">Cintur\u00f3n de cuero negro todav\u00eda flexible de 117 cm con Hebilla de Tropa de Aviaci\u00f3n Franquista. Muy buen estado.\u00a0<\/span><\/p>\n","protected":false},"excerpt":{"rendered":"<p>Cintur\u00f3n de cuero negro todav\u00eda flexible de 117 cm con Hebilla de Tropa de Aviaci\u00f3n Franquista. Muy buen estado.\u00a0<\/p>\n","protected":false},"featured_media":16761,"template":"","meta":[],"product_brand":[],"product_cat":[195],"product_tag":[],"class_list":{"0":"post-16760","1":"product","2":"type-product","3":"status-publish","4":"has-post-thumbnail","6":"product_cat-epoca-de-franco","7":"sales-flash-overlay","8":"woocommerce-text-align-center","9":"woocommerce-image-align-center","10":"do-quantity-buttons","12":"first","13":"instock","14":"shipping-taxable","15":"purchasable","16":"product-type-simple"},"_links":{"self":[{"href":"https:\/\/original-militaria.com\/en\/wp-json\/wp\/v2\/product\/16760","targetHints":{"allow":["GET"]}}],"collection":[{"href":"https:\/\/original-militaria.com\/en\/wp-json\/wp\/v2\/product"}],"about":[{"href":"https:\/\/original-militaria.com\/en\/wp-json\/wp\/v2\/types\/product"}],"wp:featuredmedia":[{"embeddable":true,"href":"https:\/\/original-militaria.com\/en\/wp-json\/wp\/v2\/media\/16761"}],"wp:attachment":[{"href":"https:\/\/original-militaria.com\/en\/wp-json\/wp\/v2\/media?parent=16760"}],"wp:term":[{"taxonomy":"product_brand","embeddable":true,"href":"https:\/\/original-militaria.com\/en\/wp-json\/wp\/v2\/product_brand?post=16760"},{"taxonomy":"product_cat","embeddable":true,"href":"https:\/\/original-militaria.com\/en\/wp-json\/wp\/v2\/product_cat?post=16760"},{"taxonomy":"product_tag","embeddable":true,"href":"https:\/\/original-militaria.com\/en\/wp-json\/wp\/v2\/product_tag?post=16760"}],"curies":[{"name":"wp","href":"https:\/\/api.w.org\/{rel}","templated":true}]}}