{"id":16750,"date":"2018-03-04T17:33:58","date_gmt":"2018-03-04T17:33:58","guid":{"rendered":"https:\/\/original-militaria.com\/?post_type=product&#038;p=16750"},"modified":"2022-01-31T19:09:00","modified_gmt":"2022-01-31T18:09:00","slug":"wh-heer-daga-de-oficial-del-ejercito-de-tierra","status":"publish","type":"product","link":"https:\/\/original-militaria.com\/en\/producto\/wh-heer-daga-de-oficial-del-ejercito-de-tierra\/","title":{"rendered":"Wehrmacht\/Heer Officer&#8217;s Dagger &#8212; WH\/Heer, Daga de Oficial del Ej\u00e9rcito de Tierra"},"content":{"rendered":"<p style=\"text-align: justify\"><span style=\"font-size: 12pt;font-family: verdana, geneva, sans-serif\">Daga de oficial del ej\u00e9rcito de tierra (Heer Offizierdolch), esta construida\u00a0con hoja de acero de doble corte con una bonita patina,\u00a0sin picaduras. La pieza transversal o guarnici\u00f3n inferior lleva el \u00e1guila nacional del ej\u00e9rcito, la empu\u00f1adura de pasta vidriada de color hueso, termina en el pomo orlado con hojas de roble.\u00a0La vaina tiene paneles granulados y dos anillas para colgar.\u00a0Modelo sin marcas de fabricante, modelo tard\u00edo. Buen estado general.<\/span><\/p>\n","protected":false},"excerpt":{"rendered":"<p>Daga de oficial del ej\u00e9rcito de tierra (Heer Offizierdolch), esta construida\u00a0con hoja de acero de doble corte con una bonita patina,\u00a0sin picaduras. La pieza transversal o guarnici\u00f3n inferior lleva el \u00e1guila nacional del ej\u00e9rcito, la empu\u00f1adura de pasta vidriada de color hueso, termina en el pomo orlado con hojas de roble.\u00a0La vaina tiene paneles granulados &#8230; <a title=\"Wehrmacht\/Heer Officer&#8217;s Dagger &#8212; WH\/Heer, Daga de Oficial del Ej\u00e9rcito de Tierra\" class=\"read-more\" href=\"https:\/\/original-militaria.com\/en\/producto\/wh-heer-daga-de-oficial-del-ejercito-de-tierra\/\" aria-label=\"Read more about Wehrmacht\/Heer Officer&#8217;s Dagger &#8212; WH\/Heer, Daga de Oficial del Ej\u00e9rcito de Tierra\">Leer m\u00e1s<\/a><\/p>\n","protected":false},"featured_media":16751,"template":"","meta":[],"product_brand":[],"product_cat":[224],"product_tag":[],"class_list":{"0":"post-16750","1":"product","2":"type-product","3":"status-publish","4":"has-post-thumbnail","6":"product_cat-archivo-vendidos","7":"sales-flash-overlay","8":"woocommerce-text-align-center","9":"woocommerce-image-align-center","10":"do-quantity-buttons","12":"first","13":"outofstock","14":"shipping-taxable","15":"product-type-simple"},"_links":{"self":[{"href":"https:\/\/original-militaria.com\/en\/wp-json\/wp\/v2\/product\/16750","targetHints":{"allow":["GET"]}}],"collection":[{"href":"https:\/\/original-militaria.com\/en\/wp-json\/wp\/v2\/product"}],"about":[{"href":"https:\/\/original-militaria.com\/en\/wp-json\/wp\/v2\/types\/product"}],"wp:featuredmedia":[{"embeddable":true,"href":"https:\/\/original-militaria.com\/en\/wp-json\/wp\/v2\/media\/16751"}],"wp:attachment":[{"href":"https:\/\/original-militaria.com\/en\/wp-json\/wp\/v2\/media?parent=16750"}],"wp:term":[{"taxonomy":"product_brand","embeddable":true,"href":"https:\/\/original-militaria.com\/en\/wp-json\/wp\/v2\/product_brand?post=16750"},{"taxonomy":"product_cat","embeddable":true,"href":"https:\/\/original-militaria.com\/en\/wp-json\/wp\/v2\/product_cat?post=16750"},{"taxonomy":"product_tag","embeddable":true,"href":"https:\/\/original-militaria.com\/en\/wp-json\/wp\/v2\/product_tag?post=16750"}],"curies":[{"name":"wp","href":"https:\/\/api.w.org\/{rel}","templated":true}]}}