{"id":16697,"date":"2018-03-04T16:34:16","date_gmt":"2018-03-04T16:34:16","guid":{"rendered":"https:\/\/original-militaria.com\/?post_type=product&#038;p=16697"},"modified":"2022-01-31T19:09:00","modified_gmt":"2022-01-31T18:09:00","slug":"daga-damasquinada-y-gravada-de-oficial-del-heer-de-la-wehrmacht-de-f-dick-con-funda","status":"publish","type":"product","link":"https:\/\/original-militaria.com\/en\/producto\/daga-damasquinada-y-gravada-de-oficial-del-heer-de-la-wehrmacht-de-f-dick-con-funda\/","title":{"rendered":"Wehrmacht\/Heer, Officer&#8217;s Dagger with Engraved Damascus Blade with Cover and Portepee by F. Dick&#8211; Wehrmacht\/Heer, Daga Damasquinada y Gravada de Oficial de F. Dick con Funda"},"content":{"rendered":"<div class=\"pagina lote\">\n<div id=\"wrap\" class=\"pagina\">\n<div id=\"page-content\">\n<div class=\"container\">\n<div class=\"contenido\">\n<div id=\"sobre_el_lote\" class=\"tabs hidden-xs\">\n<div class=\"tab-content tabs-box\">\n<div id=\"descripcion\" class=\"tab-pane active\">\n<div class=\"row\">\n<div class=\"col-sm-12\">\n<div class=\"margin-bottom\">\n<p style=\"text-align: justify\"><span style=\"font-family: verdana, geneva, sans-serif\">Daga completa con funda y dragona con la hoja <strong>damasquinada<\/strong> y <strong>gravada\u00a0con leyenda<\/strong> para un\u00a0Oficial del ej\u00e9rcito de tierra (Heer Damascus Offizierdolch), esta fabricada con hoja de acero de doble corte en excelente estado, la hoja damasquinada con la marca del fabricante <strong>&#8220;F. Dick&#8221; de &#8220;Esslingen&#8221;<\/strong> y con la leyenda gravada <strong>&#8220;Feld Art. Regiment 7&#8221;<\/strong> en letras de oro. Todas las guarniciones iguales. La pieza transversal o guarnici\u00f3n inferior lleva el \u00e1guila nacional del ej\u00e9rcito, la empu\u00f1adura de pasta vidriada de color blanco acaba en el pomo orlado con hojas de roble. La vaina impecable \u00a0tiene paneles granulados y dos anillas para colgar. La funda con su cremallera que funciona perfectamente <span style=\"color: #3a3a3a\">(Futteral f\u00fcr den Offiziersdolch)<\/span>.\u00a0<strong><span style=\"color: #3a3a3a\">\u00a0<\/span><\/strong>Est\u00e1 en estado excepcional. Rara\u00a0<\/span><\/p>\n<\/div>\n<\/div>\n<\/div>\n<\/div>\n<\/div>\n<\/div>\n<\/div>\n<\/div>\n<\/div>\n<\/div>\n<\/div>\n","protected":false},"excerpt":{"rendered":"<p>Daga completa con funda y dragona con la hoja damasquinada y gravada\u00a0con leyenda para un\u00a0Oficial del ej\u00e9rcito de tierra (Heer Damascus Offizierdolch), esta fabricada con hoja de acero de doble corte en excelente estado, la hoja damasquinada con la marca del fabricante &#8220;F. Dick&#8221; de &#8220;Esslingen&#8221; y con la leyenda gravada &#8220;Feld Art. Regiment 7&#8221; &#8230; <a title=\"Wehrmacht\/Heer, Officer&#8217;s Dagger with Engraved Damascus Blade with Cover and Portepee by F. Dick&#8211; Wehrmacht\/Heer, Daga Damasquinada y Gravada de Oficial de F. Dick con Funda\" class=\"read-more\" href=\"https:\/\/original-militaria.com\/en\/producto\/daga-damasquinada-y-gravada-de-oficial-del-heer-de-la-wehrmacht-de-f-dick-con-funda\/\" aria-label=\"Read more about Wehrmacht\/Heer, Officer&#8217;s Dagger with Engraved Damascus Blade with Cover and Portepee by F. Dick&#8211; Wehrmacht\/Heer, Daga Damasquinada y Gravada de Oficial de F. Dick con Funda\">Leer m\u00e1s<\/a><\/p>\n","protected":false},"featured_media":16709,"template":"","meta":[],"product_brand":[],"product_cat":[224],"product_tag":[],"class_list":{"0":"post-16697","1":"product","2":"type-product","3":"status-publish","4":"has-post-thumbnail","6":"product_cat-archivo-vendidos","7":"sales-flash-overlay","8":"woocommerce-text-align-center","9":"woocommerce-image-align-center","10":"do-quantity-buttons","12":"first","13":"outofstock","14":"shipping-taxable","15":"product-type-simple"},"_links":{"self":[{"href":"https:\/\/original-militaria.com\/en\/wp-json\/wp\/v2\/product\/16697","targetHints":{"allow":["GET"]}}],"collection":[{"href":"https:\/\/original-militaria.com\/en\/wp-json\/wp\/v2\/product"}],"about":[{"href":"https:\/\/original-militaria.com\/en\/wp-json\/wp\/v2\/types\/product"}],"wp:featuredmedia":[{"embeddable":true,"href":"https:\/\/original-militaria.com\/en\/wp-json\/wp\/v2\/media\/16709"}],"wp:attachment":[{"href":"https:\/\/original-militaria.com\/en\/wp-json\/wp\/v2\/media?parent=16697"}],"wp:term":[{"taxonomy":"product_brand","embeddable":true,"href":"https:\/\/original-militaria.com\/en\/wp-json\/wp\/v2\/product_brand?post=16697"},{"taxonomy":"product_cat","embeddable":true,"href":"https:\/\/original-militaria.com\/en\/wp-json\/wp\/v2\/product_cat?post=16697"},{"taxonomy":"product_tag","embeddable":true,"href":"https:\/\/original-militaria.com\/en\/wp-json\/wp\/v2\/product_tag?post=16697"}],"curies":[{"name":"wp","href":"https:\/\/api.w.org\/{rel}","templated":true}]}}