{"id":16676,"date":"2018-03-04T15:49:37","date_gmt":"2018-03-04T15:49:37","guid":{"rendered":"https:\/\/original-militaria.com\/?post_type=product&#038;p=16676"},"modified":"2022-01-31T19:09:00","modified_gmt":"2022-01-31T18:09:00","slug":"daga-m1946-de-oficial-del-ejercito-del-aire-espanol-de-la-casa-villaverde","status":"publish","type":"product","link":"https:\/\/original-militaria.com\/en\/producto\/daga-m1946-de-oficial-del-ejercito-del-aire-espanol-de-la-casa-villaverde\/","title":{"rendered":"Dagger M1946 of Officer of the Spanish Air Force &#8212;  Daga M1946 de Oficial del Ej\u00e9rcito del Aire Espa\u00f1ol de la Casa Villaverde"},"content":{"rendered":"<p style=\"text-align: justify\"><span style=\"font-family: verdana, geneva, sans-serif;font-size: 12pt\"><strong>ANTECEDENTES:<\/strong>\u00a0El 15 de noviembre de 1946 aparece su creaci\u00f3n en el Bolet\u00edn Oficial del Ministerio del Aire\u00a0para su uso por Generales, Jefes y\u00a0Oficiales en actos de gala y de protocolo.<\/span><\/p>\n<p style=\"text-align: justify\"><span style=\"font-family: verdana, geneva, sans-serif;font-size: 12pt\"><strong>DESCRIPCI\u00d3N:<\/strong>\u00a0Versi\u00f3n de \u00faltima de \u00e9poca de guerra civil de la Daga de Oficial del Ej\u00e9rcito del Aire fabricada por la la <strong>&#8220;Casa Villaverde de Madrid&#8221;<\/strong> en excelente estado. La guarnici\u00f3n de bronce sobredorado en forma de cruz, as\u00ed como la\u00a0vaina de lat\u00f3n dorado con sus dos abrazaderas, la contera y las anillas mantienen intacto su color. En\u00a0el centro de la cruz, en el anverso,\u00a0el emblema de este cuerpo, y en el reverso,\u00a0el escudo de Espa\u00f1a. La hoja recta con bigotera y dos filos corridos perfecta, con la leyenda\u00a0<strong>\u201cFabrica de Toledo\u201d.<\/strong> La empu\u00f1adura de pasta vidriada de color amarillo termina con el sombrerete de menor tama\u00f1o que sus antecesora. Raras de ver fabricadas por esta casa\u00a0<\/span><\/p>\n","protected":false},"excerpt":{"rendered":"<p>ANTECEDENTES:\u00a0El 15 de noviembre de 1946 aparece su creaci\u00f3n en el Bolet\u00edn Oficial del Ministerio del Aire\u00a0para su uso por Generales, Jefes y\u00a0Oficiales en actos de gala y de protocolo. DESCRIPCI\u00d3N:\u00a0Versi\u00f3n de \u00faltima de \u00e9poca de guerra civil de la Daga de Oficial del Ej\u00e9rcito del Aire fabricada por la la &#8220;Casa Villaverde de Madrid&#8221; &#8230; <a title=\"Dagger M1946 of Officer of the Spanish Air Force &#8212;  Daga M1946 de Oficial del Ej\u00e9rcito del Aire Espa\u00f1ol de la Casa Villaverde\" class=\"read-more\" href=\"https:\/\/original-militaria.com\/en\/producto\/daga-m1946-de-oficial-del-ejercito-del-aire-espanol-de-la-casa-villaverde\/\" aria-label=\"Read more about Dagger M1946 of Officer of the Spanish Air Force &#8212;  Daga M1946 de Oficial del Ej\u00e9rcito del Aire Espa\u00f1ol de la Casa Villaverde\">Leer m\u00e1s<\/a><\/p>\n","protected":false},"featured_media":16677,"template":"","meta":[],"product_brand":[],"product_cat":[224],"product_tag":[],"class_list":{"0":"post-16676","1":"product","2":"type-product","3":"status-publish","4":"has-post-thumbnail","6":"product_cat-archivo-vendidos","7":"sales-flash-overlay","8":"woocommerce-text-align-center","9":"woocommerce-image-align-center","10":"do-quantity-buttons","12":"first","13":"outofstock","14":"shipping-taxable","15":"product-type-simple"},"_links":{"self":[{"href":"https:\/\/original-militaria.com\/en\/wp-json\/wp\/v2\/product\/16676","targetHints":{"allow":["GET"]}}],"collection":[{"href":"https:\/\/original-militaria.com\/en\/wp-json\/wp\/v2\/product"}],"about":[{"href":"https:\/\/original-militaria.com\/en\/wp-json\/wp\/v2\/types\/product"}],"wp:featuredmedia":[{"embeddable":true,"href":"https:\/\/original-militaria.com\/en\/wp-json\/wp\/v2\/media\/16677"}],"wp:attachment":[{"href":"https:\/\/original-militaria.com\/en\/wp-json\/wp\/v2\/media?parent=16676"}],"wp:term":[{"taxonomy":"product_brand","embeddable":true,"href":"https:\/\/original-militaria.com\/en\/wp-json\/wp\/v2\/product_brand?post=16676"},{"taxonomy":"product_cat","embeddable":true,"href":"https:\/\/original-militaria.com\/en\/wp-json\/wp\/v2\/product_cat?post=16676"},{"taxonomy":"product_tag","embeddable":true,"href":"https:\/\/original-militaria.com\/en\/wp-json\/wp\/v2\/product_tag?post=16676"}],"curies":[{"name":"wp","href":"https:\/\/api.w.org\/{rel}","templated":true}]}}