{"id":16662,"date":"2018-02-10T20:36:40","date_gmt":"2018-02-10T20:36:40","guid":{"rendered":"https:\/\/original-militaria.com\/?post_type=product&#038;p=16662"},"modified":"2022-01-31T19:09:00","modified_gmt":"2022-01-31T18:09:00","slug":"ss-sa-suspensor-para-daga-2","status":"publish","type":"product","link":"https:\/\/original-militaria.com\/en\/producto\/ss-sa-suspensor-para-daga-2\/","title":{"rendered":"SS\/SA, M33 Service Dagger Hanger &#8212; SS-SA\/ Suspensor M33 para Daga"},"content":{"rendered":"<p style=\"text-align: justify\"><span style=\"font-family: verdana, geneva, sans-serif;font-size: 12pt\">Suspensor de cuero marr\u00f3n oscuro con hebilla y mosqueton de acero niquelado con logo del fabricante <strong>&#8220;E W. Assmann &amp; S\u00f6hne, L\u00fcdenscheid&#8221;<\/strong> y su <strong>&#8220;DRGM&#8221;,<\/strong>\u00a0&#8220;Deutsches Reich Gebrauchsmuster&#8221; (indica la producci\u00f3n durante la guerra) para la daga de los SS\/SA (Geh\u00e4nge zum SS\/SA-Dienstdolch), el\u00a0mosqueton viene marcado con su\u00a0&#8220;RZM&#8221;\u00a0dentro de un circulo y el c\u00f3digo del fabricante\u00a0&#8220;L2\/57&#8221;. Estado regular, pero bien marcado. Sin limpiar.<\/span><\/p>\n<p style=\"text-align: justify\">\n","protected":false},"excerpt":{"rendered":"<p>Suspensor de cuero marr\u00f3n oscuro con hebilla y mosqueton de acero niquelado con logo del fabricante &#8220;E W. Assmann &amp; S\u00f6hne, L\u00fcdenscheid&#8221; y su &#8220;DRGM&#8221;,\u00a0&#8220;Deutsches Reich Gebrauchsmuster&#8221; (indica la producci\u00f3n durante la guerra) para la daga de los SS\/SA (Geh\u00e4nge zum SS\/SA-Dienstdolch), el\u00a0mosqueton viene marcado con su\u00a0&#8220;RZM&#8221;\u00a0dentro de un circulo y el c\u00f3digo del fabricante\u00a0&#8220;L2\/57&#8221;. &#8230; <a title=\"SS\/SA, M33 Service Dagger Hanger &#8212; SS-SA\/ Suspensor M33 para Daga\" class=\"read-more\" href=\"https:\/\/original-militaria.com\/en\/producto\/ss-sa-suspensor-para-daga-2\/\" aria-label=\"Read more about SS\/SA, M33 Service Dagger Hanger &#8212; SS-SA\/ Suspensor M33 para Daga\">Leer m\u00e1s<\/a><\/p>\n","protected":false},"featured_media":16663,"template":"","meta":[],"product_brand":[],"product_cat":[224],"product_tag":[],"class_list":{"0":"post-16662","1":"product","2":"type-product","3":"status-publish","4":"has-post-thumbnail","6":"product_cat-archivo-vendidos","7":"sales-flash-overlay","8":"woocommerce-text-align-center","9":"woocommerce-image-align-center","10":"do-quantity-buttons","12":"first","13":"outofstock","14":"shipping-taxable","15":"product-type-simple"},"_links":{"self":[{"href":"https:\/\/original-militaria.com\/en\/wp-json\/wp\/v2\/product\/16662","targetHints":{"allow":["GET"]}}],"collection":[{"href":"https:\/\/original-militaria.com\/en\/wp-json\/wp\/v2\/product"}],"about":[{"href":"https:\/\/original-militaria.com\/en\/wp-json\/wp\/v2\/types\/product"}],"wp:featuredmedia":[{"embeddable":true,"href":"https:\/\/original-militaria.com\/en\/wp-json\/wp\/v2\/media\/16663"}],"wp:attachment":[{"href":"https:\/\/original-militaria.com\/en\/wp-json\/wp\/v2\/media?parent=16662"}],"wp:term":[{"taxonomy":"product_brand","embeddable":true,"href":"https:\/\/original-militaria.com\/en\/wp-json\/wp\/v2\/product_brand?post=16662"},{"taxonomy":"product_cat","embeddable":true,"href":"https:\/\/original-militaria.com\/en\/wp-json\/wp\/v2\/product_cat?post=16662"},{"taxonomy":"product_tag","embeddable":true,"href":"https:\/\/original-militaria.com\/en\/wp-json\/wp\/v2\/product_tag?post=16662"}],"curies":[{"name":"wp","href":"https:\/\/api.w.org\/{rel}","templated":true}]}}