{"id":16590,"date":"2018-01-16T17:56:28","date_gmt":"2018-01-16T17:56:28","guid":{"rendered":"https:\/\/original-militaria.com\/?post_type=product&#038;p=16590"},"modified":"2019-04-29T10:00:52","modified_gmt":"2019-04-29T10:00:52","slug":"condecoracion-suiza-de-tiro-con-revolver-de-1944","status":"publish","type":"product","link":"https:\/\/original-militaria.com\/en\/producto\/condecoracion-suiza-de-tiro-con-revolver-de-1944\/","title":{"rendered":"Condecoraci\u00f3n Suiza de Tiro con Revolver de 1944"},"content":{"rendered":"<p style=\"text-align: justify\"><span style=\"font-family: verdana, geneva, sans-serif;font-size: 12pt\"><strong>DESCRIPCION:<\/strong>\u00a0Condecoraci\u00f3n Suiza con su cinta con la inscripci\u00f3n\u00a0<strong>&#8220;Auszeichnung, Grenzw\u00e4chter schiessen graub\u00fcnden revolver&#8221;<\/strong>, (Premio de tiro con revolver del Cuerpo de Guardias Fronterizos del Cant\u00f3n de los Grisones).\u00a0<\/span><span style=\"font-family: verdana, geneva, sans-serif;font-size: 12pt\">Fabricada en metal no ferroso con\u00a0la Cruz Suiza\u00a0en el centro y manufactura del fabricante al reverso.\u00a0Rara y muy bonita.<\/span><\/p>\n","protected":false},"excerpt":{"rendered":"<p>DESCRIPCION:\u00a0Condecoraci\u00f3n Suiza con su cinta con la inscripci\u00f3n\u00a0&#8220;Auszeichnung, Grenzw\u00e4chter schiessen graub\u00fcnden revolver&#8221;, (Premio de tiro con revolver del Cuerpo de Guardias Fronterizos del Cant\u00f3n de los Grisones).\u00a0Fabricada en metal no ferroso con\u00a0la Cruz Suiza\u00a0en el centro y manufactura del fabricante al reverso.\u00a0Rara y muy bonita.<\/p>\n","protected":false},"featured_media":16591,"template":"","meta":[],"product_brand":[],"product_cat":[176],"product_tag":[],"class_list":{"0":"post-16590","1":"product","2":"type-product","3":"status-publish","4":"has-post-thumbnail","6":"product_cat-militaria-otras-naciones","7":"sales-flash-overlay","8":"woocommerce-text-align-center","9":"woocommerce-image-align-center","10":"do-quantity-buttons","12":"first","13":"instock","14":"sold-individually","15":"shipping-taxable","16":"purchasable","17":"product-type-simple"},"_links":{"self":[{"href":"https:\/\/original-militaria.com\/en\/wp-json\/wp\/v2\/product\/16590","targetHints":{"allow":["GET"]}}],"collection":[{"href":"https:\/\/original-militaria.com\/en\/wp-json\/wp\/v2\/product"}],"about":[{"href":"https:\/\/original-militaria.com\/en\/wp-json\/wp\/v2\/types\/product"}],"wp:featuredmedia":[{"embeddable":true,"href":"https:\/\/original-militaria.com\/en\/wp-json\/wp\/v2\/media\/16591"}],"wp:attachment":[{"href":"https:\/\/original-militaria.com\/en\/wp-json\/wp\/v2\/media?parent=16590"}],"wp:term":[{"taxonomy":"product_brand","embeddable":true,"href":"https:\/\/original-militaria.com\/en\/wp-json\/wp\/v2\/product_brand?post=16590"},{"taxonomy":"product_cat","embeddable":true,"href":"https:\/\/original-militaria.com\/en\/wp-json\/wp\/v2\/product_cat?post=16590"},{"taxonomy":"product_tag","embeddable":true,"href":"https:\/\/original-militaria.com\/en\/wp-json\/wp\/v2\/product_tag?post=16590"}],"curies":[{"name":"wp","href":"https:\/\/api.w.org\/{rel}","templated":true}]}}