{"id":16569,"date":"2018-01-14T12:01:44","date_gmt":"2018-01-14T12:01:44","guid":{"rendered":"https:\/\/original-militaria.com\/?post_type=product&#038;p=16569"},"modified":"2022-02-08T18:52:29","modified_gmt":"2022-02-08T17:52:29","slug":"wh-cruz-al-merito-de-guerra-de-segunda-clase","status":"publish","type":"product","link":"https:\/\/original-militaria.com\/en\/producto\/wh-cruz-al-merito-de-guerra-de-segunda-clase\/","title":{"rendered":"War Merit Cross 2Nd Class with Swords &#8212; Wehrmacht\/ Cruz al M\u00e9rito de Guerra de Segunda Clase con Espadas"},"content":{"rendered":"<p style=\"text-align: justify;\" align=\"justify\"><span style=\"font-size: 12pt; font-family: verdana, geneva, sans-serif;\"><strong>ANTECEDENTES:<\/strong>\u00a0La cruz del m\u00e9rito de la guerra fue instituida el 18 de octubre de 1939, en dos clases, con y sin las espadas, para la concesi\u00f3n al personal civil (incluidos extranjeros y mujeres) y a los militares, para el servicio y\/o el valor ejemplar en el esfuerzo de la guerra de Alemania, en un papel de no combatiente. La adici\u00f3n de espadas a la concesi\u00f3n signific\u00f3 valor mientras que las concesiones sin las espadas fueron concedidas para el servicio.\u00a0<\/span><\/p>\n<p style=\"text-align: justify;\" align=\"justify\"><span style=\"font-size: 12pt; font-family: verdana, geneva, sans-serif;\"><strong>DESCRIPCI\u00d3N: <\/strong>Excelente<strong>\u00a0<\/strong>Cruz al M\u00e9rito de Guerra (Kriegsverdienskreuz,\u00a0KVK) de segunda clase con su larga cinta fabricada en zinc, versi\u00f3n bronce con espadas.\u00a0Est\u00e1\u00a0bajo la forma de la cruz maltesa con una pieza central circular realzada,\u00a0esv\u00e1stica biselada cercada por una guirnalda con hojas de roble. Las espadas, indican valor, y emanan hacia\u00a0arriba entre los brazos de la cruz. El\u00a0centro del fondo de la pieza es liso, mientras que el fondo de los brazos de la cruz, est\u00e1n granulados, con los bordes\u00a0levantados. Los brazos de la cruz y las espadas est\u00e1n al rev\u00e9s, dando la pieza central circular un impresionante aspecto. Perfecto estado conservando su ba\u00f1o de bronce al 100%.<\/span><\/p>\n","protected":false},"excerpt":{"rendered":"<p>ANTECEDENTES:\u00a0La cruz del m\u00e9rito de la guerra fue instituida el 18 de octubre de 1939, en dos clases, con y sin las espadas, para la concesi\u00f3n al personal civil (incluidos extranjeros y mujeres) y a los militares, para el servicio y\/o el valor ejemplar en el esfuerzo de la guerra de Alemania, en un papel &#8230; <a title=\"War Merit Cross 2Nd Class with Swords &#8212; Wehrmacht\/ Cruz al M\u00e9rito de Guerra de Segunda Clase con Espadas\" class=\"read-more\" href=\"https:\/\/original-militaria.com\/en\/producto\/wh-cruz-al-merito-de-guerra-de-segunda-clase\/\" aria-label=\"Read more about War Merit Cross 2Nd Class with Swords &#8212; Wehrmacht\/ Cruz al M\u00e9rito de Guerra de Segunda Clase con Espadas\">Leer m\u00e1s<\/a><\/p>\n","protected":false},"featured_media":16570,"template":"","meta":[],"product_brand":[],"product_cat":[172,224],"product_tag":[],"class_list":{"0":"post-16569","1":"product","2":"type-product","3":"status-publish","4":"has-post-thumbnail","6":"product_cat-militaria-alemana-ww2","7":"product_cat-archivo-vendidos","8":"sales-flash-overlay","9":"woocommerce-text-align-center","10":"woocommerce-image-align-center","11":"do-quantity-buttons","13":"first","14":"outofstock","15":"sold-individually","16":"shipping-taxable","17":"product-type-simple"},"_links":{"self":[{"href":"https:\/\/original-militaria.com\/en\/wp-json\/wp\/v2\/product\/16569","targetHints":{"allow":["GET"]}}],"collection":[{"href":"https:\/\/original-militaria.com\/en\/wp-json\/wp\/v2\/product"}],"about":[{"href":"https:\/\/original-militaria.com\/en\/wp-json\/wp\/v2\/types\/product"}],"wp:featuredmedia":[{"embeddable":true,"href":"https:\/\/original-militaria.com\/en\/wp-json\/wp\/v2\/media\/16570"}],"wp:attachment":[{"href":"https:\/\/original-militaria.com\/en\/wp-json\/wp\/v2\/media?parent=16569"}],"wp:term":[{"taxonomy":"product_brand","embeddable":true,"href":"https:\/\/original-militaria.com\/en\/wp-json\/wp\/v2\/product_brand?post=16569"},{"taxonomy":"product_cat","embeddable":true,"href":"https:\/\/original-militaria.com\/en\/wp-json\/wp\/v2\/product_cat?post=16569"},{"taxonomy":"product_tag","embeddable":true,"href":"https:\/\/original-militaria.com\/en\/wp-json\/wp\/v2\/product_tag?post=16569"}],"curies":[{"name":"wp","href":"https:\/\/api.w.org\/{rel}","templated":true}]}}