{"id":16564,"date":"2018-01-14T11:53:00","date_gmt":"2018-01-14T11:53:00","guid":{"rendered":"https:\/\/original-militaria.com\/?post_type=product&#038;p=16564"},"modified":"2022-01-31T19:08:59","modified_gmt":"2022-01-31T18:08:59","slug":"wh-medalla-por-4-anos-de-servicios-leales","status":"publish","type":"product","link":"https:\/\/original-militaria.com\/en\/producto\/wh-medalla-por-4-anos-de-servicios-leales\/","title":{"rendered":"Wehrmacht\/ Four Year Long Service Medal  &#8212;-  Wehrmact\/ Medalla por 4 A\u00f1os de Servicios Leales"},"content":{"rendered":"<p style=\"text-align: justify\" align=\"justify\"><span style=\"font-size: 12pt;font-family: verdana, geneva, sans-serif\"><strong>ANTECEDENTES:<\/strong>\u00a0El 16 de marzo de 1936, un a\u00f1o despu\u00e9s de la reintroducci\u00f3n de la conscripci\u00f3n militar, Adolf Hitler instituy\u00f3 la condecoraci\u00f3n para las Fuerzas Armadas (Wehrmacht) por\u00a0servicios fieles prestados durante largo tiempo para recompensar el personal militar en todas las ramas de servicio. Se establecieron en cuatro clases, de cuatro, doce, dieciocho y veinticinco a\u00f1os de servicio respectivamente. El 10 de marzo de 1939 Hitler amplia la serie\u00a0con la introducci\u00f3n de una con hojas de roble dorada que se adjunta a la cinta de los veinticinco a\u00f1os de servicio para indicar cuarenta a\u00f1os de servicio. Este ejemplo es la cuarta clase de medallas concedidas por un per\u00edodo de cuatro a\u00f1os de leal servicio.<\/span><\/p>\n<p style=\"text-align: justify\"><span style=\"font-size: 12pt;font-family: verdana, geneva, sans-serif\"><strong>DESCRIPCION:<\/strong>\u00a0Medalla para cuatro a\u00f1os de servicios leales en\u00a0la Wehrmacht\u00a0\u00a0(Dienstauszeichnung des Heeres f\u00fcr 4 Jahre), de\u00a0cuarta categor\u00eda, plata,\u00a0cuenta con un \u00e1guila nacional en relieve de estilo Wehrmacht\u00a0con las alas barridas sujetando una esv\u00e1stica en sus garras, que abarca una escritura g\u00f3tica <strong>&#8220;Treue\u00a0Dienste in der Wehrmacht&#8221;<\/strong> (leales servicios en las Fuerzas Armadas), sobre un fondo liso. En el reverso tiene en el centro, en relieve tambi\u00e9n el n\u00famero <strong>&#8220;4&#8221;<\/strong>\u00a0sobre base lisa rodeada por una circular corona de hojas de roble. La cinta de suspensi\u00f3n de ray\u00f3n color azul tiene tiene una de las caras muy descolorida, se nota que se ha llevado. Sin limpiar.<\/span><\/p>\n","protected":false},"excerpt":{"rendered":"<p>ANTECEDENTES:\u00a0El 16 de marzo de 1936, un a\u00f1o despu\u00e9s de la reintroducci\u00f3n de la conscripci\u00f3n militar, Adolf Hitler instituy\u00f3 la condecoraci\u00f3n para las Fuerzas Armadas (Wehrmacht) por\u00a0servicios fieles prestados durante largo tiempo para recompensar el personal militar en todas las ramas de servicio. Se establecieron en cuatro clases, de cuatro, doce, dieciocho y veinticinco a\u00f1os &#8230; <a title=\"Wehrmacht\/ Four Year Long Service Medal  &#8212;-  Wehrmact\/ Medalla por 4 A\u00f1os de Servicios Leales\" class=\"read-more\" href=\"https:\/\/original-militaria.com\/en\/producto\/wh-medalla-por-4-anos-de-servicios-leales\/\" aria-label=\"Read more about Wehrmacht\/ Four Year Long Service Medal  &#8212;-  Wehrmact\/ Medalla por 4 A\u00f1os de Servicios Leales\">Leer m\u00e1s<\/a><\/p>\n","protected":false},"featured_media":16565,"template":"","meta":[],"product_brand":[],"product_cat":[224],"product_tag":[],"class_list":{"0":"post-16564","1":"product","2":"type-product","3":"status-publish","4":"has-post-thumbnail","6":"product_cat-archivo-vendidos","7":"sales-flash-overlay","8":"woocommerce-text-align-center","9":"woocommerce-image-align-center","10":"do-quantity-buttons","12":"first","13":"outofstock","14":"sold-individually","15":"shipping-taxable","16":"product-type-simple"},"_links":{"self":[{"href":"https:\/\/original-militaria.com\/en\/wp-json\/wp\/v2\/product\/16564","targetHints":{"allow":["GET"]}}],"collection":[{"href":"https:\/\/original-militaria.com\/en\/wp-json\/wp\/v2\/product"}],"about":[{"href":"https:\/\/original-militaria.com\/en\/wp-json\/wp\/v2\/types\/product"}],"wp:featuredmedia":[{"embeddable":true,"href":"https:\/\/original-militaria.com\/en\/wp-json\/wp\/v2\/media\/16565"}],"wp:attachment":[{"href":"https:\/\/original-militaria.com\/en\/wp-json\/wp\/v2\/media?parent=16564"}],"wp:term":[{"taxonomy":"product_brand","embeddable":true,"href":"https:\/\/original-militaria.com\/en\/wp-json\/wp\/v2\/product_brand?post=16564"},{"taxonomy":"product_cat","embeddable":true,"href":"https:\/\/original-militaria.com\/en\/wp-json\/wp\/v2\/product_cat?post=16564"},{"taxonomy":"product_tag","embeddable":true,"href":"https:\/\/original-militaria.com\/en\/wp-json\/wp\/v2\/product_tag?post=16564"}],"curies":[{"name":"wp","href":"https:\/\/api.w.org\/{rel}","templated":true}]}}