{"id":16479,"date":"2017-12-06T15:07:52","date_gmt":"2017-12-06T15:07:52","guid":{"rendered":"https:\/\/original-militaria.com\/?post_type=product&#038;p=16479"},"modified":"2022-01-31T19:08:59","modified_gmt":"2022-01-31T18:08:59","slug":"wh-heer-concesion-y-su-medalla-del-primer-invierno-en-rusia-1941-42","status":"publish","type":"product","link":"https:\/\/original-militaria.com\/en\/producto\/wh-heer-concesion-y-su-medalla-del-primer-invierno-en-rusia-1941-42\/","title":{"rendered":"Wehrmacht\/Herr Russian Front Medal 1941\/42 Award Document with Medal &#8212; WH\/ HEER Concesi\u00f3n y su Medalla del primer Invierno en Rusia, 1941\/42"},"content":{"rendered":"<p style=\"text-align: justify\"><span style=\"font-family: verdana, geneva, sans-serif\"><strong>ANTECEDENTES:<\/strong>\u00a0El Bau-Batl. 136 (batall\u00f3n de ingenieros 136),\u00a0fue creado\u00a0 el 26 de agosto de 1939 en Gerolstein, en el distrito XII.\u00a0En febrero de 1940, el batall\u00f3n estaba en el distrito militar IV de la WH. Fue ampliamente utilizado, estando en diversos frentes, Rusia Central,\u00a0el \u00e1rea de Vitebsk, Prussia del este, etc.\u00a0<\/span><\/p>\n<p style=\"text-align: justify\"><span style=\"font-family: verdana, geneva, sans-serif\"><strong>DESCRIPCION:<\/strong> Concesi\u00f3n, sobre y medalla (Ostmedaille) con su cinta del primer invierno en Rusia (Winterschlacht im Osten 1941-42). La concesi\u00f3n est\u00e1 fechada el 21 de agosto de 1942 a un Cabo (Gefreiten) perteneciente al\u00a0\u00a0Bau-Batl. 136 estando operando en el frente del Este con el 3er ej\u00e9rcito panzer. A la concesi\u00f3n por desgracia, se le pego parte de otro documento al estar archivado (m\u00ednimo) en el lateral izquierdo. La medalla, conocida como la medalla de &#8220;La carne congelada&#8221; es redonda con una forma c\u00f3ncava, fabricada en cinc y en &#8220;buntmetall&#8221; o metal de guerra, tiene un \u00e1guila WH con las alas barridas hacia abajo sujetando una esv\u00e1stica superpuesta a una hoja de roble, anilla sobre casco modelo 35 con granada de palo en el interior. El anverso es convexo con la leyenda &#8220;Winterschlacht im Osten 1941\/42&#8221; (Batalla en invierno del Este 1941\/42) adem\u00e1s de una espada cruzada con una hoja de roble. La cinta tiene los colores rojos con una franja negra y blanca, siendo la negra el doble que la blanca, se cree que el rojo responde a la sangre vertida en la lucha, el blanco la nieve y el negro honra a la memoria de los ca\u00eddos en la batalla. buen estado general.<\/span><\/p>\n","protected":false},"excerpt":{"rendered":"<p>ANTECEDENTES:\u00a0El Bau-Batl. 136 (batall\u00f3n de ingenieros 136),\u00a0fue creado\u00a0 el 26 de agosto de 1939 en Gerolstein, en el distrito XII.\u00a0En febrero de 1940, el batall\u00f3n estaba en el distrito militar IV de la WH. Fue ampliamente utilizado, estando en diversos frentes, Rusia Central,\u00a0el \u00e1rea de Vitebsk, Prussia del este, etc.\u00a0 DESCRIPCION: Concesi\u00f3n, sobre y medalla &#8230; <a title=\"Wehrmacht\/Herr Russian Front Medal 1941\/42 Award Document with Medal &#8212; WH\/ HEER Concesi\u00f3n y su Medalla del primer Invierno en Rusia, 1941\/42\" class=\"read-more\" href=\"https:\/\/original-militaria.com\/en\/producto\/wh-heer-concesion-y-su-medalla-del-primer-invierno-en-rusia-1941-42\/\" aria-label=\"Read more about Wehrmacht\/Herr Russian Front Medal 1941\/42 Award Document with Medal &#8212; WH\/ HEER Concesi\u00f3n y su Medalla del primer Invierno en Rusia, 1941\/42\">Leer m\u00e1s<\/a><\/p>\n","protected":false},"featured_media":16487,"template":"","meta":[],"product_brand":[],"product_cat":[224],"product_tag":[],"class_list":{"0":"post-16479","1":"product","2":"type-product","3":"status-publish","4":"has-post-thumbnail","6":"product_cat-archivo-vendidos","7":"sales-flash-overlay","8":"woocommerce-text-align-center","9":"woocommerce-image-align-center","10":"do-quantity-buttons","12":"first","13":"outofstock","14":"sold-individually","15":"shipping-taxable","16":"product-type-simple"},"_links":{"self":[{"href":"https:\/\/original-militaria.com\/en\/wp-json\/wp\/v2\/product\/16479","targetHints":{"allow":["GET"]}}],"collection":[{"href":"https:\/\/original-militaria.com\/en\/wp-json\/wp\/v2\/product"}],"about":[{"href":"https:\/\/original-militaria.com\/en\/wp-json\/wp\/v2\/types\/product"}],"wp:featuredmedia":[{"embeddable":true,"href":"https:\/\/original-militaria.com\/en\/wp-json\/wp\/v2\/media\/16487"}],"wp:attachment":[{"href":"https:\/\/original-militaria.com\/en\/wp-json\/wp\/v2\/media?parent=16479"}],"wp:term":[{"taxonomy":"product_brand","embeddable":true,"href":"https:\/\/original-militaria.com\/en\/wp-json\/wp\/v2\/product_brand?post=16479"},{"taxonomy":"product_cat","embeddable":true,"href":"https:\/\/original-militaria.com\/en\/wp-json\/wp\/v2\/product_cat?post=16479"},{"taxonomy":"product_tag","embeddable":true,"href":"https:\/\/original-militaria.com\/en\/wp-json\/wp\/v2\/product_tag?post=16479"}],"curies":[{"name":"wp","href":"https:\/\/api.w.org\/{rel}","templated":true}]}}