{"id":16453,"date":"2017-12-06T15:13:46","date_gmt":"2017-12-06T15:13:46","guid":{"rendered":"https:\/\/original-militaria.com\/?post_type=product&#038;p=16453"},"modified":"2022-01-31T19:08:59","modified_gmt":"2022-01-31T18:08:59","slug":"dak-lw-salacot-italiano","status":"publish","type":"product","link":"https:\/\/original-militaria.com\/en\/producto\/dak-lw-salacot-italiano\/","title":{"rendered":"Luftwaffe\/DAK, Tropical Italian Piht Helmet  LW\/DAK, Salacot Italiano"},"content":{"rendered":"<p style=\"text-align: justify\"><span style=\"font-family: verdana, geneva, sans-serif\"><strong>ANTECEDENTES:<\/strong>\u00a0A finales de 1940, con la entrada inminente de Alemania en la campa\u00f1a de \u00c1frica del norte, todos los equipos tropicales fueron desarrollados r\u00e1pidamente para DAK, Deutsches Afrika Korps, para la llegada de las tropas a Tr\u00edpoli en febrero de 1941. Uno de los nuevos art\u00edculos introducidos era el casco tropical. En su principio el casco fue construido con una base formada de corcho con una cubierta de tela cruzada de algod\u00f3n, hasta que un segundo casco fue introducido con una base formada de corcho con una cubierta del fieltro. El segundo casco sigui\u00f3 el mismo dise\u00f1o b\u00e1sico que el primero pero fue modificado para facilitar costes, tiempo y material en la producci\u00f3n. El uso de los cascos fue ampliado a las tropas en \u00e1reas meridionales de Europa continental, pero los cascos probaron su ineficacia y su impopularidad y la fabricaci\u00f3n solo continuo hasta 1942.<\/span><\/p>\n<p style=\"text-align: justify\"><span style=\"font-family: verdana, geneva, sans-serif\"><strong>DESCRIPCION:<\/strong>\u00a0Salacot (Tropenhelm) Italiano\u00a0reutilizado\u00a0por un miembro de la Luftwaffe destinado en \u00c1frica, (se encuentran fotos de este hecho) el cual le puso el \u00e1guila de la LWl, modelo en lona de color caqui, completo con su barboquejo,\u00a0en el interior lleva la talla, una &#8220;54&#8221;. Tiene diversas rasgaduras y el barboquejo est\u00e1 estropeado, pero tiene un precio muy aceptable.<\/span><\/p>\n","protected":false},"excerpt":{"rendered":"<p>ANTECEDENTES:\u00a0A finales de 1940, con la entrada inminente de Alemania en la campa\u00f1a de \u00c1frica del norte, todos los equipos tropicales fueron desarrollados r\u00e1pidamente para DAK, Deutsches Afrika Korps, para la llegada de las tropas a Tr\u00edpoli en febrero de 1941. Uno de los nuevos art\u00edculos introducidos era el casco tropical. En su principio el &#8230; <a title=\"Luftwaffe\/DAK, Tropical Italian Piht Helmet  LW\/DAK, Salacot Italiano\" class=\"read-more\" href=\"https:\/\/original-militaria.com\/en\/producto\/dak-lw-salacot-italiano\/\" aria-label=\"Read more about Luftwaffe\/DAK, Tropical Italian Piht Helmet  LW\/DAK, Salacot Italiano\">Leer m\u00e1s<\/a><\/p>\n","protected":false},"featured_media":16454,"template":"","meta":[],"product_brand":[],"product_cat":[172,224],"product_tag":[],"class_list":{"0":"post-16453","1":"product","2":"type-product","3":"status-publish","4":"has-post-thumbnail","6":"product_cat-militaria-alemana-ww2","7":"product_cat-archivo-vendidos","8":"sales-flash-overlay","9":"woocommerce-text-align-center","10":"woocommerce-image-align-center","11":"do-quantity-buttons","13":"first","14":"outofstock","15":"sold-individually","16":"shipping-taxable","17":"product-type-simple"},"_links":{"self":[{"href":"https:\/\/original-militaria.com\/en\/wp-json\/wp\/v2\/product\/16453","targetHints":{"allow":["GET"]}}],"collection":[{"href":"https:\/\/original-militaria.com\/en\/wp-json\/wp\/v2\/product"}],"about":[{"href":"https:\/\/original-militaria.com\/en\/wp-json\/wp\/v2\/types\/product"}],"wp:featuredmedia":[{"embeddable":true,"href":"https:\/\/original-militaria.com\/en\/wp-json\/wp\/v2\/media\/16454"}],"wp:attachment":[{"href":"https:\/\/original-militaria.com\/en\/wp-json\/wp\/v2\/media?parent=16453"}],"wp:term":[{"taxonomy":"product_brand","embeddable":true,"href":"https:\/\/original-militaria.com\/en\/wp-json\/wp\/v2\/product_brand?post=16453"},{"taxonomy":"product_cat","embeddable":true,"href":"https:\/\/original-militaria.com\/en\/wp-json\/wp\/v2\/product_cat?post=16453"},{"taxonomy":"product_tag","embeddable":true,"href":"https:\/\/original-militaria.com\/en\/wp-json\/wp\/v2\/product_tag?post=16453"}],"curies":[{"name":"wp","href":"https:\/\/api.w.org\/{rel}","templated":true}]}}